{"id":161,"date":"2025-09-09T13:36:55","date_gmt":"2025-09-09T11:36:55","guid":{"rendered":"https:\/\/batiderm.fr\/?page_id=161"},"modified":"2025-12-14T11:54:01","modified_gmt":"2025-12-14T09:54:01","slug":"diagnostic-infra-rouge","status":"publish","type":"page","link":"https:\/\/batiderm.fr\/index.php\/diagnostic-infra-rouge\/","title":{"rendered":"Diagnostic Infra Rouge"},"content":{"rendered":"\n<h1 class=\"wp-block-heading has-text-align-center has-large-font-size\"><strong>Une prestation \u00e9conomique et qualitative : Le diagnostic infra-rouge<\/strong><\/h1>\n\n\n\n<p>Un diagnostic \u00e9nerg\u00e9tique vous permettra de mieux comprendre vos factures \u00e9nerg\u00e9tiques et d&rsquo;identifier les moyens \u00e0 mettre en \u0153uvre pour les r\u00e9duire. Notre diagnostic est bas\u00e9 sur diff\u00e9rents relev\u00e9s dont un relev\u00e9 de fonctionnement de la ventilation et une thermographie infra-rouge comment\u00e9e de votre logement.<\/p>\n\n\n\n<div class=\"wp-block-columns are-vertically-aligned-center is-layout-flex wp-container-core-columns-is-layout-b0bab6eb wp-block-columns-is-layout-flex\" style=\"margin-top:var(--wp--preset--spacing--40);margin-bottom:var(--wp--preset--spacing--40)\">\n<div class=\"wp-block-column is-vertically-aligned-center is-layout-flow wp-block-column-is-layout-flow\">\n<figure class=\"wp-block-image aligncenter size-full\"><img loading=\"lazy\" decoding=\"async\" width=\"292\" height=\"390\" src=\"https:\/\/batiderm.fr\/wp-content\/uploads\/2025\/08\/DC_1452fusr.jpg\" alt=\"\" class=\"wp-image-32\" srcset=\"https:\/\/batiderm.fr\/wp-content\/uploads\/2025\/08\/DC_1452fusr.jpg 292w, https:\/\/batiderm.fr\/wp-content\/uploads\/2025\/08\/DC_1452fusr-225x300.jpg 225w\" sizes=\"auto, (max-width: 292px) 100vw, 292px\" \/><\/figure>\n<\/div>\n\n\n\n<div class=\"wp-block-column is-vertically-aligned-center is-layout-flow wp-block-column-is-layout-flow\">\n<p>Co\u00fbt de la prestation : de 150 \u00e0 750 euros (suivant complexit\u00e9 du b\u00e2ti et options choisies)Visite : Visite de l\u2019ensemble de la maison. Examen visuel. Thermographie&nbsp;infra-rouge pour valider la qualit\u00e9 de l&rsquo;isolation&nbsp;thermique et d&rsquo;\u00e9tanch\u00e9it\u00e9 \u00e0 l&rsquo;air. V\u00e9rification des factures.&nbsp;Conseils. Dur\u00e9e typique de la visite : 2H<\/p>\n\n\n\n<p>Rapport (optionnel) :&nbsp;R\u00e9daction d&rsquo;un bref rapport de visite avec pr\u00e9conisations&nbsp;d&rsquo;am\u00e9liorations. Envoi du rapport par courriel et disponibilit\u00e9 t\u00e9l\u00e9phonique pour r\u00e9pondre \u00e0 vos questions.<\/p>\n\n\n\n<p>Analyse comment\u00e9e des clich\u00e9s IR (optionnel) :&nbsp;En fonction des r\u00e9sultats obtenus lors du relev\u00e9 IR, cette&nbsp;option pourra \u00eatre ajout\u00e9e. Elle consiste dans l\u2019int\u00e9gration&nbsp;au rapport de visite des clich\u00e9s IR et dans analyse (commentaires&nbsp;et interpr\u00e9tation) des clich\u00e9s.<\/p>\n<\/div>\n\n\n\n<div class=\"wp-block-column is-vertically-aligned-center is-layout-flow wp-block-column-is-layout-flow\">\n<figure class=\"wp-block-image size-full\"><img loading=\"lazy\" decoding=\"async\" width=\"292\" height=\"390\" src=\"https:\/\/batiderm.fr\/wp-content\/uploads\/2025\/08\/DC_1452fusr.jpg\" alt=\"\" class=\"wp-image-32\" srcset=\"https:\/\/batiderm.fr\/wp-content\/uploads\/2025\/08\/DC_1452fusr.jpg 292w, https:\/\/batiderm.fr\/wp-content\/uploads\/2025\/08\/DC_1452fusr-225x300.jpg 225w\" sizes=\"auto, (max-width: 292px) 100vw, 292px\" \/><\/figure>\n<\/div>\n<\/div>\n\n\n\n<div class=\"wp-block-columns is-layout-flex wp-container-core-columns-is-layout-28f84493 wp-block-columns-is-layout-flex\">\n<div class=\"wp-block-column is-layout-flow wp-block-column-is-layout-flow\">\n<figure class=\"wp-block-image size-full\"><img loading=\"lazy\" decoding=\"async\" width=\"575\" height=\"279\" src=\"https:\/\/batiderm.fr\/wp-content\/uploads\/2025\/08\/IR_HEB_3.jpg\" alt=\"\" class=\"wp-image-17\" srcset=\"https:\/\/batiderm.fr\/wp-content\/uploads\/2025\/08\/IR_HEB_3.jpg 575w, https:\/\/batiderm.fr\/wp-content\/uploads\/2025\/08\/IR_HEB_3-300x146.jpg 300w\" sizes=\"auto, (max-width: 575px) 100vw, 575px\" \/><\/figure>\n<\/div>\n\n\n\n<div class=\"wp-block-column is-layout-flow wp-block-column-is-layout-flow\">\n<figure class=\"wp-block-image size-large\"><img loading=\"lazy\" decoding=\"async\" width=\"1024\" height=\"609\" src=\"https:\/\/batiderm.fr\/wp-content\/uploads\/2025\/08\/IR_HEB_1-1024x609.jpg\" alt=\"\" class=\"wp-image-16\" srcset=\"https:\/\/batiderm.fr\/wp-content\/uploads\/2025\/08\/IR_HEB_1-1024x609.jpg 1024w, https:\/\/batiderm.fr\/wp-content\/uploads\/2025\/08\/IR_HEB_1-300x178.jpg 300w, https:\/\/batiderm.fr\/wp-content\/uploads\/2025\/08\/IR_HEB_1-768x456.jpg 768w, https:\/\/batiderm.fr\/wp-content\/uploads\/2025\/08\/IR_HEB_1.jpg 1166w\" sizes=\"auto, (max-width: 1024px) 100vw, 1024px\" \/><\/figure>\n<\/div>\n<\/div>\n","protected":false},"excerpt":{"rendered":"<p>Une prestation \u00e9conomique et qualitative : Le diagnostic infra-rouge Un diagnostic \u00e9nerg\u00e9tique vous permettra de mieux comprendre vos factures \u00e9nerg\u00e9tiques et d&rsquo;identifier les moyens \u00e0 mettre en \u0153uvre pour les r\u00e9duire. Notre diagnostic est bas\u00e9 sur diff\u00e9rents relev\u00e9s dont un relev\u00e9 de fonctionnement de la ventilation et une thermographie infra-rouge comment\u00e9e de votre logement. Co\u00fbt [&hellip;]<\/p>\n","protected":false},"author":1,"featured_media":0,"parent":0,"menu_order":0,"comment_status":"closed","ping_status":"closed","template":"page-with-sidebar","meta":{"footnotes":""},"class_list":["post-161","page","type-page","status-publish","hentry"],"yoast_head":"<!-- This site is optimized with the Yoast SEO plugin v27.2 - https:\/\/yoast.com\/product\/yoast-seo-wordpress\/ -->\n<title>Diagnostic Infra Rouge - Batiderm<\/title>\n<meta name=\"robots\" content=\"index, follow, max-snippet:-1, max-image-preview:large, max-video-preview:-1\" \/>\n<link rel=\"canonical\" href=\"https:\/\/batiderm.fr\/index.php\/diagnostic-infra-rouge\/\" \/>\n<meta property=\"og:locale\" content=\"fr_FR\" \/>\n<meta property=\"og:type\" content=\"article\" \/>\n<meta property=\"og:title\" content=\"Diagnostic Infra Rouge - Batiderm\" \/>\n<meta property=\"og:description\" content=\"Une prestation \u00e9conomique et qualitative : Le diagnostic infra-rouge Un diagnostic \u00e9nerg\u00e9tique vous permettra de mieux comprendre vos factures \u00e9nerg\u00e9tiques et d&rsquo;identifier les moyens \u00e0 mettre en \u0153uvre pour les r\u00e9duire. Notre diagnostic est bas\u00e9 sur diff\u00e9rents relev\u00e9s dont un relev\u00e9 de fonctionnement de la ventilation et une thermographie infra-rouge comment\u00e9e de votre logement. Co\u00fbt [&hellip;]\" \/>\n<meta property=\"og:url\" content=\"https:\/\/batiderm.fr\/index.php\/diagnostic-infra-rouge\/\" \/>\n<meta property=\"og:site_name\" content=\"Batiderm\" \/>\n<meta property=\"article:publisher\" content=\"https:\/\/www.facebook.com\/p\/Btiderm-Ingnierie-100063553359377\/\" \/>\n<meta property=\"article:modified_time\" content=\"2025-12-14T09:54:01+00:00\" \/>\n<meta property=\"og:image\" content=\"https:\/\/batiderm.fr\/wp-content\/uploads\/2025\/08\/DC_1452fusr.jpg\" \/>\n\t<meta property=\"og:image:width\" content=\"292\" \/>\n\t<meta property=\"og:image:height\" content=\"390\" \/>\n\t<meta property=\"og:image:type\" content=\"image\/jpeg\" \/>\n<meta name=\"twitter:card\" content=\"summary_large_image\" \/>\n<meta name=\"twitter:label1\" content=\"Dur\u00e9e de lecture estim\u00e9e\" \/>\n\t<meta name=\"twitter:data1\" content=\"1 minute\" \/>\n<script type=\"application\/ld+json\" class=\"yoast-schema-graph\">{\"@context\":\"https:\/\/schema.org\",\"@graph\":[{\"@type\":\"WebPage\",\"@id\":\"https:\/\/batiderm.fr\/index.php\/diagnostic-infra-rouge\/\",\"url\":\"https:\/\/batiderm.fr\/index.php\/diagnostic-infra-rouge\/\",\"name\":\"Diagnostic Infra Rouge - Batiderm\",\"isPartOf\":{\"@id\":\"https:\/\/batiderm.fr\/#website\"},\"primaryImageOfPage\":{\"@id\":\"https:\/\/batiderm.fr\/index.php\/diagnostic-infra-rouge\/#primaryimage\"},\"image\":{\"@id\":\"https:\/\/batiderm.fr\/index.php\/diagnostic-infra-rouge\/#primaryimage\"},\"thumbnailUrl\":\"https:\/\/batiderm.fr\/wp-content\/uploads\/2025\/08\/DC_1452fusr.jpg\",\"datePublished\":\"2025-09-09T11:36:55+00:00\",\"dateModified\":\"2025-12-14T09:54:01+00:00\",\"breadcrumb\":{\"@id\":\"https:\/\/batiderm.fr\/index.php\/diagnostic-infra-rouge\/#breadcrumb\"},\"inLanguage\":\"fr-FR\",\"potentialAction\":[{\"@type\":\"ReadAction\",\"target\":[\"https:\/\/batiderm.fr\/index.php\/diagnostic-infra-rouge\/\"]}]},{\"@type\":\"ImageObject\",\"inLanguage\":\"fr-FR\",\"@id\":\"https:\/\/batiderm.fr\/index.php\/diagnostic-infra-rouge\/#primaryimage\",\"url\":\"https:\/\/batiderm.fr\/wp-content\/uploads\/2025\/08\/DC_1452fusr.jpg\",\"contentUrl\":\"https:\/\/batiderm.fr\/wp-content\/uploads\/2025\/08\/DC_1452fusr.jpg\",\"width\":292,\"height\":390},{\"@type\":\"BreadcrumbList\",\"@id\":\"https:\/\/batiderm.fr\/index.php\/diagnostic-infra-rouge\/#breadcrumb\",\"itemListElement\":[{\"@type\":\"ListItem\",\"position\":1,\"name\":\"Accueil\",\"item\":\"https:\/\/batiderm.fr\/\"},{\"@type\":\"ListItem\",\"position\":2,\"name\":\"Diagnostic Infra Rouge\"}]},{\"@type\":\"WebSite\",\"@id\":\"https:\/\/batiderm.fr\/#website\",\"url\":\"https:\/\/batiderm.fr\/\",\"name\":\"Batiderm\",\"description\":\"R\u00e9nover et r\u00e9habiliter, \u00e9conome et confortable\",\"publisher\":{\"@id\":\"https:\/\/batiderm.fr\/#organization\"},\"potentialAction\":[{\"@type\":\"SearchAction\",\"target\":{\"@type\":\"EntryPoint\",\"urlTemplate\":\"https:\/\/batiderm.fr\/?s={search_term_string}\"},\"query-input\":{\"@type\":\"PropertyValueSpecification\",\"valueRequired\":true,\"valueName\":\"search_term_string\"}}],\"inLanguage\":\"fr-FR\"},{\"@type\":\"Organization\",\"@id\":\"https:\/\/batiderm.fr\/#organization\",\"name\":\"Batiderm\",\"url\":\"https:\/\/batiderm.fr\/\",\"logo\":{\"@type\":\"ImageObject\",\"inLanguage\":\"fr-FR\",\"@id\":\"https:\/\/batiderm.fr\/#\/schema\/logo\/image\/\",\"url\":\"https:\/\/batiderm.fr\/wp-content\/uploads\/2025\/09\/Logo_BatidermIng_compact.jpg\",\"contentUrl\":\"https:\/\/batiderm.fr\/wp-content\/uploads\/2025\/09\/Logo_BatidermIng_compact.jpg\",\"width\":1354,\"height\":896,\"caption\":\"Batiderm\"},\"image\":{\"@id\":\"https:\/\/batiderm.fr\/#\/schema\/logo\/image\/\"},\"sameAs\":[\"https:\/\/www.facebook.com\/p\/Btiderm-Ingnierie-100063553359377\/\"]}]}<\/script>\n<!-- \/ Yoast SEO plugin. -->","yoast_head_json":{"title":"Diagnostic Infra Rouge - Batiderm","robots":{"index":"index","follow":"follow","max-snippet":"max-snippet:-1","max-image-preview":"max-image-preview:large","max-video-preview":"max-video-preview:-1"},"canonical":"https:\/\/batiderm.fr\/index.php\/diagnostic-infra-rouge\/","og_locale":"fr_FR","og_type":"article","og_title":"Diagnostic Infra Rouge - Batiderm","og_description":"Une prestation \u00e9conomique et qualitative : Le diagnostic infra-rouge Un diagnostic \u00e9nerg\u00e9tique vous permettra de mieux comprendre vos factures \u00e9nerg\u00e9tiques et d&rsquo;identifier les moyens \u00e0 mettre en \u0153uvre pour les r\u00e9duire. Notre diagnostic est bas\u00e9 sur diff\u00e9rents relev\u00e9s dont un relev\u00e9 de fonctionnement de la ventilation et une thermographie infra-rouge comment\u00e9e de votre logement. Co\u00fbt [&hellip;]","og_url":"https:\/\/batiderm.fr\/index.php\/diagnostic-infra-rouge\/","og_site_name":"Batiderm","article_publisher":"https:\/\/www.facebook.com\/p\/Btiderm-Ingnierie-100063553359377\/","article_modified_time":"2025-12-14T09:54:01+00:00","og_image":[{"width":292,"height":390,"url":"https:\/\/batiderm.fr\/wp-content\/uploads\/2025\/08\/DC_1452fusr.jpg","type":"image\/jpeg"}],"twitter_card":"summary_large_image","twitter_misc":{"Dur\u00e9e de lecture estim\u00e9e":"1 minute"},"schema":{"@context":"https:\/\/schema.org","@graph":[{"@type":"WebPage","@id":"https:\/\/batiderm.fr\/index.php\/diagnostic-infra-rouge\/","url":"https:\/\/batiderm.fr\/index.php\/diagnostic-infra-rouge\/","name":"Diagnostic Infra Rouge - Batiderm","isPartOf":{"@id":"https:\/\/batiderm.fr\/#website"},"primaryImageOfPage":{"@id":"https:\/\/batiderm.fr\/index.php\/diagnostic-infra-rouge\/#primaryimage"},"image":{"@id":"https:\/\/batiderm.fr\/index.php\/diagnostic-infra-rouge\/#primaryimage"},"thumbnailUrl":"https:\/\/batiderm.fr\/wp-content\/uploads\/2025\/08\/DC_1452fusr.jpg","datePublished":"2025-09-09T11:36:55+00:00","dateModified":"2025-12-14T09:54:01+00:00","breadcrumb":{"@id":"https:\/\/batiderm.fr\/index.php\/diagnostic-infra-rouge\/#breadcrumb"},"inLanguage":"fr-FR","potentialAction":[{"@type":"ReadAction","target":["https:\/\/batiderm.fr\/index.php\/diagnostic-infra-rouge\/"]}]},{"@type":"ImageObject","inLanguage":"fr-FR","@id":"https:\/\/batiderm.fr\/index.php\/diagnostic-infra-rouge\/#primaryimage","url":"https:\/\/batiderm.fr\/wp-content\/uploads\/2025\/08\/DC_1452fusr.jpg","contentUrl":"https:\/\/batiderm.fr\/wp-content\/uploads\/2025\/08\/DC_1452fusr.jpg","width":292,"height":390},{"@type":"BreadcrumbList","@id":"https:\/\/batiderm.fr\/index.php\/diagnostic-infra-rouge\/#breadcrumb","itemListElement":[{"@type":"ListItem","position":1,"name":"Accueil","item":"https:\/\/batiderm.fr\/"},{"@type":"ListItem","position":2,"name":"Diagnostic Infra Rouge"}]},{"@type":"WebSite","@id":"https:\/\/batiderm.fr\/#website","url":"https:\/\/batiderm.fr\/","name":"Batiderm","description":"R\u00e9nover et r\u00e9habiliter, \u00e9conome et confortable","publisher":{"@id":"https:\/\/batiderm.fr\/#organization"},"potentialAction":[{"@type":"SearchAction","target":{"@type":"EntryPoint","urlTemplate":"https:\/\/batiderm.fr\/?s={search_term_string}"},"query-input":{"@type":"PropertyValueSpecification","valueRequired":true,"valueName":"search_term_string"}}],"inLanguage":"fr-FR"},{"@type":"Organization","@id":"https:\/\/batiderm.fr\/#organization","name":"Batiderm","url":"https:\/\/batiderm.fr\/","logo":{"@type":"ImageObject","inLanguage":"fr-FR","@id":"https:\/\/batiderm.fr\/#\/schema\/logo\/image\/","url":"https:\/\/batiderm.fr\/wp-content\/uploads\/2025\/09\/Logo_BatidermIng_compact.jpg","contentUrl":"https:\/\/batiderm.fr\/wp-content\/uploads\/2025\/09\/Logo_BatidermIng_compact.jpg","width":1354,"height":896,"caption":"Batiderm"},"image":{"@id":"https:\/\/batiderm.fr\/#\/schema\/logo\/image\/"},"sameAs":["https:\/\/www.facebook.com\/p\/Btiderm-Ingnierie-100063553359377\/"]}]}},"_links":{"self":[{"href":"https:\/\/batiderm.fr\/index.php\/wp-json\/wp\/v2\/pages\/161","targetHints":{"allow":["GET"]}}],"collection":[{"href":"https:\/\/batiderm.fr\/index.php\/wp-json\/wp\/v2\/pages"}],"about":[{"href":"https:\/\/batiderm.fr\/index.php\/wp-json\/wp\/v2\/types\/page"}],"author":[{"embeddable":true,"href":"https:\/\/batiderm.fr\/index.php\/wp-json\/wp\/v2\/users\/1"}],"replies":[{"embeddable":true,"href":"https:\/\/batiderm.fr\/index.php\/wp-json\/wp\/v2\/comments?post=161"}],"version-history":[{"count":3,"href":"https:\/\/batiderm.fr\/index.php\/wp-json\/wp\/v2\/pages\/161\/revisions"}],"predecessor-version":[{"id":603,"href":"https:\/\/batiderm.fr\/index.php\/wp-json\/wp\/v2\/pages\/161\/revisions\/603"}],"wp:attachment":[{"href":"https:\/\/batiderm.fr\/index.php\/wp-json\/wp\/v2\/media?parent=161"}],"curies":[{"name":"wp","href":"https:\/\/api.w.org\/{rel}","templated":true}]}}