{"id":164,"date":"2025-09-09T13:37:36","date_gmt":"2025-09-09T11:37:36","guid":{"rendered":"https:\/\/batiderm.fr\/?page_id=164"},"modified":"2025-12-14T12:02:19","modified_gmt":"2025-12-14T10:02:19","slug":"audit-trame-reglementaire","status":"publish","type":"page","link":"https:\/\/batiderm.fr\/index.php\/audit-trame-reglementaire\/","title":{"rendered":"Audit trame reglementaire"},"content":{"rendered":"\n<h1 class=\"wp-block-heading has-text-align-center has-large-font-size\"><strong>L&rsquo;audit \u00e9nerg\u00e9tique suivant la trame r\u00e9glementaire<\/strong><\/h1>\n\n\n\n<p style=\"margin-left:var(--wp--preset--spacing--10)\"><strong>L&rsquo;audit r\u00e9glementaire<\/strong> est une prestation incontournable pour la vente d&rsquo;un b\u00e2timent class\u00e9 E, F ou G&nbsp;au DPE, que ce soit une maison individuelle ou un b\u00e2timent collectif.<br><br><strong>Un audit incitatif (\u00ab\u00a0non reglementaire\u00a0\u00bb) effectu\u00e9 suivant la trame r\u00e9glementaire<\/strong> est une prestation \u00e0 moindre co\u00fbt permettant \u00e0 un propri\u00e9taire de valider les travaux qu&rsquo;il pr\u00e9voit d&rsquo;effectuer, et d\u00e9clencher les aides de l&rsquo;Etat : Ma Prime Renov&rsquo;, EcoPTZ,&#8230;<br><br><strong>Le prix d&rsquo;un audit r\u00e9glementaire pour la vente sera g\u00e9n\u00e9ralement compris entre 800 \u00e0 1000 euros TTC<\/strong>&nbsp; (suivant la taille et complexit\u00e9 de votre projet)<br><br><strong>Le prix d&rsquo;un audit suivant la trame r\u00e9glementaire, d\u00e9di\u00e9 aux travaux, sera g\u00e9n\u00e9ralement compris entre 800 et 1300 euros TTC, mais il pourra monter, avec les options possibles, jusqu&rsquo;\u00e0 1700 euros TTC<\/strong>. Nous passons dans ce cadre en effet davantage de temps pour bien vous expliquer les sc\u00e9narios mais aussi pour valider les devis des artisans.&nbsp;Les diff\u00e9rentes options importantes permettant d&rsquo;am\u00e9liorer l&rsquo;int\u00e9r\u00eat et la&nbsp;qualit\u00e9 de cette prestation pour le propri\u00e9taire envisageant des travaux r\u00e9ellement performants sont notamment :<\/p>\n\n\n\n<ul style=\"margin-left:var(--wp--preset--spacing--20)\" class=\"wp-block-list is-style-checkmark-list\">\n<li>Relev\u00e9s thermique + pouss\u00e9s (ventilation, relev\u00e9s infra-rouges)<\/li>\n\n\n\n<li>Analyse des factures d&rsquo;\u00e9nergie&nbsp;<\/li>\n\n\n\n<li>Programme de travaux d\u00e9taill\u00e9s, avec renfort de l&rsquo;\u00e9tude de solutions adapt\u00e9es aux mieux aux sp\u00e9cificit\u00e9s de votre b\u00e2timent (par exemple isolation mixte : par l&rsquo;int\u00e9rieur et par l&rsquo;ext\u00e9rieur=<\/li>\n\n\n\n<li>Croquis de localisation&nbsp;<\/li>\n\n\n\n<li>Fiches p\u00e9dagogiques<\/li>\n<\/ul>\n\n\n\n<p style=\"margin-left:var(--wp--preset--spacing--10)\">Dans le cadre d&rsquo;une transaction, l&rsquo;int\u00e9r\u00eat du vendeur comme de l&rsquo;acheteur est de mutualiser les deux interventions et donc de nous solliciter <strong>d\u00e8s l&rsquo;audit r\u00e9glementaire vendeur<\/strong>, ce qui permettra de r\u00e9duire tr\u00e8s significativement le co\u00fbt de la <strong>reprise d&rsquo;audit pour l&rsquo;acheteur \u00e0 un prix de l&rsquo;ordre de 400 \u00e0 900 euros TTC, suivant le niveau d&rsquo;option sollicit\u00e9 (et pouvant \u00e9ventuellement \u00eatre \u00e9ligible au dispositif r\u00e9gional ch\u00e8que-\u00e9co-\u00e9nergie Normandie)<\/strong>. Nous nous effor\u00e7ons de passer ce message aupr\u00e8s des diff\u00e9rents acteurs du b\u00e2timent pour expliquer que l&rsquo;audit est un outil pour la r\u00e9novation \u00e9nerg\u00e9tique performante plut\u00f4t qu&rsquo;une formalit\u00e9 administrative !<br><br>B\u00e2tiderm ing\u00e9nierie est qualifi\u00e9 pour les audits \u00e9nerg\u00e9tique de tous les b\u00e2timent. Nous b\u00e9n\u00e9ficions en effet :<\/p>\n\n\n\n<ul style=\"margin-left:var(--wp--preset--spacing--10)\" class=\"wp-block-list is-style-checkmark-list\">\n<li>de la qualification OPQIBI&nbsp;1905 pour les b\u00e2timents collectifs<\/li>\n\n\n\n<li>des qualifications Qualibat 8731 et OPQIBI&nbsp;1911 pour les maisons individuelles&nbsp;&nbsp;<\/li>\n<\/ul>\n\n\n\n<div class=\"wp-block-columns is-layout-flex wp-container-core-columns-is-layout-28f84493 wp-block-columns-is-layout-flex\">\n<div class=\"wp-block-column is-layout-flow wp-block-column-is-layout-flow\" style=\"flex-basis:50%\">\n<figure class=\"wp-block-image aligncenter size-large is-resized\"><img loading=\"lazy\" decoding=\"async\" width=\"1024\" height=\"683\" src=\"https:\/\/batiderm.fr\/wp-content\/uploads\/2025\/08\/logo-opqibi-2007-1024x683.jpg\" alt=\"\" class=\"wp-image-22\" style=\"width:231px;height:auto\" srcset=\"https:\/\/batiderm.fr\/wp-content\/uploads\/2025\/08\/logo-opqibi-2007-1024x683.jpg 1024w, https:\/\/batiderm.fr\/wp-content\/uploads\/2025\/08\/logo-opqibi-2007-300x200.jpg 300w, https:\/\/batiderm.fr\/wp-content\/uploads\/2025\/08\/logo-opqibi-2007-768x512.jpg 768w, https:\/\/batiderm.fr\/wp-content\/uploads\/2025\/08\/logo-opqibi-2007.jpg 1063w\" sizes=\"auto, (max-width: 1024px) 100vw, 1024px\" \/><\/figure>\n<\/div>\n\n\n\n<div class=\"wp-block-column is-layout-flow wp-block-column-is-layout-flow\" style=\"flex-basis:50%\">\n<figure class=\"wp-block-image aligncenter size-full\"><img loading=\"lazy\" decoding=\"async\" width=\"144\" height=\"156\" src=\"https:\/\/batiderm.fr\/wp-content\/uploads\/2025\/08\/logo_qualibat.jpg\" alt=\"\" class=\"wp-image-21\"\/><\/figure>\n<\/div>\n<\/div>\n\n\n\n<p style=\"margin-right:var(--wp--preset--spacing--10);margin-left:var(--wp--preset--spacing--10)\">Globalement un audit suivant la trame r\u00e9glementaire est une d\u00e9marche ressemblant \u00e0 un audit \u00e9nerg\u00e9tique. Il inclut la fourniture d&rsquo;un rapport suivant une trame fig\u00e9e impos\u00e9e par le gouvernement, l\u00e0 o\u00f9 un vrai audit laisse la libert\u00e9 \u00e0 l&rsquo;auditeur de s&rsquo;exprimer de la fa\u00e7on qu&rsquo;il juge la plus efficace.<\/p>\n","protected":false},"excerpt":{"rendered":"<p>L&rsquo;audit \u00e9nerg\u00e9tique suivant la trame r\u00e9glementaire L&rsquo;audit r\u00e9glementaire est une prestation incontournable pour la vente d&rsquo;un b\u00e2timent class\u00e9 E, F ou G&nbsp;au DPE, que ce soit une maison individuelle ou un b\u00e2timent collectif. Un audit incitatif (\u00ab\u00a0non reglementaire\u00a0\u00bb) effectu\u00e9 suivant la trame r\u00e9glementaire est une prestation \u00e0 moindre co\u00fbt permettant \u00e0 un propri\u00e9taire de valider [&hellip;]<\/p>\n","protected":false},"author":1,"featured_media":0,"parent":0,"menu_order":1,"comment_status":"closed","ping_status":"closed","template":"page-with-sidebar","meta":{"footnotes":""},"class_list":["post-164","page","type-page","status-publish","hentry"],"yoast_head":"<!-- This site is optimized with the Yoast SEO plugin v27.2 - https:\/\/yoast.com\/product\/yoast-seo-wordpress\/ -->\n<title>Audit trame reglementaire - Batiderm<\/title>\n<meta name=\"robots\" content=\"index, follow, max-snippet:-1, max-image-preview:large, max-video-preview:-1\" \/>\n<link rel=\"canonical\" href=\"https:\/\/batiderm.fr\/index.php\/audit-trame-reglementaire\/\" \/>\n<meta property=\"og:locale\" content=\"fr_FR\" \/>\n<meta property=\"og:type\" content=\"article\" \/>\n<meta property=\"og:title\" content=\"Audit trame reglementaire - Batiderm\" \/>\n<meta property=\"og:description\" content=\"L&rsquo;audit \u00e9nerg\u00e9tique suivant la trame r\u00e9glementaire L&rsquo;audit r\u00e9glementaire est une prestation incontournable pour la vente d&rsquo;un b\u00e2timent class\u00e9 E, F ou G&nbsp;au DPE, que ce soit une maison individuelle ou un b\u00e2timent collectif. Un audit incitatif (\u00ab\u00a0non reglementaire\u00a0\u00bb) effectu\u00e9 suivant la trame r\u00e9glementaire est une prestation \u00e0 moindre co\u00fbt permettant \u00e0 un propri\u00e9taire de valider [&hellip;]\" \/>\n<meta property=\"og:url\" content=\"https:\/\/batiderm.fr\/index.php\/audit-trame-reglementaire\/\" \/>\n<meta property=\"og:site_name\" content=\"Batiderm\" \/>\n<meta property=\"article:publisher\" content=\"https:\/\/www.facebook.com\/p\/Btiderm-Ingnierie-100063553359377\/\" \/>\n<meta property=\"article:modified_time\" content=\"2025-12-14T10:02:19+00:00\" \/>\n<meta property=\"og:image\" content=\"https:\/\/batiderm.fr\/wp-content\/uploads\/2025\/08\/logo-opqibi-2007.jpg\" \/>\n\t<meta property=\"og:image:width\" content=\"1063\" \/>\n\t<meta property=\"og:image:height\" content=\"709\" \/>\n\t<meta property=\"og:image:type\" content=\"image\/jpeg\" \/>\n<meta name=\"twitter:card\" content=\"summary_large_image\" \/>\n<meta name=\"twitter:label1\" content=\"Dur\u00e9e de lecture estim\u00e9e\" \/>\n\t<meta name=\"twitter:data1\" content=\"2 minutes\" \/>\n<script type=\"application\/ld+json\" class=\"yoast-schema-graph\">{\"@context\":\"https:\/\/schema.org\",\"@graph\":[{\"@type\":\"WebPage\",\"@id\":\"https:\/\/batiderm.fr\/index.php\/audit-trame-reglementaire\/\",\"url\":\"https:\/\/batiderm.fr\/index.php\/audit-trame-reglementaire\/\",\"name\":\"Audit trame reglementaire - Batiderm\",\"isPartOf\":{\"@id\":\"https:\/\/batiderm.fr\/#website\"},\"primaryImageOfPage\":{\"@id\":\"https:\/\/batiderm.fr\/index.php\/audit-trame-reglementaire\/#primaryimage\"},\"image\":{\"@id\":\"https:\/\/batiderm.fr\/index.php\/audit-trame-reglementaire\/#primaryimage\"},\"thumbnailUrl\":\"https:\/\/batiderm.fr\/wp-content\/uploads\/2025\/08\/logo-opqibi-2007-1024x683.jpg\",\"datePublished\":\"2025-09-09T11:37:36+00:00\",\"dateModified\":\"2025-12-14T10:02:19+00:00\",\"breadcrumb\":{\"@id\":\"https:\/\/batiderm.fr\/index.php\/audit-trame-reglementaire\/#breadcrumb\"},\"inLanguage\":\"fr-FR\",\"potentialAction\":[{\"@type\":\"ReadAction\",\"target\":[\"https:\/\/batiderm.fr\/index.php\/audit-trame-reglementaire\/\"]}]},{\"@type\":\"ImageObject\",\"inLanguage\":\"fr-FR\",\"@id\":\"https:\/\/batiderm.fr\/index.php\/audit-trame-reglementaire\/#primaryimage\",\"url\":\"https:\/\/batiderm.fr\/wp-content\/uploads\/2025\/08\/logo-opqibi-2007.jpg\",\"contentUrl\":\"https:\/\/batiderm.fr\/wp-content\/uploads\/2025\/08\/logo-opqibi-2007.jpg\",\"width\":1063,\"height\":709},{\"@type\":\"BreadcrumbList\",\"@id\":\"https:\/\/batiderm.fr\/index.php\/audit-trame-reglementaire\/#breadcrumb\",\"itemListElement\":[{\"@type\":\"ListItem\",\"position\":1,\"name\":\"Accueil\",\"item\":\"https:\/\/batiderm.fr\/\"},{\"@type\":\"ListItem\",\"position\":2,\"name\":\"Audit trame reglementaire\"}]},{\"@type\":\"WebSite\",\"@id\":\"https:\/\/batiderm.fr\/#website\",\"url\":\"https:\/\/batiderm.fr\/\",\"name\":\"Batiderm\",\"description\":\"R\u00e9nover et r\u00e9habiliter, \u00e9conome et confortable\",\"publisher\":{\"@id\":\"https:\/\/batiderm.fr\/#organization\"},\"potentialAction\":[{\"@type\":\"SearchAction\",\"target\":{\"@type\":\"EntryPoint\",\"urlTemplate\":\"https:\/\/batiderm.fr\/?s={search_term_string}\"},\"query-input\":{\"@type\":\"PropertyValueSpecification\",\"valueRequired\":true,\"valueName\":\"search_term_string\"}}],\"inLanguage\":\"fr-FR\"},{\"@type\":\"Organization\",\"@id\":\"https:\/\/batiderm.fr\/#organization\",\"name\":\"Batiderm\",\"url\":\"https:\/\/batiderm.fr\/\",\"logo\":{\"@type\":\"ImageObject\",\"inLanguage\":\"fr-FR\",\"@id\":\"https:\/\/batiderm.fr\/#\/schema\/logo\/image\/\",\"url\":\"https:\/\/batiderm.fr\/wp-content\/uploads\/2025\/09\/Logo_BatidermIng_compact.jpg\",\"contentUrl\":\"https:\/\/batiderm.fr\/wp-content\/uploads\/2025\/09\/Logo_BatidermIng_compact.jpg\",\"width\":1354,\"height\":896,\"caption\":\"Batiderm\"},\"image\":{\"@id\":\"https:\/\/batiderm.fr\/#\/schema\/logo\/image\/\"},\"sameAs\":[\"https:\/\/www.facebook.com\/p\/Btiderm-Ingnierie-100063553359377\/\"]}]}<\/script>\n<!-- \/ Yoast SEO plugin. -->","yoast_head_json":{"title":"Audit trame reglementaire - Batiderm","robots":{"index":"index","follow":"follow","max-snippet":"max-snippet:-1","max-image-preview":"max-image-preview:large","max-video-preview":"max-video-preview:-1"},"canonical":"https:\/\/batiderm.fr\/index.php\/audit-trame-reglementaire\/","og_locale":"fr_FR","og_type":"article","og_title":"Audit trame reglementaire - Batiderm","og_description":"L&rsquo;audit \u00e9nerg\u00e9tique suivant la trame r\u00e9glementaire L&rsquo;audit r\u00e9glementaire est une prestation incontournable pour la vente d&rsquo;un b\u00e2timent class\u00e9 E, F ou G&nbsp;au DPE, que ce soit une maison individuelle ou un b\u00e2timent collectif. Un audit incitatif (\u00ab\u00a0non reglementaire\u00a0\u00bb) effectu\u00e9 suivant la trame r\u00e9glementaire est une prestation \u00e0 moindre co\u00fbt permettant \u00e0 un propri\u00e9taire de valider [&hellip;]","og_url":"https:\/\/batiderm.fr\/index.php\/audit-trame-reglementaire\/","og_site_name":"Batiderm","article_publisher":"https:\/\/www.facebook.com\/p\/Btiderm-Ingnierie-100063553359377\/","article_modified_time":"2025-12-14T10:02:19+00:00","og_image":[{"width":1063,"height":709,"url":"https:\/\/batiderm.fr\/wp-content\/uploads\/2025\/08\/logo-opqibi-2007.jpg","type":"image\/jpeg"}],"twitter_card":"summary_large_image","twitter_misc":{"Dur\u00e9e de lecture estim\u00e9e":"2 minutes"},"schema":{"@context":"https:\/\/schema.org","@graph":[{"@type":"WebPage","@id":"https:\/\/batiderm.fr\/index.php\/audit-trame-reglementaire\/","url":"https:\/\/batiderm.fr\/index.php\/audit-trame-reglementaire\/","name":"Audit trame reglementaire - Batiderm","isPartOf":{"@id":"https:\/\/batiderm.fr\/#website"},"primaryImageOfPage":{"@id":"https:\/\/batiderm.fr\/index.php\/audit-trame-reglementaire\/#primaryimage"},"image":{"@id":"https:\/\/batiderm.fr\/index.php\/audit-trame-reglementaire\/#primaryimage"},"thumbnailUrl":"https:\/\/batiderm.fr\/wp-content\/uploads\/2025\/08\/logo-opqibi-2007-1024x683.jpg","datePublished":"2025-09-09T11:37:36+00:00","dateModified":"2025-12-14T10:02:19+00:00","breadcrumb":{"@id":"https:\/\/batiderm.fr\/index.php\/audit-trame-reglementaire\/#breadcrumb"},"inLanguage":"fr-FR","potentialAction":[{"@type":"ReadAction","target":["https:\/\/batiderm.fr\/index.php\/audit-trame-reglementaire\/"]}]},{"@type":"ImageObject","inLanguage":"fr-FR","@id":"https:\/\/batiderm.fr\/index.php\/audit-trame-reglementaire\/#primaryimage","url":"https:\/\/batiderm.fr\/wp-content\/uploads\/2025\/08\/logo-opqibi-2007.jpg","contentUrl":"https:\/\/batiderm.fr\/wp-content\/uploads\/2025\/08\/logo-opqibi-2007.jpg","width":1063,"height":709},{"@type":"BreadcrumbList","@id":"https:\/\/batiderm.fr\/index.php\/audit-trame-reglementaire\/#breadcrumb","itemListElement":[{"@type":"ListItem","position":1,"name":"Accueil","item":"https:\/\/batiderm.fr\/"},{"@type":"ListItem","position":2,"name":"Audit trame reglementaire"}]},{"@type":"WebSite","@id":"https:\/\/batiderm.fr\/#website","url":"https:\/\/batiderm.fr\/","name":"Batiderm","description":"R\u00e9nover et r\u00e9habiliter, \u00e9conome et confortable","publisher":{"@id":"https:\/\/batiderm.fr\/#organization"},"potentialAction":[{"@type":"SearchAction","target":{"@type":"EntryPoint","urlTemplate":"https:\/\/batiderm.fr\/?s={search_term_string}"},"query-input":{"@type":"PropertyValueSpecification","valueRequired":true,"valueName":"search_term_string"}}],"inLanguage":"fr-FR"},{"@type":"Organization","@id":"https:\/\/batiderm.fr\/#organization","name":"Batiderm","url":"https:\/\/batiderm.fr\/","logo":{"@type":"ImageObject","inLanguage":"fr-FR","@id":"https:\/\/batiderm.fr\/#\/schema\/logo\/image\/","url":"https:\/\/batiderm.fr\/wp-content\/uploads\/2025\/09\/Logo_BatidermIng_compact.jpg","contentUrl":"https:\/\/batiderm.fr\/wp-content\/uploads\/2025\/09\/Logo_BatidermIng_compact.jpg","width":1354,"height":896,"caption":"Batiderm"},"image":{"@id":"https:\/\/batiderm.fr\/#\/schema\/logo\/image\/"},"sameAs":["https:\/\/www.facebook.com\/p\/Btiderm-Ingnierie-100063553359377\/"]}]}},"_links":{"self":[{"href":"https:\/\/batiderm.fr\/index.php\/wp-json\/wp\/v2\/pages\/164","targetHints":{"allow":["GET"]}}],"collection":[{"href":"https:\/\/batiderm.fr\/index.php\/wp-json\/wp\/v2\/pages"}],"about":[{"href":"https:\/\/batiderm.fr\/index.php\/wp-json\/wp\/v2\/types\/page"}],"author":[{"embeddable":true,"href":"https:\/\/batiderm.fr\/index.php\/wp-json\/wp\/v2\/users\/1"}],"replies":[{"embeddable":true,"href":"https:\/\/batiderm.fr\/index.php\/wp-json\/wp\/v2\/comments?post=164"}],"version-history":[{"count":4,"href":"https:\/\/batiderm.fr\/index.php\/wp-json\/wp\/v2\/pages\/164\/revisions"}],"predecessor-version":[{"id":616,"href":"https:\/\/batiderm.fr\/index.php\/wp-json\/wp\/v2\/pages\/164\/revisions\/616"}],"wp:attachment":[{"href":"https:\/\/batiderm.fr\/index.php\/wp-json\/wp\/v2\/media?parent=164"}],"curies":[{"name":"wp","href":"https:\/\/api.w.org\/{rel}","templated":true}]}}