{"id":167,"date":"2025-09-09T13:39:08","date_gmt":"2025-09-09T11:39:08","guid":{"rendered":"https:\/\/batiderm.fr\/?page_id=167"},"modified":"2025-12-15T10:13:36","modified_gmt":"2025-12-15T08:13:36","slug":"vrai-audit-eneregetique-de-qualite","status":"publish","type":"page","link":"https:\/\/batiderm.fr\/index.php\/vrai-audit-eneregetique-de-qualite\/","title":{"rendered":"Vrai audit eneregetique de qualite"},"content":{"rendered":"\n<h1 class=\"wp-block-heading has-text-align-center has-large-font-size\"><strong>Un vrai audit \u00e9nerg\u00e9tique, qualitatif et p\u00e9dagogique, pour tous&nbsp;<\/strong><\/h1>\n\n\n\n<p>B\u00e2tiderm ing\u00e9nierie est Auditeur conventionn\u00e9 avec le Conseil R\u00e9gional de Normandie et peut donc vous faire b\u00e9n\u00e9ficier du ch\u00e8que \u00e9co-\u00e9nergie de 600 euros, qui met un vrai audit \u00e9nerg\u00e9tique <strong>au m\u00eame niveau de prix qu&rsquo;un audit ne respectant que la trame r\u00e9glementaire (montant \u00e0 votre charge compris&nbsp;entre 700 et 1300 euros TTC<\/strong>&nbsp;(suivant la taille et complexit\u00e9 de votre projet)<\/p>\n\n\n\n<figure class=\"wp-block-image aligncenter size-full is-resized\"><img loading=\"lazy\" decoding=\"async\" width=\"879\" height=\"221\" src=\"https:\/\/batiderm.fr\/wp-content\/uploads\/2025\/08\/logo-cheque-eco.jpg\" alt=\"\" class=\"wp-image-19\" style=\"width:497px;height:auto\" srcset=\"https:\/\/batiderm.fr\/wp-content\/uploads\/2025\/08\/logo-cheque-eco.jpg 879w, https:\/\/batiderm.fr\/wp-content\/uploads\/2025\/08\/logo-cheque-eco-300x75.jpg 300w, https:\/\/batiderm.fr\/wp-content\/uploads\/2025\/08\/logo-cheque-eco-768x193.jpg 768w\" sizes=\"auto, (max-width: 879px) 100vw, 879px\" \/><\/figure>\n\n\n\n<h2 class=\"wp-block-heading has-text-align-center has-large-font-size\"><strong>Audit \u00e9nerg\u00e9tique&nbsp;de qualit\u00e9, avec le ch\u00e8que \u00e9co-\u00e9nergie Normandie.<\/strong><\/h2>\n\n\n\n<p>B\u00e2tiderm Ing\u00e9nierie propose depuis 2012 un audit de qualit\u00e9 et d\u00e9taill\u00e9 pour tous les propri\u00e9taires de maisons individuelles. Notre audit est conforme au cahier des charges de la R\u00e9gion Normandie et permet \u00e9galement d&rsquo;acc\u00e9der aux aides ma prime Renov au travers de la fourniture de la trame r\u00e9glementaire nationale.<br>De plus cet audit est \u00e9ligible \u00e0 une aide de 600 euros du Conseil r\u00e9gionale de Normandie (\u00e0 condition que votre maison ait&nbsp;<strong>&nbsp;plus de 15 ans.&nbsp;<\/strong>Cet audit vous permettra d\u2019identifier les sp\u00e9cificit\u00e9s thermiques de votre maison d\u2019habitation et d\u2019\u00e9tablir un programme de travaux pertinent. Nous \u00e9tudierons plusieurs scenarii de travaux, dont le plus ambitieux vous permettra d\u2019envisager une r\u00e9duction de vos consommations \u00e9nerg\u00e9tiques en dessous du seuil <strong>BBC r\u00e9novation<\/strong> (BBC&nbsp;: B\u00e2timent Basse Consommation). Nous effectuons cet audit pour vous conform\u00e9ment au cahier de charges \u00e9tabli par le Conseil R\u00e9gional de Normandie, avec qui B\u00e2tiderm Ing\u00e9nierie a sign\u00e9 une convention. Vous pourrez b\u00e9n\u00e9ficier d\u2019un financement de l\u2019audit par le <strong>ch\u00e8que \u00e9co-\u00e9nergie de 600 euros du Conseil R\u00e9gional<\/strong>. Si vous d\u00e9cidez \u00e0 la suite de cet audit de d\u00e9marrer des travaux, vous pourrez, sur crit\u00e8res, b\u00e9n\u00e9ficier de diff\u00e9rents dispositifs d\u2019aide au financement (Ma Prime Renov&rsquo;, Eco pr\u00eat \u00e0 taux z\u00e9ro, aides ANAH, \u2026.). Du fait de la nouvelle politique gouvernementale, le contexte financier est clairement favorable. Donc si vos consommations \u00e9nerg\u00e9tiques sont \u00e9lev\u00e9es, c\u2019est le moment d\u2019initier une d\u00e9marche de r\u00e9habilitation \u00e9nerg\u00e9tique ambitieuse, ce qui ne se fait pas au hasard, mais doit \u00eatre bien r\u00e9fl\u00e9chi. Nous sommes \u00e0 votre disposition pour vous accompagner techniquement en coop\u00e9ration avec votre conseiller France Renov&rsquo; et\/ou votre accompagnateur Renov&rsquo;.<\/p>\n","protected":false},"excerpt":{"rendered":"<p>Un vrai audit \u00e9nerg\u00e9tique, qualitatif et p\u00e9dagogique, pour tous&nbsp; B\u00e2tiderm ing\u00e9nierie est Auditeur conventionn\u00e9 avec le Conseil R\u00e9gional de Normandie et peut donc vous faire b\u00e9n\u00e9ficier du ch\u00e8que \u00e9co-\u00e9nergie de 600 euros, qui met un vrai audit \u00e9nerg\u00e9tique au m\u00eame niveau de prix qu&rsquo;un audit ne respectant que la trame r\u00e9glementaire (montant \u00e0 votre charge [&hellip;]<\/p>\n","protected":false},"author":1,"featured_media":0,"parent":0,"menu_order":0,"comment_status":"closed","ping_status":"closed","template":"page-with-sidebar","meta":{"footnotes":""},"class_list":["post-167","page","type-page","status-publish","hentry"],"yoast_head":"<!-- This site is optimized with the Yoast SEO plugin v27.2 - https:\/\/yoast.com\/product\/yoast-seo-wordpress\/ -->\n<title>Vrai audit eneregetique de qualite - Batiderm<\/title>\n<meta name=\"robots\" content=\"index, follow, max-snippet:-1, max-image-preview:large, max-video-preview:-1\" \/>\n<link rel=\"canonical\" href=\"https:\/\/batiderm.fr\/index.php\/vrai-audit-eneregetique-de-qualite\/\" \/>\n<meta property=\"og:locale\" content=\"fr_FR\" \/>\n<meta property=\"og:type\" content=\"article\" \/>\n<meta property=\"og:title\" content=\"Vrai audit eneregetique de qualite - Batiderm\" \/>\n<meta property=\"og:description\" content=\"Un vrai audit \u00e9nerg\u00e9tique, qualitatif et p\u00e9dagogique, pour tous&nbsp; B\u00e2tiderm ing\u00e9nierie est Auditeur conventionn\u00e9 avec le Conseil R\u00e9gional de Normandie et peut donc vous faire b\u00e9n\u00e9ficier du ch\u00e8que \u00e9co-\u00e9nergie de 600 euros, qui met un vrai audit \u00e9nerg\u00e9tique au m\u00eame niveau de prix qu&rsquo;un audit ne respectant que la trame r\u00e9glementaire (montant \u00e0 votre charge [&hellip;]\" \/>\n<meta property=\"og:url\" content=\"https:\/\/batiderm.fr\/index.php\/vrai-audit-eneregetique-de-qualite\/\" \/>\n<meta property=\"og:site_name\" content=\"Batiderm\" \/>\n<meta property=\"article:publisher\" content=\"https:\/\/www.facebook.com\/p\/Btiderm-Ingnierie-100063553359377\/\" \/>\n<meta property=\"article:modified_time\" content=\"2025-12-15T08:13:36+00:00\" \/>\n<meta property=\"og:image\" content=\"https:\/\/batiderm.fr\/wp-content\/uploads\/2025\/08\/logo-cheque-eco.jpg\" \/>\n\t<meta property=\"og:image:width\" content=\"879\" \/>\n\t<meta property=\"og:image:height\" content=\"221\" \/>\n\t<meta property=\"og:image:type\" content=\"image\/jpeg\" \/>\n<meta name=\"twitter:card\" content=\"summary_large_image\" \/>\n<meta name=\"twitter:label1\" content=\"Dur\u00e9e de lecture estim\u00e9e\" \/>\n\t<meta name=\"twitter:data1\" content=\"2 minutes\" \/>\n<script type=\"application\/ld+json\" class=\"yoast-schema-graph\">{\"@context\":\"https:\/\/schema.org\",\"@graph\":[{\"@type\":\"WebPage\",\"@id\":\"https:\/\/batiderm.fr\/index.php\/vrai-audit-eneregetique-de-qualite\/\",\"url\":\"https:\/\/batiderm.fr\/index.php\/vrai-audit-eneregetique-de-qualite\/\",\"name\":\"Vrai audit eneregetique de qualite - Batiderm\",\"isPartOf\":{\"@id\":\"https:\/\/batiderm.fr\/#website\"},\"primaryImageOfPage\":{\"@id\":\"https:\/\/batiderm.fr\/index.php\/vrai-audit-eneregetique-de-qualite\/#primaryimage\"},\"image\":{\"@id\":\"https:\/\/batiderm.fr\/index.php\/vrai-audit-eneregetique-de-qualite\/#primaryimage\"},\"thumbnailUrl\":\"https:\/\/batiderm.fr\/wp-content\/uploads\/2025\/08\/logo-cheque-eco.jpg\",\"datePublished\":\"2025-09-09T11:39:08+00:00\",\"dateModified\":\"2025-12-15T08:13:36+00:00\",\"breadcrumb\":{\"@id\":\"https:\/\/batiderm.fr\/index.php\/vrai-audit-eneregetique-de-qualite\/#breadcrumb\"},\"inLanguage\":\"fr-FR\",\"potentialAction\":[{\"@type\":\"ReadAction\",\"target\":[\"https:\/\/batiderm.fr\/index.php\/vrai-audit-eneregetique-de-qualite\/\"]}]},{\"@type\":\"ImageObject\",\"inLanguage\":\"fr-FR\",\"@id\":\"https:\/\/batiderm.fr\/index.php\/vrai-audit-eneregetique-de-qualite\/#primaryimage\",\"url\":\"https:\/\/batiderm.fr\/wp-content\/uploads\/2025\/08\/logo-cheque-eco.jpg\",\"contentUrl\":\"https:\/\/batiderm.fr\/wp-content\/uploads\/2025\/08\/logo-cheque-eco.jpg\",\"width\":879,\"height\":221},{\"@type\":\"BreadcrumbList\",\"@id\":\"https:\/\/batiderm.fr\/index.php\/vrai-audit-eneregetique-de-qualite\/#breadcrumb\",\"itemListElement\":[{\"@type\":\"ListItem\",\"position\":1,\"name\":\"Accueil\",\"item\":\"https:\/\/batiderm.fr\/\"},{\"@type\":\"ListItem\",\"position\":2,\"name\":\"Vrai audit eneregetique de qualite\"}]},{\"@type\":\"WebSite\",\"@id\":\"https:\/\/batiderm.fr\/#website\",\"url\":\"https:\/\/batiderm.fr\/\",\"name\":\"Batiderm\",\"description\":\"R\u00e9nover et r\u00e9habiliter, \u00e9conome et confortable\",\"publisher\":{\"@id\":\"https:\/\/batiderm.fr\/#organization\"},\"potentialAction\":[{\"@type\":\"SearchAction\",\"target\":{\"@type\":\"EntryPoint\",\"urlTemplate\":\"https:\/\/batiderm.fr\/?s={search_term_string}\"},\"query-input\":{\"@type\":\"PropertyValueSpecification\",\"valueRequired\":true,\"valueName\":\"search_term_string\"}}],\"inLanguage\":\"fr-FR\"},{\"@type\":\"Organization\",\"@id\":\"https:\/\/batiderm.fr\/#organization\",\"name\":\"Batiderm\",\"url\":\"https:\/\/batiderm.fr\/\",\"logo\":{\"@type\":\"ImageObject\",\"inLanguage\":\"fr-FR\",\"@id\":\"https:\/\/batiderm.fr\/#\/schema\/logo\/image\/\",\"url\":\"https:\/\/batiderm.fr\/wp-content\/uploads\/2025\/09\/Logo_BatidermIng_compact.jpg\",\"contentUrl\":\"https:\/\/batiderm.fr\/wp-content\/uploads\/2025\/09\/Logo_BatidermIng_compact.jpg\",\"width\":1354,\"height\":896,\"caption\":\"Batiderm\"},\"image\":{\"@id\":\"https:\/\/batiderm.fr\/#\/schema\/logo\/image\/\"},\"sameAs\":[\"https:\/\/www.facebook.com\/p\/Btiderm-Ingnierie-100063553359377\/\"]}]}<\/script>\n<!-- \/ Yoast SEO plugin. -->","yoast_head_json":{"title":"Vrai audit eneregetique de qualite - Batiderm","robots":{"index":"index","follow":"follow","max-snippet":"max-snippet:-1","max-image-preview":"max-image-preview:large","max-video-preview":"max-video-preview:-1"},"canonical":"https:\/\/batiderm.fr\/index.php\/vrai-audit-eneregetique-de-qualite\/","og_locale":"fr_FR","og_type":"article","og_title":"Vrai audit eneregetique de qualite - Batiderm","og_description":"Un vrai audit \u00e9nerg\u00e9tique, qualitatif et p\u00e9dagogique, pour tous&nbsp; B\u00e2tiderm ing\u00e9nierie est Auditeur conventionn\u00e9 avec le Conseil R\u00e9gional de Normandie et peut donc vous faire b\u00e9n\u00e9ficier du ch\u00e8que \u00e9co-\u00e9nergie de 600 euros, qui met un vrai audit \u00e9nerg\u00e9tique au m\u00eame niveau de prix qu&rsquo;un audit ne respectant que la trame r\u00e9glementaire (montant \u00e0 votre charge [&hellip;]","og_url":"https:\/\/batiderm.fr\/index.php\/vrai-audit-eneregetique-de-qualite\/","og_site_name":"Batiderm","article_publisher":"https:\/\/www.facebook.com\/p\/Btiderm-Ingnierie-100063553359377\/","article_modified_time":"2025-12-15T08:13:36+00:00","og_image":[{"width":879,"height":221,"url":"https:\/\/batiderm.fr\/wp-content\/uploads\/2025\/08\/logo-cheque-eco.jpg","type":"image\/jpeg"}],"twitter_card":"summary_large_image","twitter_misc":{"Dur\u00e9e de lecture estim\u00e9e":"2 minutes"},"schema":{"@context":"https:\/\/schema.org","@graph":[{"@type":"WebPage","@id":"https:\/\/batiderm.fr\/index.php\/vrai-audit-eneregetique-de-qualite\/","url":"https:\/\/batiderm.fr\/index.php\/vrai-audit-eneregetique-de-qualite\/","name":"Vrai audit eneregetique de qualite - Batiderm","isPartOf":{"@id":"https:\/\/batiderm.fr\/#website"},"primaryImageOfPage":{"@id":"https:\/\/batiderm.fr\/index.php\/vrai-audit-eneregetique-de-qualite\/#primaryimage"},"image":{"@id":"https:\/\/batiderm.fr\/index.php\/vrai-audit-eneregetique-de-qualite\/#primaryimage"},"thumbnailUrl":"https:\/\/batiderm.fr\/wp-content\/uploads\/2025\/08\/logo-cheque-eco.jpg","datePublished":"2025-09-09T11:39:08+00:00","dateModified":"2025-12-15T08:13:36+00:00","breadcrumb":{"@id":"https:\/\/batiderm.fr\/index.php\/vrai-audit-eneregetique-de-qualite\/#breadcrumb"},"inLanguage":"fr-FR","potentialAction":[{"@type":"ReadAction","target":["https:\/\/batiderm.fr\/index.php\/vrai-audit-eneregetique-de-qualite\/"]}]},{"@type":"ImageObject","inLanguage":"fr-FR","@id":"https:\/\/batiderm.fr\/index.php\/vrai-audit-eneregetique-de-qualite\/#primaryimage","url":"https:\/\/batiderm.fr\/wp-content\/uploads\/2025\/08\/logo-cheque-eco.jpg","contentUrl":"https:\/\/batiderm.fr\/wp-content\/uploads\/2025\/08\/logo-cheque-eco.jpg","width":879,"height":221},{"@type":"BreadcrumbList","@id":"https:\/\/batiderm.fr\/index.php\/vrai-audit-eneregetique-de-qualite\/#breadcrumb","itemListElement":[{"@type":"ListItem","position":1,"name":"Accueil","item":"https:\/\/batiderm.fr\/"},{"@type":"ListItem","position":2,"name":"Vrai audit eneregetique de qualite"}]},{"@type":"WebSite","@id":"https:\/\/batiderm.fr\/#website","url":"https:\/\/batiderm.fr\/","name":"Batiderm","description":"R\u00e9nover et r\u00e9habiliter, \u00e9conome et confortable","publisher":{"@id":"https:\/\/batiderm.fr\/#organization"},"potentialAction":[{"@type":"SearchAction","target":{"@type":"EntryPoint","urlTemplate":"https:\/\/batiderm.fr\/?s={search_term_string}"},"query-input":{"@type":"PropertyValueSpecification","valueRequired":true,"valueName":"search_term_string"}}],"inLanguage":"fr-FR"},{"@type":"Organization","@id":"https:\/\/batiderm.fr\/#organization","name":"Batiderm","url":"https:\/\/batiderm.fr\/","logo":{"@type":"ImageObject","inLanguage":"fr-FR","@id":"https:\/\/batiderm.fr\/#\/schema\/logo\/image\/","url":"https:\/\/batiderm.fr\/wp-content\/uploads\/2025\/09\/Logo_BatidermIng_compact.jpg","contentUrl":"https:\/\/batiderm.fr\/wp-content\/uploads\/2025\/09\/Logo_BatidermIng_compact.jpg","width":1354,"height":896,"caption":"Batiderm"},"image":{"@id":"https:\/\/batiderm.fr\/#\/schema\/logo\/image\/"},"sameAs":["https:\/\/www.facebook.com\/p\/Btiderm-Ingnierie-100063553359377\/"]}]}},"_links":{"self":[{"href":"https:\/\/batiderm.fr\/index.php\/wp-json\/wp\/v2\/pages\/167","targetHints":{"allow":["GET"]}}],"collection":[{"href":"https:\/\/batiderm.fr\/index.php\/wp-json\/wp\/v2\/pages"}],"about":[{"href":"https:\/\/batiderm.fr\/index.php\/wp-json\/wp\/v2\/types\/page"}],"author":[{"embeddable":true,"href":"https:\/\/batiderm.fr\/index.php\/wp-json\/wp\/v2\/users\/1"}],"replies":[{"embeddable":true,"href":"https:\/\/batiderm.fr\/index.php\/wp-json\/wp\/v2\/comments?post=167"}],"version-history":[{"count":5,"href":"https:\/\/batiderm.fr\/index.php\/wp-json\/wp\/v2\/pages\/167\/revisions"}],"predecessor-version":[{"id":639,"href":"https:\/\/batiderm.fr\/index.php\/wp-json\/wp\/v2\/pages\/167\/revisions\/639"}],"wp:attachment":[{"href":"https:\/\/batiderm.fr\/index.php\/wp-json\/wp\/v2\/media?parent=167"}],"curies":[{"name":"wp","href":"https:\/\/api.w.org\/{rel}","templated":true}]}}