{"id":224,"date":"2025-11-20T16:26:34","date_gmt":"2025-11-20T14:26:34","guid":{"rendered":"https:\/\/batiderm.fr\/?page_id=224"},"modified":"2026-03-24T13:08:24","modified_gmt":"2026-03-24T11:08:24","slug":"accueil","status":"publish","type":"page","link":"https:\/\/batiderm.fr\/","title":{"rendered":"Accueil"},"content":{"rendered":"\n<h1 class=\"wp-block-heading has-text-align-center\" style=\"margin-bottom:var(--wp--preset--spacing--20);font-size:clamp(1.198rem, 1.198rem + ((1vw - 0.2rem) * 1.17), 1.9rem);\">Batiderm, votre bureau d&rsquo;\u00e9tudes thermiques \u00e0 Caen, Bayeux (14), Le Havre, Rouen (76), expert en efficacit\u00e9 \u00e9nerg\u00e9tique et r\u00e9novation thermique.<\/h1>\n\n\n\n<p style=\"font-size:clamp(0.875rem, 0.875rem + ((1vw - 0.2rem) * 0.542), 1.2rem);\">Sp\u00e9cialis\u00e9s dans les audits \u00e9nerg\u00e9tiques et \u00e9tudes thermiques dans le Calvados, la Seine-Maritime et l&rsquo;Orne, nous accompagnons les particuliers et les professionnels pour des projets thermiquement performants. Notre \u00e9quipe d\u2019experts vous propose des solutions sur-mesure pour optimiser votre projet de r\u00e9novation et b\u00e9n\u00e9ficier des aides financi\u00e8res disponibles.<\/p>\n\n\n\n<h2 class=\"wp-block-heading has-text-align-center\" style=\"margin-top:var(--wp--preset--spacing--30);margin-bottom:0;font-size:clamp(1.092rem, 1.092rem + ((1vw - 0.2rem) * 1.013), 1.7rem);\"><br>Pourquoi choisir notre bureau d\u2019\u00e9tude thermique Batiderm dans le Calvados et ses d\u00e9partements limitrophes ?<\/h2>\n\n\n\n<p class=\"has-text-align-left\" style=\"font-size:clamp(0.875rem, 0.875rem + ((1vw - 0.2rem) * 0.542), 1.2rem);\">En tant qu&rsquo;experts implant\u00e9s localement, nous intervenons aupr\u00e8s des particuliers, des Ma\u00eetres d\u2019\u0153uvre, des collectivit\u00e9s, des artisans et des entreprises ; nous r\u00e9alisons un accompagnement complet : De l\u2019\u00e9tude \u00e0 la mise en \u0153uvre des solutions.<\/p>\n\n\n\n<p class=\"has-text-align-left\" style=\"font-size:clamp(0.875rem, 0.875rem + ((1vw - 0.2rem) * 0.542), 1.2rem);\">Nos activit\u00e9s sont : La Conception thermique, l&rsquo;Optimisation \u00e9nerg\u00e9tique, les Audits \u00c9nerg\u00e9tiques, la Simulation Thermique Dynamique, les \u00c9tudes Hygrothermiques (sous le logiciel WUFI), la programmation de travaux, la ma\u00eetrise d\u2019\u0153uvre en r\u00e9novation \u00e9nerg\u00e9tique et r\u00e9habilitation de b\u00e2timents anciens et patrimoniaux, les \u00e9tudes ACV et RE2020.<\/p>\n\n\n\n<div class=\"wp-block-columns has-base-2-background-color has-background is-layout-flex wp-container-core-columns-is-layout-28f84493 wp-block-columns-is-layout-flex\">\n<div class=\"wp-block-column has-border-color is-layout-flow wp-block-column-is-layout-flow\" style=\"border-color:#000;border-width:1%;border-top-left-radius:3%;border-top-right-radius:3%;border-bottom-left-radius:3%;border-bottom-right-radius:3%;padding-top:var(--wp--preset--spacing--10);padding-right:var(--wp--preset--spacing--10);padding-bottom:var(--wp--preset--spacing--10);padding-left:var(--wp--preset--spacing--10);box-shadow:var(--wp--preset--shadow--deep)\">\n<h2 class=\"wp-block-heading has-text-align-center\" style=\"font-size:clamp(0.984rem, 0.984rem + ((1vw - 0.2rem) * 0.86), 1.5rem);\"><a href=\"https:\/\/batiderm.fr\/index.php\/tertiaire-collectivites\"><strong>Audits \u00e9nerg\u00e9tiques et diverses \u00e9tudes de b\u00e2timents tertiaires et collectifs<\/strong><\/a><\/h2>\n\n\n\n<div class=\"wp-block-columns is-layout-flex wp-container-core-columns-is-layout-28f84493 wp-block-columns-is-layout-flex\">\n<div class=\"wp-block-column is-layout-flow wp-block-column-is-layout-flow\">\n<p>Le coeur de m\u00e9tier de Batiderm Ing\u00e9nierie est de proposer des missions d&rsquo;\u00e9tudes et d&rsquo;audits \u00e9nerg\u00e9tiques pour les entreprises et les collectivit\u00e9s<\/p>\n\n\n\n<ul style=\"margin-top:var(--wp--preset--spacing--10);margin-right:0;margin-bottom:var(--wp--preset--spacing--10);margin-left:0\" class=\"wp-block-list is-style-checkmark-list\">\n<li style=\"line-height:2.1\">Audits \u00e9nerg\u00e9tiques (dont d\u00e9cret tertiaire et BACS)<\/li>\n\n\n\n<li>Simulation thermique dynamique,<\/li>\n\n\n\n<li>Etude de confort estival \u00ab sans clim \u00bb<\/li>\n\n\n\n<li>Etudes d\u2019optimisation \u00e9nerg\u00e9tique<\/li>\n\n\n\n<li>Bureau d\u2019\u00e9tudes techniques (BET), aupr\u00e8s de l\u2019Architecte.<\/li>\n\n\n\n<li>Etude de faisabilit\u00e9 d\u2019approvisionnement en \u00e9nergie renouvelable<\/li>\n<\/ul>\n<\/div>\n\n\n\n<div class=\"wp-block-column is-layout-flow wp-block-column-is-layout-flow\">\n<figure class=\"wp-block-image aligncenter size-full is-style-rounded is-style-rounded--1\"><a href=\"https:\/\/batiderm.fr\/wp-content\/uploads\/2026\/03\/memorial-1.jpg\"><img loading=\"lazy\" decoding=\"async\" width=\"510\" height=\"302\" src=\"https:\/\/batiderm.fr\/wp-content\/uploads\/2026\/03\/memorial-1.jpg\" alt=\"\" class=\"wp-image-795\" srcset=\"https:\/\/batiderm.fr\/wp-content\/uploads\/2026\/03\/memorial-1.jpg 510w, https:\/\/batiderm.fr\/wp-content\/uploads\/2026\/03\/memorial-1-300x178.jpg 300w\" sizes=\"auto, (max-width: 510px) 100vw, 510px\" \/><\/a><figcaption class=\"wp-element-caption\">Mod\u00e9lisation du M\u00e9morial de Caen, mission de Simulation Thermique Dynamique, Batiderm Ing\u00e9nierie 2023<\/figcaption><\/figure>\n<\/div>\n<\/div>\n<\/div>\n<\/div>\n\n\n\n<div class=\"wp-block-columns has-base-2-background-color has-background is-layout-flex wp-container-core-columns-is-layout-28f84493 wp-block-columns-is-layout-flex\">\n<div class=\"wp-block-column has-border-color is-layout-flow wp-block-column-is-layout-flow\" style=\"border-color:#000;border-width:1%;border-top-left-radius:3%;border-top-right-radius:3%;border-bottom-left-radius:3%;border-bottom-right-radius:3%;padding-top:var(--wp--preset--spacing--10);padding-right:var(--wp--preset--spacing--10);padding-bottom:var(--wp--preset--spacing--10);padding-left:var(--wp--preset--spacing--10);box-shadow:var(--wp--preset--shadow--deep);flex-basis:60%\">\n<div class=\"wp-block-columns is-layout-flex wp-container-core-columns-is-layout-28f84493 wp-block-columns-is-layout-flex\">\n<div class=\"wp-block-column is-layout-flow wp-block-column-is-layout-flow\" style=\"flex-basis:70%\">\n<h2 class=\"wp-block-heading has-text-align-center has-text-color has-link-color wp-elements-b0641538b5eb8f5ca14d895d9804e812\" style=\"color:#6b8e23;font-size:clamp(0.984rem, 0.984rem + ((1vw - 0.2rem) * 0.86), 1.5rem);\"><a data-type=\"page\" data-id=\"474\" href=\"https:\/\/batiderm.fr\/index.php\/accueil-audits\/\"><strong>Audits \u00e9nerg\u00e9tiques de logements et missions \u00ab\u00a0Mon Accompagnateur Renov\u00a0\u00bb<\/strong><\/a><\/h2>\n\n\n\n<p>Pour les immeubles collectifs et les maisons individuelles, Batiderm r\u00e9alise depuis 2014 :<\/p>\n\n\n\n<ul class=\"wp-block-list is-style-checkmark-list\">\n<li>des audits \u00e9nerg\u00e9tiques \u00ab\u00a0ch\u00e8que-\u00e9co-\u00e9nergie Normandie\u00a0\u00bb<\/li>\n\n\n\n<li>des accompagnements \u00ab\u00a0Mon Accompagnateur Renov\u00a0\u00bb<\/li>\n\n\n\n<li>des diagnostics \u00e0 la cam\u00e9ra infra-rouge, des  mesures des syst\u00e8mes de ventilation<\/li>\n<\/ul>\n<\/div>\n\n\n\n<div class=\"wp-block-column is-layout-flow wp-block-column-is-layout-flow\">\n<figure class=\"wp-block-image size-full is-resized\"><img loading=\"lazy\" decoding=\"async\" width=\"292\" height=\"390\" src=\"https:\/\/batiderm.fr\/wp-content\/uploads\/2025\/08\/DC_1434fusr.jpg\" alt=\"Relev\u00e9 infra-rouge montrant les ponts thermiques d'un mur de maison individuelle isol\u00e9 par l'int\u00e9rieur\" class=\"wp-image-31\" style=\"aspect-ratio:0.7487378796377915;width:182px;height:auto\" srcset=\"https:\/\/batiderm.fr\/wp-content\/uploads\/2025\/08\/DC_1434fusr.jpg 292w, https:\/\/batiderm.fr\/wp-content\/uploads\/2025\/08\/DC_1434fusr-225x300.jpg 225w\" sizes=\"auto, (max-width: 292px) 100vw, 292px\" \/><\/figure>\n<\/div>\n<\/div>\n<\/div>\n\n\n\n<div class=\"wp-block-column has-border-color is-layout-flow wp-block-column-is-layout-flow\" style=\"border-color:#000;border-width:1%;border-top-left-radius:3%;border-top-right-radius:3%;border-bottom-left-radius:3%;border-bottom-right-radius:3%;padding-top:var(--wp--preset--spacing--10);padding-right:var(--wp--preset--spacing--10);padding-bottom:var(--wp--preset--spacing--10);padding-left:var(--wp--preset--spacing--10);box-shadow:var(--wp--preset--shadow--deep)\">\n<h2 class=\"wp-block-heading has-text-align-center\" style=\"font-size:clamp(0.984rem, 0.984rem + ((1vw - 0.2rem) * 0.86), 1.5rem);\"><strong><a href=\"https:\/\/batiderm.fr\/index.php\/etudes-thermiques\/\" data-type=\"page\" data-id=\"243\">Prestations d\u2019\u00c9tudes Thermiques<\/a><\/strong><\/h2>\n\n\n\n<p>Notre bureau d&rsquo;\u00e9tude thermique vous propose :<\/p>\n\n\n\n<ul class=\"wp-block-list is-style-checkmark-list\">\n<li>des \u00e9tudes thermiques neuf RE2020, incluant ACV (Analyse en cycle de vie et bilan carbone)<\/li>\n\n\n\n<li>des \u00e9tudes thermiques b\u00e2timents existants<\/li>\n<\/ul>\n<\/div>\n<\/div>\n\n\n\n<div class=\"wp-block-columns has-base-2-background-color has-background is-layout-flex wp-container-core-columns-is-layout-28f84493 wp-block-columns-is-layout-flex\">\n<div class=\"wp-block-column has-border-color is-layout-flow wp-block-column-is-layout-flow\" style=\"border-color:#000;border-width:1%;border-top-left-radius:3%;border-top-right-radius:3%;border-bottom-left-radius:3%;border-bottom-right-radius:3%;padding-top:var(--wp--preset--spacing--10);padding-right:var(--wp--preset--spacing--10);padding-bottom:var(--wp--preset--spacing--10);padding-left:var(--wp--preset--spacing--10);box-shadow:var(--wp--preset--shadow--deep)\">\n<h2 class=\"wp-block-heading has-text-align-center\" style=\"font-size:clamp(0.984rem, 0.984rem + ((1vw - 0.2rem) * 0.86), 1.5rem);\"><a href=\"https:\/\/batiderm.fr\/index.php\/prestation-de-conception-en-route-vers-lautonomie\/\"><strong>Prestation de Conception<\/strong> : <strong>En route vers l\u2019autonomie<\/strong><\/a><\/h2>\n\n\n\n<div class=\"wp-block-columns is-layout-flex wp-container-core-columns-is-layout-28f84493 wp-block-columns-is-layout-flex\">\n<div class=\"wp-block-column is-layout-flow wp-block-column-is-layout-flow\">\n<p>Batiderm propose une <strong>approche globale et technique<\/strong> pour concevoir ou r\u00e9nover des b\u00e2timents performants, en int\u00e9grant des outils de simulation, une analyse pluridisciplinaire, et des solutions adapt\u00e9es aux enjeux \u00e9nerg\u00e9tiques, environnementaux et patrimoniaux, gr\u00e2ce entre autres \u00e0 :<\/p>\n\n\n\n<ul style=\"margin-top:var(--wp--preset--spacing--10);margin-right:0;margin-bottom:var(--wp--preset--spacing--10);margin-left:0\" class=\"wp-block-list is-style-checkmark-list\">\n<li style=\"line-height:2.1\">une conception thermique de b\u00e2timents performants et\/ou passifs<\/li>\n\n\n\n<li>une approche transversale et pluridisciplinaire<\/li>\n\n\n\n<li>une r\u00e9habilitation du b\u00e2ti ancien et des petites cit\u00e9s<\/li>\n\n\n\n<li>une optimisation des ponts thermiques<\/li>\n<\/ul>\n<\/div>\n\n\n\n<div class=\"wp-block-column is-layout-flow wp-block-column-is-layout-flow\">\n<figure class=\"wp-block-image aligncenter size-full is-resized is-style-rounded is-style-rounded--2\"><img loading=\"lazy\" decoding=\"async\" width=\"1024\" height=\"768\" src=\"https:\/\/batiderm.fr\/wp-content\/uploads\/2026\/02\/conception-thermique-de-batiments-par-Batiderm.jpg\" alt=\"Conception bioclimatique\" class=\"wp-image-783\" style=\"aspect-ratio:1.333307417480257;width:385px;height:auto\" srcset=\"https:\/\/batiderm.fr\/wp-content\/uploads\/2026\/02\/conception-thermique-de-batiments-par-Batiderm.jpg 1024w, https:\/\/batiderm.fr\/wp-content\/uploads\/2026\/02\/conception-thermique-de-batiments-par-Batiderm-300x225.jpg 300w, https:\/\/batiderm.fr\/wp-content\/uploads\/2026\/02\/conception-thermique-de-batiments-par-Batiderm-768x576.jpg 768w\" sizes=\"auto, (max-width: 1024px) 100vw, 1024px\" \/><figcaption class=\"wp-element-caption\">conception thermique de b\u00e2timents par Batiderm<\/figcaption><\/figure>\n<\/div>\n<\/div>\n<\/div>\n<\/div>\n\n\n\n<div class=\"wp-block-columns has-base-2-background-color has-background is-layout-flex wp-container-core-columns-is-layout-28f84493 wp-block-columns-is-layout-flex\">\n<div class=\"wp-block-column has-border-color is-layout-flow wp-block-column-is-layout-flow\" style=\"border-color:#000;border-width:1%;border-top-left-radius:3%;border-top-right-radius:3%;border-bottom-left-radius:3%;border-bottom-right-radius:3%;padding-top:var(--wp--preset--spacing--10);padding-right:var(--wp--preset--spacing--10);padding-bottom:var(--wp--preset--spacing--10);padding-left:var(--wp--preset--spacing--10);box-shadow:var(--wp--preset--shadow--deep)\">\n<h2 class=\"wp-block-heading has-text-align-center\" style=\"font-size:clamp(0.984rem, 0.984rem + ((1vw - 0.2rem) * 0.86), 1.5rem);\"><strong><a href=\"https:\/\/batiderm.fr\/index.php\/etudes-hygrothermiques-de-parois\/\" data-type=\"page\" data-id=\"243\">\u00c9tudes&nbsp;hygrothermiques de parois sous WUFI<\/a><\/strong><\/h2>\n\n\n\n<p>Notre \u00e9quipe d&rsquo;experts en performance \u00e9nerg\u00e9tique r\u00e9alise :<\/p>\n\n\n\n<ul class=\"wp-block-list is-style-checkmark-list\">\n<li>des \u00e9tudes hygrothermiques dynamiques pour les professionnels , r\u00e9alis\u00e9es sous le logiciel WUFI, logiciel de r\u00e9f\u00e9rence internationale<\/li>\n\n\n\n<li>des \u00e9tudes de parois et \u00e9tude de jonctions 2D (2 dimensions)<\/li>\n\n\n\n<li>une expertise hygrothermique<\/li>\n\n\n\n<li>une prise en compte des enjeux de Ventilation<\/li>\n<\/ul>\n<\/div>\n\n\n\n<div class=\"wp-block-column has-border-color is-layout-flow wp-block-column-is-layout-flow\" style=\"border-color:#000;border-width:1%;border-top-left-radius:3%;border-top-right-radius:3%;border-bottom-left-radius:3%;border-bottom-right-radius:3%;padding-top:var(--wp--preset--spacing--10);padding-right:var(--wp--preset--spacing--10);padding-bottom:var(--wp--preset--spacing--10);padding-left:var(--wp--preset--spacing--10);box-shadow:var(--wp--preset--shadow--deep)\">\n<h2 class=\"wp-block-heading has-text-align-center\" style=\"font-size:clamp(0.984rem, 0.984rem + ((1vw - 0.2rem) * 0.86), 1.5rem);\"><strong><a href=\"https:\/\/batiderm.fr\/index.php\/techniques-disolation-davenir-pour-les-batiments-actuels-et-anciens-partenaire-en-innovation\/\" data-type=\"page\" data-id=\"247\"><strong>R&amp;D Innovation : Techniques d&rsquo;isolation d&rsquo;avenir pour les b\u00e2timents actuels et anciens<\/strong><\/a><\/strong><\/h2>\n\n\n\n<p>Batiderm, bureau d&rsquo;\u00e9tude thermique innovant, vous propose :<\/p>\n\n\n\n<ul class=\"wp-block-list is-style-checkmark-list\">\n<li>les solutions \u00ab\u00a0Baticok\u00a0\u00bb ; nos solutions sont actuellement \u00e0 la UNE de l&rsquo;actualit\u00e9 (<a href=\"https:\/\/www.habitatnaturel.fr\/restore-massifier-la-renovation-des-maisons-individuelles\/\" target=\"_blank\" rel=\"noreferrer noopener\">num\u00e9ro de Habitat Naturel du 24\/12\/2025<\/a>)<\/li>\n\n\n\n<li>les solutions des Eco-r\u00e9novateurs normands<\/li>\n<\/ul>\n<\/div>\n<\/div>\n","protected":false},"excerpt":{"rendered":"<p>Batiderm, votre bureau d&rsquo;\u00e9tudes thermiques \u00e0 Caen, Bayeux (14), Le Havre, Rouen (76), expert en efficacit\u00e9 \u00e9nerg\u00e9tique et r\u00e9novation thermique. Sp\u00e9cialis\u00e9s dans les audits \u00e9nerg\u00e9tiques et \u00e9tudes thermiques dans le Calvados, la Seine-Maritime et l&rsquo;Orne, nous accompagnons les particuliers et les professionnels pour des projets thermiquement performants. Notre \u00e9quipe d\u2019experts vous propose des solutions sur-mesure [&hellip;]<\/p>\n","protected":false},"author":1,"featured_media":458,"parent":0,"menu_order":0,"comment_status":"closed","ping_status":"closed","template":"page-with-sidebar","meta":{"footnotes":""},"class_list":["post-224","page","type-page","status-publish","has-post-thumbnail","hentry"],"yoast_head":"<!-- This site is optimized with the Yoast SEO plugin v27.2 - https:\/\/yoast.com\/product\/yoast-seo-wordpress\/ -->\n<title>Accueil - Batiderm<\/title>\n<meta name=\"description\" content=\"Vous recherchez un bureau d\u2019\u00e9tude thermique dans le Calvados ? Batiderm intervient sur toute la Normandie pour vous accompagner dans la conformit\u00e9 de vos projets de construction ou de r\u00e9novation.\" \/>\n<meta name=\"robots\" content=\"index, follow, max-snippet:-1, max-image-preview:large, max-video-preview:-1\" \/>\n<link rel=\"canonical\" href=\"https:\/\/batiderm.fr\/\" \/>\n<meta property=\"og:locale\" content=\"fr_FR\" \/>\n<meta property=\"og:type\" content=\"article\" \/>\n<meta property=\"og:title\" content=\"Accueil - Batiderm\" \/>\n<meta property=\"og:description\" content=\"Vous recherchez un bureau d\u2019\u00e9tude thermique dans le Calvados ? Batiderm intervient sur toute la Normandie pour vous accompagner dans la conformit\u00e9 de vos projets de construction ou de r\u00e9novation.\" \/>\n<meta property=\"og:url\" content=\"https:\/\/batiderm.fr\/\" \/>\n<meta property=\"og:site_name\" content=\"Batiderm\" \/>\n<meta property=\"article:publisher\" content=\"https:\/\/www.facebook.com\/p\/Btiderm-Ingnierie-100063553359377\/\" \/>\n<meta property=\"article:modified_time\" content=\"2026-03-24T11:08:24+00:00\" \/>\n<meta property=\"og:image\" content=\"https:\/\/batiderm.fr\/wp-content\/uploads\/2025\/12\/Logo_BatidermIng_compact.jpg\" \/>\n\t<meta property=\"og:image:width\" content=\"1354\" \/>\n\t<meta property=\"og:image:height\" content=\"896\" \/>\n\t<meta property=\"og:image:type\" content=\"image\/jpeg\" \/>\n<meta name=\"twitter:card\" content=\"summary_large_image\" \/>\n<meta name=\"twitter:label1\" content=\"Dur\u00e9e de lecture estim\u00e9e\" \/>\n\t<meta name=\"twitter:data1\" content=\"4 minutes\" \/>\n<script type=\"application\/ld+json\" class=\"yoast-schema-graph\">{\"@context\":\"https:\/\/schema.org\",\"@graph\":[{\"@type\":\"WebPage\",\"@id\":\"https:\/\/batiderm.fr\/\",\"url\":\"https:\/\/batiderm.fr\/\",\"name\":\"Accueil - Batiderm\",\"isPartOf\":{\"@id\":\"https:\/\/batiderm.fr\/#website\"},\"primaryImageOfPage\":{\"@id\":\"https:\/\/batiderm.fr\/#primaryimage\"},\"image\":{\"@id\":\"https:\/\/batiderm.fr\/#primaryimage\"},\"thumbnailUrl\":\"https:\/\/batiderm.fr\/wp-content\/uploads\/2025\/12\/Logo_BatidermIng_compact.jpg\",\"datePublished\":\"2025-11-20T14:26:34+00:00\",\"dateModified\":\"2026-03-24T11:08:24+00:00\",\"description\":\"Vous recherchez un bureau d\u2019\u00e9tude thermique dans le Calvados ? Batiderm intervient sur toute la Normandie pour vous accompagner dans la conformit\u00e9 de vos projets de construction ou de r\u00e9novation.\",\"breadcrumb\":{\"@id\":\"https:\/\/batiderm.fr\/#breadcrumb\"},\"inLanguage\":\"fr-FR\",\"potentialAction\":[{\"@type\":\"ReadAction\",\"target\":[\"https:\/\/batiderm.fr\/\"]}]},{\"@type\":\"ImageObject\",\"inLanguage\":\"fr-FR\",\"@id\":\"https:\/\/batiderm.fr\/#primaryimage\",\"url\":\"https:\/\/batiderm.fr\/wp-content\/uploads\/2025\/12\/Logo_BatidermIng_compact.jpg\",\"contentUrl\":\"https:\/\/batiderm.fr\/wp-content\/uploads\/2025\/12\/Logo_BatidermIng_compact.jpg\",\"width\":1354,\"height\":896},{\"@type\":\"BreadcrumbList\",\"@id\":\"https:\/\/batiderm.fr\/#breadcrumb\",\"itemListElement\":[{\"@type\":\"ListItem\",\"position\":1,\"name\":\"Accueil\",\"item\":\"https:\/\/batiderm.fr\/\"},{\"@type\":\"ListItem\",\"position\":2,\"name\":\"Accueil\"}]},{\"@type\":\"WebSite\",\"@id\":\"https:\/\/batiderm.fr\/#website\",\"url\":\"https:\/\/batiderm.fr\/\",\"name\":\"Batiderm\",\"description\":\"R\u00e9nover et r\u00e9habiliter, \u00e9conome et confortable\",\"publisher\":{\"@id\":\"https:\/\/batiderm.fr\/#organization\"},\"potentialAction\":[{\"@type\":\"SearchAction\",\"target\":{\"@type\":\"EntryPoint\",\"urlTemplate\":\"https:\/\/batiderm.fr\/?s={search_term_string}\"},\"query-input\":{\"@type\":\"PropertyValueSpecification\",\"valueRequired\":true,\"valueName\":\"search_term_string\"}}],\"inLanguage\":\"fr-FR\"},{\"@type\":\"Organization\",\"@id\":\"https:\/\/batiderm.fr\/#organization\",\"name\":\"Batiderm\",\"url\":\"https:\/\/batiderm.fr\/\",\"logo\":{\"@type\":\"ImageObject\",\"inLanguage\":\"fr-FR\",\"@id\":\"https:\/\/batiderm.fr\/#\/schema\/logo\/image\/\",\"url\":\"https:\/\/batiderm.fr\/wp-content\/uploads\/2025\/09\/Logo_BatidermIng_compact.jpg\",\"contentUrl\":\"https:\/\/batiderm.fr\/wp-content\/uploads\/2025\/09\/Logo_BatidermIng_compact.jpg\",\"width\":1354,\"height\":896,\"caption\":\"Batiderm\"},\"image\":{\"@id\":\"https:\/\/batiderm.fr\/#\/schema\/logo\/image\/\"},\"sameAs\":[\"https:\/\/www.facebook.com\/p\/Btiderm-Ingnierie-100063553359377\/\"]}]}<\/script>\n<!-- \/ Yoast SEO plugin. -->","yoast_head_json":{"title":"Accueil - Batiderm","description":"Vous recherchez un bureau d\u2019\u00e9tude thermique dans le Calvados ? Batiderm intervient sur toute la Normandie pour vous accompagner dans la conformit\u00e9 de vos projets de construction ou de r\u00e9novation.","robots":{"index":"index","follow":"follow","max-snippet":"max-snippet:-1","max-image-preview":"max-image-preview:large","max-video-preview":"max-video-preview:-1"},"canonical":"https:\/\/batiderm.fr\/","og_locale":"fr_FR","og_type":"article","og_title":"Accueil - Batiderm","og_description":"Vous recherchez un bureau d\u2019\u00e9tude thermique dans le Calvados ? Batiderm intervient sur toute la Normandie pour vous accompagner dans la conformit\u00e9 de vos projets de construction ou de r\u00e9novation.","og_url":"https:\/\/batiderm.fr\/","og_site_name":"Batiderm","article_publisher":"https:\/\/www.facebook.com\/p\/Btiderm-Ingnierie-100063553359377\/","article_modified_time":"2026-03-24T11:08:24+00:00","og_image":[{"width":1354,"height":896,"url":"https:\/\/batiderm.fr\/wp-content\/uploads\/2025\/12\/Logo_BatidermIng_compact.jpg","type":"image\/jpeg"}],"twitter_card":"summary_large_image","twitter_misc":{"Dur\u00e9e de lecture estim\u00e9e":"4 minutes"},"schema":{"@context":"https:\/\/schema.org","@graph":[{"@type":"WebPage","@id":"https:\/\/batiderm.fr\/","url":"https:\/\/batiderm.fr\/","name":"Accueil - Batiderm","isPartOf":{"@id":"https:\/\/batiderm.fr\/#website"},"primaryImageOfPage":{"@id":"https:\/\/batiderm.fr\/#primaryimage"},"image":{"@id":"https:\/\/batiderm.fr\/#primaryimage"},"thumbnailUrl":"https:\/\/batiderm.fr\/wp-content\/uploads\/2025\/12\/Logo_BatidermIng_compact.jpg","datePublished":"2025-11-20T14:26:34+00:00","dateModified":"2026-03-24T11:08:24+00:00","description":"Vous recherchez un bureau d\u2019\u00e9tude thermique dans le Calvados ? Batiderm intervient sur toute la Normandie pour vous accompagner dans la conformit\u00e9 de vos projets de construction ou de r\u00e9novation.","breadcrumb":{"@id":"https:\/\/batiderm.fr\/#breadcrumb"},"inLanguage":"fr-FR","potentialAction":[{"@type":"ReadAction","target":["https:\/\/batiderm.fr\/"]}]},{"@type":"ImageObject","inLanguage":"fr-FR","@id":"https:\/\/batiderm.fr\/#primaryimage","url":"https:\/\/batiderm.fr\/wp-content\/uploads\/2025\/12\/Logo_BatidermIng_compact.jpg","contentUrl":"https:\/\/batiderm.fr\/wp-content\/uploads\/2025\/12\/Logo_BatidermIng_compact.jpg","width":1354,"height":896},{"@type":"BreadcrumbList","@id":"https:\/\/batiderm.fr\/#breadcrumb","itemListElement":[{"@type":"ListItem","position":1,"name":"Accueil","item":"https:\/\/batiderm.fr\/"},{"@type":"ListItem","position":2,"name":"Accueil"}]},{"@type":"WebSite","@id":"https:\/\/batiderm.fr\/#website","url":"https:\/\/batiderm.fr\/","name":"Batiderm","description":"R\u00e9nover et r\u00e9habiliter, \u00e9conome et confortable","publisher":{"@id":"https:\/\/batiderm.fr\/#organization"},"potentialAction":[{"@type":"SearchAction","target":{"@type":"EntryPoint","urlTemplate":"https:\/\/batiderm.fr\/?s={search_term_string}"},"query-input":{"@type":"PropertyValueSpecification","valueRequired":true,"valueName":"search_term_string"}}],"inLanguage":"fr-FR"},{"@type":"Organization","@id":"https:\/\/batiderm.fr\/#organization","name":"Batiderm","url":"https:\/\/batiderm.fr\/","logo":{"@type":"ImageObject","inLanguage":"fr-FR","@id":"https:\/\/batiderm.fr\/#\/schema\/logo\/image\/","url":"https:\/\/batiderm.fr\/wp-content\/uploads\/2025\/09\/Logo_BatidermIng_compact.jpg","contentUrl":"https:\/\/batiderm.fr\/wp-content\/uploads\/2025\/09\/Logo_BatidermIng_compact.jpg","width":1354,"height":896,"caption":"Batiderm"},"image":{"@id":"https:\/\/batiderm.fr\/#\/schema\/logo\/image\/"},"sameAs":["https:\/\/www.facebook.com\/p\/Btiderm-Ingnierie-100063553359377\/"]}]}},"_links":{"self":[{"href":"https:\/\/batiderm.fr\/index.php\/wp-json\/wp\/v2\/pages\/224","targetHints":{"allow":["GET"]}}],"collection":[{"href":"https:\/\/batiderm.fr\/index.php\/wp-json\/wp\/v2\/pages"}],"about":[{"href":"https:\/\/batiderm.fr\/index.php\/wp-json\/wp\/v2\/types\/page"}],"author":[{"embeddable":true,"href":"https:\/\/batiderm.fr\/index.php\/wp-json\/wp\/v2\/users\/1"}],"replies":[{"embeddable":true,"href":"https:\/\/batiderm.fr\/index.php\/wp-json\/wp\/v2\/comments?post=224"}],"version-history":[{"count":88,"href":"https:\/\/batiderm.fr\/index.php\/wp-json\/wp\/v2\/pages\/224\/revisions"}],"predecessor-version":[{"id":837,"href":"https:\/\/batiderm.fr\/index.php\/wp-json\/wp\/v2\/pages\/224\/revisions\/837"}],"wp:featuredmedia":[{"embeddable":true,"href":"https:\/\/batiderm.fr\/index.php\/wp-json\/wp\/v2\/media\/458"}],"wp:attachment":[{"href":"https:\/\/batiderm.fr\/index.php\/wp-json\/wp\/v2\/media?parent=224"}],"curies":[{"name":"wp","href":"https:\/\/api.w.org\/{rel}","templated":true}]}}