{"id":243,"date":"2025-11-10T10:44:03","date_gmt":"2025-11-10T08:44:03","guid":{"rendered":"https:\/\/batiderm.fr\/?page_id=243"},"modified":"2025-12-30T12:55:03","modified_gmt":"2025-12-30T10:55:03","slug":"etudes-hygrothermiques-de-parois","status":"publish","type":"page","link":"https:\/\/batiderm.fr\/index.php\/etudes-hygrothermiques-de-parois\/","title":{"rendered":"Etudes hygrothermiques de parois"},"content":{"rendered":"\n<h1 class=\"wp-block-heading has-text-align-center has-custom-color-1-color has-text-color has-link-color has-large-font-size wp-elements-f544cd724f43716d54cf88a14f0565e5\"><strong>Etudes hygrothermiques de parois sous WUFI<\/strong><\/h1>\n\n\n\n<p>Les b\u00e2timents \u00e0 haute performance \u00e9nerg\u00e9tique, n\u00e9cessitent une ma\u00eetrise fine des transferts de chaleur et d\u2019humidit\u00e9 au sein de l\u2019enveloppe. Dans ce contexte, l\u2019\u00e9tude hygrothermique dynamique constitue un outil essentiel pour s\u00e9curiser la conception, pr\u00e9venir les pathologies et garantir la durabilit\u00e9 des ouvrages. Sp\u00e9cialis\u00e9 dans la conception de l&rsquo;enveloppe thermique des b\u00e2timents, B\u00e2tiderm Ing\u00e9nierie r\u00e9alise des \u00e9tudes hygrothermiques dynamiques de parties courantes ou des points singuliers des parois, avec le logiciel WUFI. Ces \u00e9tudes viennent en appui des missions de conception globale pour des projets r\u00e9sidentiels, tertiaires et publics.<\/p>\n\n\n\n<h2 class=\"wp-block-heading has-large-font-size\">Qu\u2019est-ce qu\u2019une \u00e9tude hygrothermique dynamique ?<\/h2>\n\n\n\n<p>Une \u00e9tude hygrothermique dynamique est une simulation num\u00e9rique temporelle int\u00e9grant la quasi-totalit\u00e9 des ph\u00e9nom\u00e8nes physiques impliquant la pr\u00e9sence et le d\u00e9placement de la chaleur et de l&rsquo;humidit\u00e9 dans les mat\u00e9riaux. Elle permet d&rsquo;analyser le comportement r\u00e9el des parois d\u2019un b\u00e2timent en prenant en compte les transferts coupl\u00e9s de chaleur, de vapeur d\u2019eau et d&rsquo;eau liquide. Contrairement aux approches simplifi\u00e9es ou stationnaires (type m\u00e9thode de Glaser), la simulation dynamique permet :<\/p>\n\n\n\n<ul class=\"wp-block-list\">\n<li>d\u2019int\u00e9grer les variations climatiques r\u00e9elles,<\/li>\n\n\n\n<li>de simuler les transferts r\u00e9els d&rsquo;humidit\u00e9 et de chaleur, heure par heure, et donc :\n<ul class=\"wp-block-list\">\n<li>d\u2019\u00e9valuer l\u2019\u00e9volution de l\u2019humidit\u00e9 dans les mat\u00e9riaux,<\/li>\n\n\n\n<li>d\u2019anticiper les risques de condensation, de moisissures et de d\u00e9gradations.<\/li>\n<\/ul>\n<\/li>\n<\/ul>\n\n\n\n<p>Ces \u00e9tudes sont particuli\u00e8rement adapt\u00e9es aux b\u00e2timents tr\u00e8s performants, aux parois complexes et aux projets int\u00e9grant des mat\u00e9riaux innovants ou biosourc\u00e9s. Le logiciel WUFI (W\u00e4rme Und Feuchte Instation\u00e4r) est une r\u00e9f\u00e9rence internationale pour la simulation hygrothermique dynamique des parois. Issu de travaux de recherche scientifique notamment en Allemagne, WUFI permet :<\/p>\n\n\n\n<ul class=\"wp-block-list\">\n<li>la mod\u00e9lisation fine des transferts chaleur \/ humidit\u00e9,<\/li>\n\n\n\n<li>l\u2019analyse de parois multicouches en conditions r\u00e9elles,<\/li>\n\n\n\n<li>la prise en compte des propri\u00e9t\u00e9s hygroscopiques des mat\u00e9riaux (mat\u00e9riaux anciens et biosourc\u00e9s notamment),<\/li>\n\n\n\n<li>l\u2019utilisation de bases de donn\u00e9es climatiques locales et\/ou sp\u00e9cifiques.<\/li>\n<\/ul>\n\n\n\n<h2 class=\"wp-block-heading has-large-font-size\">Dans quels cas une \u00e9tude WUFI est-elle indispensable ?<\/h2>\n\n\n\n<p>WUFI est aujourd\u2019hui surtout utilis\u00e9 dans les projets innovants et performants, ou plus g\u00e9n\u00e9ralement en cas de doute sur une composition dans un contexte climatique donn\u00e9. Une \u00e9tude hygrothermique dynamique avec WUFI est fortement recommand\u00e9e, voire indispensable, dans les situations suivantes :<\/p>\n\n\n\n<ul class=\"wp-block-list\">\n<li>risques identifi\u00e9s de condensation surfacique ou interstitielle,<\/li>\n\n\n\n<li>utilisation de mat\u00e9riaux biosourc\u00e9s (bois, fibres v\u00e9g\u00e9tales, isolants hygroscopiques),<\/li>\n\n\n\n<li>n\u00e9cessit\u00e9 de valider une composition de paroi de fa\u00e7on plus robuste qu&rsquo;avec le recours aux r\u00e8gles empiriques traditionnelles (r\u00e8gle des 2\/3-1\/3, r\u00e8gle du 5 pour 1) concernant l&rsquo;isolation thermique et la gestion de la r\u00e9sistance \u00e0 la diffusion de vapeur d&rsquo;eau (Sd) dans les parois,<\/li>\n\n\n\n<li>projets avec ITI 5isolation Thermique par l&rsquo;Int\u00e9rieur) ou ITE (Isolation Thermique par l&rsquo;Ext\u00e9rieur) complexes,<\/li>\n\n\n\n<li>b\u00e2timents expos\u00e9s \u00e0 des conditions climatiques sp\u00e9cifiques (bord de mer, vall\u00e9es humides, &#8230;)<\/li>\n<\/ul>\n\n\n\n<p>Ces \u00e9tudes permettent de s\u00e9curiser les choix constructifs d\u00e8s la phase conception et d\u2019\u00e9viter des d\u00e9sordres co\u00fbteux \u00e0 long terme.<\/p>\n\n\n\n<h2 class=\"wp-block-heading has-large-font-size\">L\u2019expertise WUFI de B\u00e2tiderm Ing\u00e9nierie<\/h2>\n\n\n\n<p>B\u00e2tiderm Ing\u00e9nierie est un bureau d\u2019\u00e9tudes sp\u00e9cialis\u00e9 dans la conception de b\u00e2timents tr\u00e8s performants sur le plan thermique et hygrothermique. Notre expertise WUFI s\u2019appuie sur :<\/p>\n\n\n\n<ul class=\"wp-block-list\">\n<li>plusieurs ann\u00e9es d&rsquo;exp\u00e9rience en simulation hygrothermique dynamique,<\/li>\n\n\n\n<li>notre implication r\u00e9cente dans un projet de recherche de premier plan au niveau national (Profeel 2 RESTORE), qui a permis \u00e0 BATIDERM ing\u00e9nierie d&rsquo;affiner son expertise au contact d&rsquo;ing\u00e9nieurs du CSTB (Centre Scientifique et Technique du B\u00e2timent),<\/li>\n\n\n\n<li>le recours \u00e0 une m\u00e9thodologie de travail rigoureuse et conforme \u00e0 l&rsquo;\u00e9tat de l&rsquo;art des connaissances,<\/li>\n\n\n\n<li>une int\u00e9gration des \u00e9tudes WUFI dans le flux des  missions de conception globale soit par nos soins soit par des partenaires architectes et concepteurs.<\/li>\n<\/ul>\n\n\n\n<h2 class=\"wp-block-heading has-large-font-size\">L&rsquo;offre de services de B\u00e2tiderm Ing\u00e9nierie en \u00e9tudes hygrothermiques WUFI<\/h2>\n\n\n\n<p>B\u00e2tiderm ing\u00e9nierie r\u00e9alise des \u00e9tudes hygrothermiques pour :<\/p>\n\n\n\n<ul class=\"wp-block-list is-style-default\">\n<li>les entreprises, les artisans, <\/li>\n\n\n\n<li>les architectes et plus largement tous les concepteurs de projets,<\/li>\n\n\n\n<li>les ma\u00eetres d&rsquo;ouvrages.<\/li>\n<\/ul>\n\n\n\n<p>Les cadres d&rsquo;utilisation des simulations sous WUFI sont de deux types :<\/p>\n\n\n\n<ul class=\"wp-block-list\">\n<li>comme outil de v\u00e9rification (par exemple dans le cadre d&rsquo;expertises), <\/li>\n\n\n\n<li>comme outil de conception et d&rsquo;optimisation, au service de la qualit\u00e9 et de la p\u00e9rennit\u00e9 des projets.<\/li>\n<\/ul>\n\n\n\n<p>Nous mettons ce savoir-faire \u00e0 disposition de tous en vue valider les complexes isolants lorsqu&rsquo;un doute existe ou qu&rsquo;une optimisation est n\u00e9cessaire. Chaque \u00e9tude est adapt\u00e9e aux sp\u00e9cificit\u00e9s du projet, \u00e0 son usage et \u00e0 son contexte climatique.<\/p>\n\n\n\n<p><strong>Nous pouvons valider et optimiser les complexes :<\/strong><\/p>\n\n\n\n<ul class=\"wp-block-list\">\n<li><strong>en partie courante pour les parois homog\u00e8nes (simulation en 1 dimension sous WUFI Pro)<\/strong><\/li>\n\n\n\n<li><strong>pour les parois h\u00e9t\u00e9rog\u00e8nes (simulation en 1 dimension sous WUFI Pro ou en 2 dimensions sous WUFI 2D). <\/strong><\/li>\n\n\n\n<li><strong>au niveau des points particuliers (simulation en 2 dimensions sous WUFI 2D)<\/strong><\/li>\n<\/ul>\n\n\n\n<p><\/p>\n\n\n\n<h2 class=\"wp-block-heading has-large-font-size\">M\u00e9thodologie d\u2019une \u00e9tude hygrothermique WUFI<\/h2>\n\n\n\n<p>Nos \u00e9tudes suivent une m\u00e9thodologie reconnue par les centres fran\u00e7ais et europ\u00e9ens d&rsquo;expertise (CEREMA -Centre d&rsquo;\u00e9tudes et d&rsquo;expertise sur les risques, l&rsquo;environnement, la mobilit\u00e9 et l&rsquo;am\u00e9nagement-, CSTB, Fraunh\u00f6fer Institut) et qui int\u00e8gre :<\/p>\n\n\n\n<ul class=\"wp-block-list\">\n<li>Analyse du projet et des objectifs, d\u00e9finition des sc\u00e9narios de simulation,<\/li>\n\n\n\n<li>D\u00e9finition des parois et des mat\u00e9riaux,<\/li>\n\n\n\n<li>Choix des donn\u00e9es climatiques \u00e0 prendre en compte,<\/li>\n\n\n\n<li>Conclusions bas\u00e9es sur les cadres normatifs conforme \u00e0 l&rsquo;\u00e9tat de l&rsquo;art,<\/li>\n\n\n\n<li>Recommandations techniques et constructives.<\/li>\n<\/ul>\n\n\n\n<p>Cette d\u00e9marche permet d\u2019apporter des conclusions exploitables par les concepteurs, architectes et ma\u00eetres d\u2019ouvrage.<\/p>\n\n\n\n<h2 class=\"wp-block-heading has-large-font-size\">Pourquoi confier votre \u00e9tude WUFI \u00e0 B\u00e2tiderm Ing\u00e9nierie ?<\/h2>\n\n\n\n<ul class=\"wp-block-list\">\n<li>Nous sommes un bureau d\u2019\u00e9tudes ind\u00e9pendant, exp\u00e9riment\u00e9 dans la conception hygrothermique des parois, dans la simulation num\u00e9rique et en particulier dans les simulation hygrothermiques dynamiques sous WUFI, mais aussi sur les sujet connexes de la gestion de la ventilation et des ambiances int\u00e9rieures des b\u00e2timents.<\/li>\n\n\n\n<li>Notre approche est bas\u00e9e sur une d\u00e9marche scientifique et technique,<\/li>\n\n\n\n<li>Notre exp\u00e9rience sur des projets vari\u00e9s et complexes.<\/li>\n<\/ul>\n\n\n\n<p>Notre objectif est de contribuer \u00e0 la conception de b\u00e2timents performants, durables et p\u00e9rennes dans le temps.<\/p>\n\n\n\n<h2 class=\"wp-block-heading has-large-font-size\">Vous souhaitez s\u00e9curiser votre projet gr\u00e2ce \u00e0 une \u00e9tude hygrothermique dynamique avec WUFI ?<\/h2>\n\n\n\n<p>B\u00e2tiderm Ing\u00e9nierie vous accompagne d\u00e8s les premi\u00e8res phases de conception. Contactez-nous pour \u00e9changer sur votre projet et sur vos besoins.<\/p>\n","protected":false},"excerpt":{"rendered":"<p>Etudes hygrothermiques de parois sous WUFI Les b\u00e2timents \u00e0 haute performance \u00e9nerg\u00e9tique, n\u00e9cessitent une ma\u00eetrise fine des transferts de chaleur et d\u2019humidit\u00e9 au sein de l\u2019enveloppe. Dans ce contexte, l\u2019\u00e9tude hygrothermique dynamique constitue un outil essentiel pour s\u00e9curiser la conception, pr\u00e9venir les pathologies et garantir la durabilit\u00e9 des ouvrages. Sp\u00e9cialis\u00e9 dans la conception de l&rsquo;enveloppe [&hellip;]<\/p>\n","protected":false},"author":1,"featured_media":458,"parent":0,"menu_order":0,"comment_status":"closed","ping_status":"closed","template":"page-with-sidebar","meta":{"footnotes":""},"class_list":["post-243","page","type-page","status-publish","has-post-thumbnail","hentry"],"yoast_head":"<!-- This site is optimized with the Yoast SEO plugin v27.2 - https:\/\/yoast.com\/product\/yoast-seo-wordpress\/ -->\n<title>Etudes hygrothermiques de parois - Batiderm<\/title>\n<meta name=\"robots\" content=\"index, follow, max-snippet:-1, max-image-preview:large, max-video-preview:-1\" \/>\n<link rel=\"canonical\" href=\"https:\/\/batiderm.fr\/index.php\/etudes-hygrothermiques-de-parois\/\" \/>\n<meta property=\"og:locale\" content=\"fr_FR\" \/>\n<meta property=\"og:type\" content=\"article\" \/>\n<meta property=\"og:title\" content=\"Etudes hygrothermiques de parois - Batiderm\" \/>\n<meta property=\"og:description\" content=\"Etudes hygrothermiques de parois sous WUFI Les b\u00e2timents \u00e0 haute performance \u00e9nerg\u00e9tique, n\u00e9cessitent une ma\u00eetrise fine des transferts de chaleur et d\u2019humidit\u00e9 au sein de l\u2019enveloppe. Dans ce contexte, l\u2019\u00e9tude hygrothermique dynamique constitue un outil essentiel pour s\u00e9curiser la conception, pr\u00e9venir les pathologies et garantir la durabilit\u00e9 des ouvrages. Sp\u00e9cialis\u00e9 dans la conception de l&rsquo;enveloppe [&hellip;]\" \/>\n<meta property=\"og:url\" content=\"https:\/\/batiderm.fr\/index.php\/etudes-hygrothermiques-de-parois\/\" \/>\n<meta property=\"og:site_name\" content=\"Batiderm\" \/>\n<meta property=\"article:publisher\" content=\"https:\/\/www.facebook.com\/p\/Btiderm-Ingnierie-100063553359377\/\" \/>\n<meta property=\"article:modified_time\" content=\"2025-12-30T10:55:03+00:00\" \/>\n<meta property=\"og:image\" content=\"https:\/\/batiderm.fr\/wp-content\/uploads\/2025\/12\/Logo_BatidermIng_compact.jpg\" \/>\n\t<meta property=\"og:image:width\" content=\"1354\" \/>\n\t<meta property=\"og:image:height\" content=\"896\" \/>\n\t<meta property=\"og:image:type\" content=\"image\/jpeg\" \/>\n<meta name=\"twitter:card\" content=\"summary_large_image\" \/>\n<meta name=\"twitter:label1\" content=\"Dur\u00e9e de lecture estim\u00e9e\" \/>\n\t<meta name=\"twitter:data1\" content=\"5 minutes\" \/>\n<script type=\"application\/ld+json\" class=\"yoast-schema-graph\">{\"@context\":\"https:\/\/schema.org\",\"@graph\":[{\"@type\":\"WebPage\",\"@id\":\"https:\/\/batiderm.fr\/index.php\/etudes-hygrothermiques-de-parois\/\",\"url\":\"https:\/\/batiderm.fr\/index.php\/etudes-hygrothermiques-de-parois\/\",\"name\":\"Etudes hygrothermiques de parois - Batiderm\",\"isPartOf\":{\"@id\":\"https:\/\/batiderm.fr\/#website\"},\"primaryImageOfPage\":{\"@id\":\"https:\/\/batiderm.fr\/index.php\/etudes-hygrothermiques-de-parois\/#primaryimage\"},\"image\":{\"@id\":\"https:\/\/batiderm.fr\/index.php\/etudes-hygrothermiques-de-parois\/#primaryimage\"},\"thumbnailUrl\":\"https:\/\/batiderm.fr\/wp-content\/uploads\/2025\/12\/Logo_BatidermIng_compact.jpg\",\"datePublished\":\"2025-11-10T08:44:03+00:00\",\"dateModified\":\"2025-12-30T10:55:03+00:00\",\"breadcrumb\":{\"@id\":\"https:\/\/batiderm.fr\/index.php\/etudes-hygrothermiques-de-parois\/#breadcrumb\"},\"inLanguage\":\"fr-FR\",\"potentialAction\":[{\"@type\":\"ReadAction\",\"target\":[\"https:\/\/batiderm.fr\/index.php\/etudes-hygrothermiques-de-parois\/\"]}]},{\"@type\":\"ImageObject\",\"inLanguage\":\"fr-FR\",\"@id\":\"https:\/\/batiderm.fr\/index.php\/etudes-hygrothermiques-de-parois\/#primaryimage\",\"url\":\"https:\/\/batiderm.fr\/wp-content\/uploads\/2025\/12\/Logo_BatidermIng_compact.jpg\",\"contentUrl\":\"https:\/\/batiderm.fr\/wp-content\/uploads\/2025\/12\/Logo_BatidermIng_compact.jpg\",\"width\":1354,\"height\":896},{\"@type\":\"BreadcrumbList\",\"@id\":\"https:\/\/batiderm.fr\/index.php\/etudes-hygrothermiques-de-parois\/#breadcrumb\",\"itemListElement\":[{\"@type\":\"ListItem\",\"position\":1,\"name\":\"Accueil\",\"item\":\"https:\/\/batiderm.fr\/\"},{\"@type\":\"ListItem\",\"position\":2,\"name\":\"Etudes hygrothermiques de parois\"}]},{\"@type\":\"WebSite\",\"@id\":\"https:\/\/batiderm.fr\/#website\",\"url\":\"https:\/\/batiderm.fr\/\",\"name\":\"Batiderm\",\"description\":\"R\u00e9nover et r\u00e9habiliter, \u00e9conome et confortable\",\"publisher\":{\"@id\":\"https:\/\/batiderm.fr\/#organization\"},\"potentialAction\":[{\"@type\":\"SearchAction\",\"target\":{\"@type\":\"EntryPoint\",\"urlTemplate\":\"https:\/\/batiderm.fr\/?s={search_term_string}\"},\"query-input\":{\"@type\":\"PropertyValueSpecification\",\"valueRequired\":true,\"valueName\":\"search_term_string\"}}],\"inLanguage\":\"fr-FR\"},{\"@type\":\"Organization\",\"@id\":\"https:\/\/batiderm.fr\/#organization\",\"name\":\"Batiderm\",\"url\":\"https:\/\/batiderm.fr\/\",\"logo\":{\"@type\":\"ImageObject\",\"inLanguage\":\"fr-FR\",\"@id\":\"https:\/\/batiderm.fr\/#\/schema\/logo\/image\/\",\"url\":\"https:\/\/batiderm.fr\/wp-content\/uploads\/2025\/09\/Logo_BatidermIng_compact.jpg\",\"contentUrl\":\"https:\/\/batiderm.fr\/wp-content\/uploads\/2025\/09\/Logo_BatidermIng_compact.jpg\",\"width\":1354,\"height\":896,\"caption\":\"Batiderm\"},\"image\":{\"@id\":\"https:\/\/batiderm.fr\/#\/schema\/logo\/image\/\"},\"sameAs\":[\"https:\/\/www.facebook.com\/p\/Btiderm-Ingnierie-100063553359377\/\"]}]}<\/script>\n<!-- \/ Yoast SEO plugin. -->","yoast_head_json":{"title":"Etudes hygrothermiques de parois - Batiderm","robots":{"index":"index","follow":"follow","max-snippet":"max-snippet:-1","max-image-preview":"max-image-preview:large","max-video-preview":"max-video-preview:-1"},"canonical":"https:\/\/batiderm.fr\/index.php\/etudes-hygrothermiques-de-parois\/","og_locale":"fr_FR","og_type":"article","og_title":"Etudes hygrothermiques de parois - Batiderm","og_description":"Etudes hygrothermiques de parois sous WUFI Les b\u00e2timents \u00e0 haute performance \u00e9nerg\u00e9tique, n\u00e9cessitent une ma\u00eetrise fine des transferts de chaleur et d\u2019humidit\u00e9 au sein de l\u2019enveloppe. Dans ce contexte, l\u2019\u00e9tude hygrothermique dynamique constitue un outil essentiel pour s\u00e9curiser la conception, pr\u00e9venir les pathologies et garantir la durabilit\u00e9 des ouvrages. Sp\u00e9cialis\u00e9 dans la conception de l&rsquo;enveloppe [&hellip;]","og_url":"https:\/\/batiderm.fr\/index.php\/etudes-hygrothermiques-de-parois\/","og_site_name":"Batiderm","article_publisher":"https:\/\/www.facebook.com\/p\/Btiderm-Ingnierie-100063553359377\/","article_modified_time":"2025-12-30T10:55:03+00:00","og_image":[{"width":1354,"height":896,"url":"https:\/\/batiderm.fr\/wp-content\/uploads\/2025\/12\/Logo_BatidermIng_compact.jpg","type":"image\/jpeg"}],"twitter_card":"summary_large_image","twitter_misc":{"Dur\u00e9e de lecture estim\u00e9e":"5 minutes"},"schema":{"@context":"https:\/\/schema.org","@graph":[{"@type":"WebPage","@id":"https:\/\/batiderm.fr\/index.php\/etudes-hygrothermiques-de-parois\/","url":"https:\/\/batiderm.fr\/index.php\/etudes-hygrothermiques-de-parois\/","name":"Etudes hygrothermiques de parois - Batiderm","isPartOf":{"@id":"https:\/\/batiderm.fr\/#website"},"primaryImageOfPage":{"@id":"https:\/\/batiderm.fr\/index.php\/etudes-hygrothermiques-de-parois\/#primaryimage"},"image":{"@id":"https:\/\/batiderm.fr\/index.php\/etudes-hygrothermiques-de-parois\/#primaryimage"},"thumbnailUrl":"https:\/\/batiderm.fr\/wp-content\/uploads\/2025\/12\/Logo_BatidermIng_compact.jpg","datePublished":"2025-11-10T08:44:03+00:00","dateModified":"2025-12-30T10:55:03+00:00","breadcrumb":{"@id":"https:\/\/batiderm.fr\/index.php\/etudes-hygrothermiques-de-parois\/#breadcrumb"},"inLanguage":"fr-FR","potentialAction":[{"@type":"ReadAction","target":["https:\/\/batiderm.fr\/index.php\/etudes-hygrothermiques-de-parois\/"]}]},{"@type":"ImageObject","inLanguage":"fr-FR","@id":"https:\/\/batiderm.fr\/index.php\/etudes-hygrothermiques-de-parois\/#primaryimage","url":"https:\/\/batiderm.fr\/wp-content\/uploads\/2025\/12\/Logo_BatidermIng_compact.jpg","contentUrl":"https:\/\/batiderm.fr\/wp-content\/uploads\/2025\/12\/Logo_BatidermIng_compact.jpg","width":1354,"height":896},{"@type":"BreadcrumbList","@id":"https:\/\/batiderm.fr\/index.php\/etudes-hygrothermiques-de-parois\/#breadcrumb","itemListElement":[{"@type":"ListItem","position":1,"name":"Accueil","item":"https:\/\/batiderm.fr\/"},{"@type":"ListItem","position":2,"name":"Etudes hygrothermiques de parois"}]},{"@type":"WebSite","@id":"https:\/\/batiderm.fr\/#website","url":"https:\/\/batiderm.fr\/","name":"Batiderm","description":"R\u00e9nover et r\u00e9habiliter, \u00e9conome et confortable","publisher":{"@id":"https:\/\/batiderm.fr\/#organization"},"potentialAction":[{"@type":"SearchAction","target":{"@type":"EntryPoint","urlTemplate":"https:\/\/batiderm.fr\/?s={search_term_string}"},"query-input":{"@type":"PropertyValueSpecification","valueRequired":true,"valueName":"search_term_string"}}],"inLanguage":"fr-FR"},{"@type":"Organization","@id":"https:\/\/batiderm.fr\/#organization","name":"Batiderm","url":"https:\/\/batiderm.fr\/","logo":{"@type":"ImageObject","inLanguage":"fr-FR","@id":"https:\/\/batiderm.fr\/#\/schema\/logo\/image\/","url":"https:\/\/batiderm.fr\/wp-content\/uploads\/2025\/09\/Logo_BatidermIng_compact.jpg","contentUrl":"https:\/\/batiderm.fr\/wp-content\/uploads\/2025\/09\/Logo_BatidermIng_compact.jpg","width":1354,"height":896,"caption":"Batiderm"},"image":{"@id":"https:\/\/batiderm.fr\/#\/schema\/logo\/image\/"},"sameAs":["https:\/\/www.facebook.com\/p\/Btiderm-Ingnierie-100063553359377\/"]}]}},"_links":{"self":[{"href":"https:\/\/batiderm.fr\/index.php\/wp-json\/wp\/v2\/pages\/243","targetHints":{"allow":["GET"]}}],"collection":[{"href":"https:\/\/batiderm.fr\/index.php\/wp-json\/wp\/v2\/pages"}],"about":[{"href":"https:\/\/batiderm.fr\/index.php\/wp-json\/wp\/v2\/types\/page"}],"author":[{"embeddable":true,"href":"https:\/\/batiderm.fr\/index.php\/wp-json\/wp\/v2\/users\/1"}],"replies":[{"embeddable":true,"href":"https:\/\/batiderm.fr\/index.php\/wp-json\/wp\/v2\/comments?post=243"}],"version-history":[{"count":23,"href":"https:\/\/batiderm.fr\/index.php\/wp-json\/wp\/v2\/pages\/243\/revisions"}],"predecessor-version":[{"id":737,"href":"https:\/\/batiderm.fr\/index.php\/wp-json\/wp\/v2\/pages\/243\/revisions\/737"}],"wp:featuredmedia":[{"embeddable":true,"href":"https:\/\/batiderm.fr\/index.php\/wp-json\/wp\/v2\/media\/458"}],"wp:attachment":[{"href":"https:\/\/batiderm.fr\/index.php\/wp-json\/wp\/v2\/media?parent=243"}],"curies":[{"name":"wp","href":"https:\/\/api.w.org\/{rel}","templated":true}]}}