{"id":384,"date":"2025-12-06T11:02:53","date_gmt":"2025-12-06T09:02:53","guid":{"rendered":"https:\/\/batiderm.fr\/?page_id=384"},"modified":"2025-12-30T12:59:33","modified_gmt":"2025-12-30T10:59:33","slug":"etudes-thermiques","status":"publish","type":"page","link":"https:\/\/batiderm.fr\/index.php\/etudes-thermiques\/","title":{"rendered":"Etudes Thermiques"},"content":{"rendered":"\n<h1 class=\"wp-block-heading has-text-align-center has-custom-color-1-color has-text-color has-link-color has-large-font-size wp-elements-ea1669606fb6a5779de55630ee041af6\"><strong>Etudes Thermiques et ACV<\/strong><\/h1>\n\n\n\n<h2 class=\"wp-block-heading has-large-font-size\">Simulations thermiques dynamiques<\/h2>\n\n\n\n<p><a href=\"https:\/\/batiderm.fr\/index.php\/simulation-thermique\/\" data-type=\"page\" data-id=\"69\">cliquer ICI<\/a><\/p>\n\n\n\n<h2 class=\"wp-block-heading has-large-font-size\">Etudes RE2020<\/h2>\n\n\n\n<div class=\"wp-block-columns is-layout-flex wp-container-core-columns-is-layout-28f84493 wp-block-columns-is-layout-flex\">\n<div class=\"wp-block-column is-layout-flow wp-block-column-is-layout-flow\" style=\"flex-basis:66.66%\">\n<p>La RE2020 fixe des exigences renforc\u00e9es en mati\u00e8re de performance \u00e9nerg\u00e9tique des b\u00e2timents neufs. Elle repose sur une approche globale int\u00e9grant la sobri\u00e9t\u00e9 \u00e9nerg\u00e9tique (Bbio), l\u2019efficacit\u00e9 des syst\u00e8mes (Cep, Cep,nr) et le recours aux \u00e9nergies renouvelables.<\/p>\n\n\n\n<p>Notre bureau d\u2019\u00e9tude accompagne les ma\u00eetres d\u2019ouvrage et la ma\u00eetrise d\u2019\u0153uvre dans l\u2019optimisation des choix architecturaux et techniques afin d\u2019assurer la conformit\u00e9 r\u00e9glementaire et la performance \u00e9nerg\u00e9tique durable des projets.<\/p>\n<\/div>\n\n\n\n<div class=\"wp-block-column is-layout-flow wp-block-column-is-layout-flow\" style=\"flex-basis:33.33%\">\n<figure class=\"wp-block-image size-full\"><img loading=\"lazy\" decoding=\"async\" width=\"500\" height=\"162\" src=\"https:\/\/batiderm.fr\/wp-content\/uploads\/2025\/12\/Re2020.webp\" alt=\"\" class=\"wp-image-719\" srcset=\"https:\/\/batiderm.fr\/wp-content\/uploads\/2025\/12\/Re2020.webp 500w, https:\/\/batiderm.fr\/wp-content\/uploads\/2025\/12\/Re2020-300x97.webp 300w\" sizes=\"auto, (max-width: 500px) 100vw, 500px\" \/><\/figure>\n<\/div>\n<\/div>\n\n\n\n<figure class=\"wp-block-image size-large\"><img loading=\"lazy\" decoding=\"async\" width=\"1024\" height=\"581\" src=\"https:\/\/batiderm.fr\/wp-content\/uploads\/2025\/12\/etude-thermique-obligatoire-renovation-Maison-individuelle-1024x581.jpg\" alt=\"\" class=\"wp-image-731\" srcset=\"https:\/\/batiderm.fr\/wp-content\/uploads\/2025\/12\/etude-thermique-obligatoire-renovation-Maison-individuelle-1024x581.jpg 1024w, https:\/\/batiderm.fr\/wp-content\/uploads\/2025\/12\/etude-thermique-obligatoire-renovation-Maison-individuelle-300x170.jpg 300w, https:\/\/batiderm.fr\/wp-content\/uploads\/2025\/12\/etude-thermique-obligatoire-renovation-Maison-individuelle-768x436.jpg 768w, https:\/\/batiderm.fr\/wp-content\/uploads\/2025\/12\/etude-thermique-obligatoire-renovation-Maison-individuelle.jpg 1400w\" sizes=\"auto, (max-width: 1024px) 100vw, 1024px\" \/><\/figure>\n\n\n\n<p class=\"has-large-font-size\">Analyses de Cycle de vie<\/p>\n\n\n\n<p>L\u2019objectif est de limiter les besoins en chauffage, refroidissement et \u00e9clairage, tout en r\u00e9duisant la consommation d\u2019\u00e9nergie primaire non renouvelable.<\/p>\n\n\n\n<div class=\"wp-block-columns is-layout-flex wp-container-core-columns-is-layout-28f84493 wp-block-columns-is-layout-flex\">\n<div class=\"wp-block-column is-layout-flow wp-block-column-is-layout-flow\" style=\"flex-basis:40%\">\n<figure class=\"wp-block-image size-full is-resized\"><img loading=\"lazy\" decoding=\"async\" width=\"372\" height=\"333\" src=\"https:\/\/batiderm.fr\/wp-content\/uploads\/2025\/12\/ACV_1.png\" alt=\"\" class=\"wp-image-718\" style=\"aspect-ratio:1.1171226127352072;width:630px;height:auto\" srcset=\"https:\/\/batiderm.fr\/wp-content\/uploads\/2025\/12\/ACV_1.png 372w, https:\/\/batiderm.fr\/wp-content\/uploads\/2025\/12\/ACV_1-300x269.png 300w\" sizes=\"auto, (max-width: 372px) 100vw, 372px\" \/><\/figure>\n<\/div>\n\n\n\n<div class=\"wp-block-column is-layout-flow wp-block-column-is-layout-flow\" style=\"flex-basis:60%\">\n<p>L\u2019Analyse du Cycle de Vie permet d\u2019\u00e9valuer l\u2019impact environnemental global d\u2019un b\u00e2timent, depuis la fabrication des mat\u00e9riaux jusqu\u2019\u00e0 sa fin de vie. Int\u00e9gr\u00e9e \u00e0 la RE2020, l\u2019ACV permet de quantifier les \u00e9missions de gaz \u00e0 effet de serre et d\u2019orienter les choix constructifs vers des solutions \u00e0 plus faible impact carbone.<\/p>\n\n\n\n<p>Notre bureau d\u2019\u00e9tude accompagne les ma\u00eetres d\u2019ouvrage \u00e0 chaque \u00e9tape du projet afin d\u2019optimiser l\u2019empreinte carbone, s\u00e9curiser la conformit\u00e9 r\u00e9glementaire et concilier performance environnementale, co\u00fbts et exigences d\u2019usage.<\/p>\n<\/div>\n<\/div>\n","protected":false},"excerpt":{"rendered":"<p>Etudes Thermiques et ACV Simulations thermiques dynamiques cliquer ICI Etudes RE2020 La RE2020 fixe des exigences renforc\u00e9es en mati\u00e8re de performance \u00e9nerg\u00e9tique des b\u00e2timents neufs. Elle repose sur une approche globale int\u00e9grant la sobri\u00e9t\u00e9 \u00e9nerg\u00e9tique (Bbio), l\u2019efficacit\u00e9 des syst\u00e8mes (Cep, Cep,nr) et le recours aux \u00e9nergies renouvelables. Notre bureau d\u2019\u00e9tude accompagne les ma\u00eetres d\u2019ouvrage et [&hellip;]<\/p>\n","protected":false},"author":1,"featured_media":0,"parent":0,"menu_order":0,"comment_status":"closed","ping_status":"closed","template":"page-with-sidebar","meta":{"footnotes":""},"class_list":["post-384","page","type-page","status-publish","hentry"],"yoast_head":"<!-- This site is optimized with the Yoast SEO plugin v27.2 - https:\/\/yoast.com\/product\/yoast-seo-wordpress\/ -->\n<title>Etudes Thermiques - Batiderm<\/title>\n<meta name=\"robots\" content=\"index, follow, max-snippet:-1, max-image-preview:large, max-video-preview:-1\" \/>\n<link rel=\"canonical\" href=\"https:\/\/batiderm.fr\/index.php\/etudes-thermiques\/\" \/>\n<meta property=\"og:locale\" content=\"fr_FR\" \/>\n<meta property=\"og:type\" content=\"article\" \/>\n<meta property=\"og:title\" content=\"Etudes Thermiques - Batiderm\" \/>\n<meta property=\"og:description\" content=\"Etudes Thermiques et ACV Simulations thermiques dynamiques cliquer ICI Etudes RE2020 La RE2020 fixe des exigences renforc\u00e9es en mati\u00e8re de performance \u00e9nerg\u00e9tique des b\u00e2timents neufs. Elle repose sur une approche globale int\u00e9grant la sobri\u00e9t\u00e9 \u00e9nerg\u00e9tique (Bbio), l\u2019efficacit\u00e9 des syst\u00e8mes (Cep, Cep,nr) et le recours aux \u00e9nergies renouvelables. Notre bureau d\u2019\u00e9tude accompagne les ma\u00eetres d\u2019ouvrage et [&hellip;]\" \/>\n<meta property=\"og:url\" content=\"https:\/\/batiderm.fr\/index.php\/etudes-thermiques\/\" \/>\n<meta property=\"og:site_name\" content=\"Batiderm\" \/>\n<meta property=\"article:publisher\" content=\"https:\/\/www.facebook.com\/p\/Btiderm-Ingnierie-100063553359377\/\" \/>\n<meta property=\"article:modified_time\" content=\"2025-12-30T10:59:33+00:00\" \/>\n<meta property=\"og:image\" content=\"https:\/\/batiderm.fr\/wp-content\/uploads\/2025\/12\/Re2020.webp\" \/>\n\t<meta property=\"og:image:width\" content=\"500\" \/>\n\t<meta property=\"og:image:height\" content=\"162\" \/>\n\t<meta property=\"og:image:type\" content=\"image\/webp\" \/>\n<meta name=\"twitter:card\" content=\"summary_large_image\" \/>\n<meta name=\"twitter:label1\" content=\"Dur\u00e9e de lecture estim\u00e9e\" \/>\n\t<meta name=\"twitter:data1\" content=\"1 minute\" \/>\n<script type=\"application\/ld+json\" class=\"yoast-schema-graph\">{\"@context\":\"https:\/\/schema.org\",\"@graph\":[{\"@type\":\"WebPage\",\"@id\":\"https:\/\/batiderm.fr\/index.php\/etudes-thermiques\/\",\"url\":\"https:\/\/batiderm.fr\/index.php\/etudes-thermiques\/\",\"name\":\"Etudes Thermiques - Batiderm\",\"isPartOf\":{\"@id\":\"https:\/\/batiderm.fr\/#website\"},\"primaryImageOfPage\":{\"@id\":\"https:\/\/batiderm.fr\/index.php\/etudes-thermiques\/#primaryimage\"},\"image\":{\"@id\":\"https:\/\/batiderm.fr\/index.php\/etudes-thermiques\/#primaryimage\"},\"thumbnailUrl\":\"https:\/\/batiderm.fr\/wp-content\/uploads\/2025\/12\/Re2020.webp\",\"datePublished\":\"2025-12-06T09:02:53+00:00\",\"dateModified\":\"2025-12-30T10:59:33+00:00\",\"breadcrumb\":{\"@id\":\"https:\/\/batiderm.fr\/index.php\/etudes-thermiques\/#breadcrumb\"},\"inLanguage\":\"fr-FR\",\"potentialAction\":[{\"@type\":\"ReadAction\",\"target\":[\"https:\/\/batiderm.fr\/index.php\/etudes-thermiques\/\"]}]},{\"@type\":\"ImageObject\",\"inLanguage\":\"fr-FR\",\"@id\":\"https:\/\/batiderm.fr\/index.php\/etudes-thermiques\/#primaryimage\",\"url\":\"https:\/\/batiderm.fr\/wp-content\/uploads\/2025\/12\/Re2020.webp\",\"contentUrl\":\"https:\/\/batiderm.fr\/wp-content\/uploads\/2025\/12\/Re2020.webp\",\"width\":500,\"height\":162},{\"@type\":\"BreadcrumbList\",\"@id\":\"https:\/\/batiderm.fr\/index.php\/etudes-thermiques\/#breadcrumb\",\"itemListElement\":[{\"@type\":\"ListItem\",\"position\":1,\"name\":\"Accueil\",\"item\":\"https:\/\/batiderm.fr\/\"},{\"@type\":\"ListItem\",\"position\":2,\"name\":\"Etudes Thermiques\"}]},{\"@type\":\"WebSite\",\"@id\":\"https:\/\/batiderm.fr\/#website\",\"url\":\"https:\/\/batiderm.fr\/\",\"name\":\"Batiderm\",\"description\":\"R\u00e9nover et r\u00e9habiliter, \u00e9conome et confortable\",\"publisher\":{\"@id\":\"https:\/\/batiderm.fr\/#organization\"},\"potentialAction\":[{\"@type\":\"SearchAction\",\"target\":{\"@type\":\"EntryPoint\",\"urlTemplate\":\"https:\/\/batiderm.fr\/?s={search_term_string}\"},\"query-input\":{\"@type\":\"PropertyValueSpecification\",\"valueRequired\":true,\"valueName\":\"search_term_string\"}}],\"inLanguage\":\"fr-FR\"},{\"@type\":\"Organization\",\"@id\":\"https:\/\/batiderm.fr\/#organization\",\"name\":\"Batiderm\",\"url\":\"https:\/\/batiderm.fr\/\",\"logo\":{\"@type\":\"ImageObject\",\"inLanguage\":\"fr-FR\",\"@id\":\"https:\/\/batiderm.fr\/#\/schema\/logo\/image\/\",\"url\":\"https:\/\/batiderm.fr\/wp-content\/uploads\/2025\/09\/Logo_BatidermIng_compact.jpg\",\"contentUrl\":\"https:\/\/batiderm.fr\/wp-content\/uploads\/2025\/09\/Logo_BatidermIng_compact.jpg\",\"width\":1354,\"height\":896,\"caption\":\"Batiderm\"},\"image\":{\"@id\":\"https:\/\/batiderm.fr\/#\/schema\/logo\/image\/\"},\"sameAs\":[\"https:\/\/www.facebook.com\/p\/Btiderm-Ingnierie-100063553359377\/\"]}]}<\/script>\n<!-- \/ Yoast SEO plugin. -->","yoast_head_json":{"title":"Etudes Thermiques - Batiderm","robots":{"index":"index","follow":"follow","max-snippet":"max-snippet:-1","max-image-preview":"max-image-preview:large","max-video-preview":"max-video-preview:-1"},"canonical":"https:\/\/batiderm.fr\/index.php\/etudes-thermiques\/","og_locale":"fr_FR","og_type":"article","og_title":"Etudes Thermiques - Batiderm","og_description":"Etudes Thermiques et ACV Simulations thermiques dynamiques cliquer ICI Etudes RE2020 La RE2020 fixe des exigences renforc\u00e9es en mati\u00e8re de performance \u00e9nerg\u00e9tique des b\u00e2timents neufs. Elle repose sur une approche globale int\u00e9grant la sobri\u00e9t\u00e9 \u00e9nerg\u00e9tique (Bbio), l\u2019efficacit\u00e9 des syst\u00e8mes (Cep, Cep,nr) et le recours aux \u00e9nergies renouvelables. Notre bureau d\u2019\u00e9tude accompagne les ma\u00eetres d\u2019ouvrage et [&hellip;]","og_url":"https:\/\/batiderm.fr\/index.php\/etudes-thermiques\/","og_site_name":"Batiderm","article_publisher":"https:\/\/www.facebook.com\/p\/Btiderm-Ingnierie-100063553359377\/","article_modified_time":"2025-12-30T10:59:33+00:00","og_image":[{"width":500,"height":162,"url":"https:\/\/batiderm.fr\/wp-content\/uploads\/2025\/12\/Re2020.webp","type":"image\/webp"}],"twitter_card":"summary_large_image","twitter_misc":{"Dur\u00e9e de lecture estim\u00e9e":"1 minute"},"schema":{"@context":"https:\/\/schema.org","@graph":[{"@type":"WebPage","@id":"https:\/\/batiderm.fr\/index.php\/etudes-thermiques\/","url":"https:\/\/batiderm.fr\/index.php\/etudes-thermiques\/","name":"Etudes Thermiques - Batiderm","isPartOf":{"@id":"https:\/\/batiderm.fr\/#website"},"primaryImageOfPage":{"@id":"https:\/\/batiderm.fr\/index.php\/etudes-thermiques\/#primaryimage"},"image":{"@id":"https:\/\/batiderm.fr\/index.php\/etudes-thermiques\/#primaryimage"},"thumbnailUrl":"https:\/\/batiderm.fr\/wp-content\/uploads\/2025\/12\/Re2020.webp","datePublished":"2025-12-06T09:02:53+00:00","dateModified":"2025-12-30T10:59:33+00:00","breadcrumb":{"@id":"https:\/\/batiderm.fr\/index.php\/etudes-thermiques\/#breadcrumb"},"inLanguage":"fr-FR","potentialAction":[{"@type":"ReadAction","target":["https:\/\/batiderm.fr\/index.php\/etudes-thermiques\/"]}]},{"@type":"ImageObject","inLanguage":"fr-FR","@id":"https:\/\/batiderm.fr\/index.php\/etudes-thermiques\/#primaryimage","url":"https:\/\/batiderm.fr\/wp-content\/uploads\/2025\/12\/Re2020.webp","contentUrl":"https:\/\/batiderm.fr\/wp-content\/uploads\/2025\/12\/Re2020.webp","width":500,"height":162},{"@type":"BreadcrumbList","@id":"https:\/\/batiderm.fr\/index.php\/etudes-thermiques\/#breadcrumb","itemListElement":[{"@type":"ListItem","position":1,"name":"Accueil","item":"https:\/\/batiderm.fr\/"},{"@type":"ListItem","position":2,"name":"Etudes Thermiques"}]},{"@type":"WebSite","@id":"https:\/\/batiderm.fr\/#website","url":"https:\/\/batiderm.fr\/","name":"Batiderm","description":"R\u00e9nover et r\u00e9habiliter, \u00e9conome et confortable","publisher":{"@id":"https:\/\/batiderm.fr\/#organization"},"potentialAction":[{"@type":"SearchAction","target":{"@type":"EntryPoint","urlTemplate":"https:\/\/batiderm.fr\/?s={search_term_string}"},"query-input":{"@type":"PropertyValueSpecification","valueRequired":true,"valueName":"search_term_string"}}],"inLanguage":"fr-FR"},{"@type":"Organization","@id":"https:\/\/batiderm.fr\/#organization","name":"Batiderm","url":"https:\/\/batiderm.fr\/","logo":{"@type":"ImageObject","inLanguage":"fr-FR","@id":"https:\/\/batiderm.fr\/#\/schema\/logo\/image\/","url":"https:\/\/batiderm.fr\/wp-content\/uploads\/2025\/09\/Logo_BatidermIng_compact.jpg","contentUrl":"https:\/\/batiderm.fr\/wp-content\/uploads\/2025\/09\/Logo_BatidermIng_compact.jpg","width":1354,"height":896,"caption":"Batiderm"},"image":{"@id":"https:\/\/batiderm.fr\/#\/schema\/logo\/image\/"},"sameAs":["https:\/\/www.facebook.com\/p\/Btiderm-Ingnierie-100063553359377\/"]}]}},"_links":{"self":[{"href":"https:\/\/batiderm.fr\/index.php\/wp-json\/wp\/v2\/pages\/384","targetHints":{"allow":["GET"]}}],"collection":[{"href":"https:\/\/batiderm.fr\/index.php\/wp-json\/wp\/v2\/pages"}],"about":[{"href":"https:\/\/batiderm.fr\/index.php\/wp-json\/wp\/v2\/types\/page"}],"author":[{"embeddable":true,"href":"https:\/\/batiderm.fr\/index.php\/wp-json\/wp\/v2\/users\/1"}],"replies":[{"embeddable":true,"href":"https:\/\/batiderm.fr\/index.php\/wp-json\/wp\/v2\/comments?post=384"}],"version-history":[{"count":12,"href":"https:\/\/batiderm.fr\/index.php\/wp-json\/wp\/v2\/pages\/384\/revisions"}],"predecessor-version":[{"id":741,"href":"https:\/\/batiderm.fr\/index.php\/wp-json\/wp\/v2\/pages\/384\/revisions\/741"}],"wp:attachment":[{"href":"https:\/\/batiderm.fr\/index.php\/wp-json\/wp\/v2\/media?parent=384"}],"curies":[{"name":"wp","href":"https:\/\/api.w.org\/{rel}","templated":true}]}}