{"id":42,"date":"2025-09-02T17:51:33","date_gmt":"2025-09-02T15:51:33","guid":{"rendered":"https:\/\/batiderm.fr\/?page_id=42"},"modified":"2026-03-24T09:25:01","modified_gmt":"2026-03-24T07:25:01","slug":"accueil-audits","status":"publish","type":"page","link":"https:\/\/batiderm.fr\/index.php\/accueil-audits\/","title":{"rendered":"Accueil audits"},"content":{"rendered":"\n<h1 class=\"wp-block-heading has-text-align-center has-large-font-size\">Audits \u00e9nerg\u00e9tiques, diagnostics et expertise en b\u00e2timents anciens<\/h1>\n\n\n\n<p>Bas\u00e9s \u00e0 Caen (14) et dans le pays de Caux (76).&nbsp;Nous intervenons dans tout le Calvados, l\u2019Orne et la Seine maritime.<\/p>\n\n\n\n<p>Nous vous vous proposons plusieurs types d&rsquo;audits \u00e9nerg\u00e9tiques, expertises et diagnostics :<\/p>\n\n\n\n<ul class=\"wp-block-list\">\n<li><strong>A<\/strong><strong>udit <\/strong><strong>p\u00e9dagogique <\/strong>suivant trame de thermicien (objectif BBC avec gestion de la ventilation et de l\u2019\u00e9tanch\u00e9it\u00e9 \u00e0 l\u2019air), agr\u00e9e <strong>\u00ab&nbsp;ch\u00e8que \u00e9co-\u00e9nergie Normandie&nbsp;\u00bb<\/strong><\/li>\n\n\n\n<li><strong>Audit <\/strong><strong>r\u00e9glementaire vente<\/strong> (immeuble en mono-propri\u00e9t\u00e9, maison individuelle, \u2026)<\/li>\n\n\n\n<li><strong>Audit selon la trame r\u00e9glementaire<\/strong> pour l\u2019obtention des aides de l\u2019\u00c9tat, \u00ab&nbsp;Ma Prime Renov&nbsp;\u00bb, dans le cadre de travaux de r\u00e9novation \u00e9nerg\u00e9tique<\/li>\n\n\n\n<li>Accompagnateur Renov agr\u00e9e \u00ab\u00a0MAR\u00a0\u00bb par l&rsquo;Agence Nationale d&rsquo;Am\u00e9lioration de l&rsquo;Habitat (ANAH)<\/li>\n\n\n\n<li><em>Expertise en <strong>b\u00e2timent anciens&nbsp;, patrimoniaux et de pays<\/strong><\/em> (voir aussi notre rubrique <a href=\"https:\/\/batiderm.fr\/index.php\/techniques-disolation-davenir-pour-les-batiments-actuels-et-anciens-partenaire-en-innovation\/\" data-type=\"page\" data-id=\"247\">R&amp;D Innovation<\/a>)<\/li>\n\n\n\n<li>Diagnostic \u00e9nerg\u00e9tique incluant <strong>thermographie infra-<\/strong><strong>rouge<\/strong><\/li>\n<\/ul>\n\n\n\n<p> Pour la r\u00e9alisation de ces audits nous nous appuyons sur des qualifications nationales et r\u00e9gionales :<\/p>\n\n\n\n<div class=\"wp-block-group is-vertical is-layout-flex wp-container-core-group-is-layout-fe9cc265 wp-block-group-is-layout-flex\">\n<div class=\"wp-block-columns has-background is-layout-flex wp-container-core-columns-is-layout-28f84493 wp-block-columns-is-layout-flex\" style=\"background-color:#d7ebff\">\n<div class=\"wp-block-column is-layout-flow wp-block-column-is-layout-flow\" style=\"flex-basis:70%\">\n<p class=\"has-text-align-right\">Pour l\u2019audit \u00e9nerg\u00e9tique des b\u00e2timents tertiaires et immeubles collectifs, incluant les mono-propri\u00e9t\u00e9s multi-lots et copropri\u00e9t\u00e9s de toutes tailles, nous nous appuyons sur la Qualification OPQIBI 1905<\/p>\n<\/div>\n\n\n\n<div class=\"wp-block-column is-layout-flow wp-block-column-is-layout-flow\" style=\"flex-basis:25%\">\n<figure class=\"wp-block-image aligncenter size-large is-resized\"><img loading=\"lazy\" decoding=\"async\" width=\"1024\" height=\"683\" src=\"https:\/\/batiderm.fr\/wp-content\/uploads\/2025\/12\/logo-opqibi-2007-1024x683.jpg\" alt=\"\" class=\"wp-image-398\" style=\"aspect-ratio:1.49933818663137;width:177px;height:auto\" srcset=\"https:\/\/batiderm.fr\/wp-content\/uploads\/2025\/12\/logo-opqibi-2007-1024x683.jpg 1024w, https:\/\/batiderm.fr\/wp-content\/uploads\/2025\/12\/logo-opqibi-2007-300x200.jpg 300w, https:\/\/batiderm.fr\/wp-content\/uploads\/2025\/12\/logo-opqibi-2007-768x512.jpg 768w, https:\/\/batiderm.fr\/wp-content\/uploads\/2025\/12\/logo-opqibi-2007.jpg 1063w\" sizes=\"auto, (max-width: 1024px) 100vw, 1024px\" \/><\/figure>\n<\/div>\n<\/div>\n\n\n\n<div class=\"wp-block-columns has-background is-layout-flex wp-container-core-columns-is-layout-28f84493 wp-block-columns-is-layout-flex\" style=\"background-color:#ffe8e8\">\n<div class=\"wp-block-column is-layout-flow wp-block-column-is-layout-flow\" style=\"flex-basis:20%\">\n<figure class=\"wp-block-image aligncenter size-full is-resized\"><img loading=\"lazy\" decoding=\"async\" width=\"684\" height=\"573\" src=\"https:\/\/batiderm.fr\/wp-content\/uploads\/2025\/12\/LOGO-REGION-NORMANDIE1.jpg\" alt=\"\" class=\"wp-image-399\" style=\"aspect-ratio:1.1938186704608331;width:158px;height:auto\" srcset=\"https:\/\/batiderm.fr\/wp-content\/uploads\/2025\/12\/LOGO-REGION-NORMANDIE1.jpg 684w, https:\/\/batiderm.fr\/wp-content\/uploads\/2025\/12\/LOGO-REGION-NORMANDIE1-300x251.jpg 300w\" sizes=\"auto, (max-width: 684px) 100vw, 684px\" \/><\/figure>\n<\/div>\n\n\n\n<div class=\"wp-block-column is-layout-flow wp-block-column-is-layout-flow\" style=\"flex-basis:60%\">\n<p class=\"has-text-align-center\">Pour l\u2019audit \u00e9nerg\u00e9tique des maisons individuelles, nous nous appuyons sur la qualification RGE QUALIBAT 8731.<\/p>\n\n\n\n<p class=\"has-text-align-center\">En outre nous sommes Auditeur conventionn\u00e9s avec le Conseil R\u00e9gional de Normandie, dans le cadre du dispositif ch\u00e8que-\u00e9co-\u00e9nergie Normandie, un dispositif qualitatif \u00e0 m\u00eame de vous guider vers une r\u00e9novation vraiment performante (niveau BBC &#8211; B\u00e2timent Basse Consommation &#8211; et au-del\u00e0).<\/p>\n<\/div>\n\n\n\n<div class=\"wp-block-column is-layout-flow wp-block-column-is-layout-flow\" style=\"flex-basis:20%\">\n<figure class=\"wp-block-image aligncenter size-full is-resized\"><img loading=\"lazy\" decoding=\"async\" width=\"144\" height=\"156\" src=\"https:\/\/batiderm.fr\/wp-content\/uploads\/2025\/12\/logo_qualibat.jpg\" alt=\"\" class=\"wp-image-430\" style=\"aspect-ratio:0.923069217670039;width:116px;height:auto\"\/><\/figure>\n<\/div>\n<\/div>\n<\/div>\n","protected":false},"excerpt":{"rendered":"<p>Audits \u00e9nerg\u00e9tiques, diagnostics et expertise en b\u00e2timents anciens Bas\u00e9s \u00e0 Caen (14) et dans le pays de Caux (76).&nbsp;Nous intervenons dans tout le Calvados, l\u2019Orne et la Seine maritime. Nous vous vous proposons plusieurs types d&rsquo;audits \u00e9nerg\u00e9tiques, expertises et diagnostics : Pour la r\u00e9alisation de ces audits nous nous appuyons sur des qualifications nationales et [&hellip;]<\/p>\n","protected":false},"author":1,"featured_media":458,"parent":0,"menu_order":0,"comment_status":"closed","ping_status":"closed","template":"page-with-sidebar","meta":{"footnotes":""},"class_list":["post-42","page","type-page","status-publish","has-post-thumbnail","hentry"],"yoast_head":"<!-- This site is optimized with the Yoast SEO plugin v27.2 - https:\/\/yoast.com\/product\/yoast-seo-wordpress\/ -->\n<title>Accueil audits - Batiderm<\/title>\n<meta name=\"robots\" content=\"index, follow, max-snippet:-1, max-image-preview:large, max-video-preview:-1\" \/>\n<link rel=\"canonical\" href=\"https:\/\/batiderm.fr\/index.php\/accueil-audits\/\" \/>\n<meta property=\"og:locale\" content=\"fr_FR\" \/>\n<meta property=\"og:type\" content=\"article\" \/>\n<meta property=\"og:title\" content=\"Accueil audits - Batiderm\" \/>\n<meta property=\"og:description\" content=\"Audits \u00e9nerg\u00e9tiques, diagnostics et expertise en b\u00e2timents anciens Bas\u00e9s \u00e0 Caen (14) et dans le pays de Caux (76).&nbsp;Nous intervenons dans tout le Calvados, l\u2019Orne et la Seine maritime. Nous vous vous proposons plusieurs types d&rsquo;audits \u00e9nerg\u00e9tiques, expertises et diagnostics : Pour la r\u00e9alisation de ces audits nous nous appuyons sur des qualifications nationales et [&hellip;]\" \/>\n<meta property=\"og:url\" content=\"https:\/\/batiderm.fr\/index.php\/accueil-audits\/\" \/>\n<meta property=\"og:site_name\" content=\"Batiderm\" \/>\n<meta property=\"article:publisher\" content=\"https:\/\/www.facebook.com\/p\/Btiderm-Ingnierie-100063553359377\/\" \/>\n<meta property=\"article:modified_time\" content=\"2026-03-24T07:25:01+00:00\" \/>\n<meta property=\"og:image\" content=\"https:\/\/batiderm.fr\/wp-content\/uploads\/2025\/12\/Logo_BatidermIng_compact.jpg\" \/>\n\t<meta property=\"og:image:width\" content=\"1354\" \/>\n\t<meta property=\"og:image:height\" content=\"896\" \/>\n\t<meta property=\"og:image:type\" content=\"image\/jpeg\" \/>\n<meta name=\"twitter:card\" content=\"summary_large_image\" \/>\n<meta name=\"twitter:label1\" content=\"Dur\u00e9e de lecture estim\u00e9e\" \/>\n\t<meta name=\"twitter:data1\" content=\"2 minutes\" \/>\n<script type=\"application\/ld+json\" class=\"yoast-schema-graph\">{\"@context\":\"https:\/\/schema.org\",\"@graph\":[{\"@type\":\"WebPage\",\"@id\":\"https:\/\/batiderm.fr\/index.php\/accueil-audits\/\",\"url\":\"https:\/\/batiderm.fr\/index.php\/accueil-audits\/\",\"name\":\"Accueil audits - Batiderm\",\"isPartOf\":{\"@id\":\"https:\/\/batiderm.fr\/#website\"},\"primaryImageOfPage\":{\"@id\":\"https:\/\/batiderm.fr\/index.php\/accueil-audits\/#primaryimage\"},\"image\":{\"@id\":\"https:\/\/batiderm.fr\/index.php\/accueil-audits\/#primaryimage\"},\"thumbnailUrl\":\"https:\/\/batiderm.fr\/wp-content\/uploads\/2025\/12\/Logo_BatidermIng_compact.jpg\",\"datePublished\":\"2025-09-02T15:51:33+00:00\",\"dateModified\":\"2026-03-24T07:25:01+00:00\",\"breadcrumb\":{\"@id\":\"https:\/\/batiderm.fr\/index.php\/accueil-audits\/#breadcrumb\"},\"inLanguage\":\"fr-FR\",\"potentialAction\":[{\"@type\":\"ReadAction\",\"target\":[\"https:\/\/batiderm.fr\/index.php\/accueil-audits\/\"]}]},{\"@type\":\"ImageObject\",\"inLanguage\":\"fr-FR\",\"@id\":\"https:\/\/batiderm.fr\/index.php\/accueil-audits\/#primaryimage\",\"url\":\"https:\/\/batiderm.fr\/wp-content\/uploads\/2025\/12\/Logo_BatidermIng_compact.jpg\",\"contentUrl\":\"https:\/\/batiderm.fr\/wp-content\/uploads\/2025\/12\/Logo_BatidermIng_compact.jpg\",\"width\":1354,\"height\":896},{\"@type\":\"BreadcrumbList\",\"@id\":\"https:\/\/batiderm.fr\/index.php\/accueil-audits\/#breadcrumb\",\"itemListElement\":[{\"@type\":\"ListItem\",\"position\":1,\"name\":\"Accueil\",\"item\":\"https:\/\/batiderm.fr\/\"},{\"@type\":\"ListItem\",\"position\":2,\"name\":\"Accueil audits\"}]},{\"@type\":\"WebSite\",\"@id\":\"https:\/\/batiderm.fr\/#website\",\"url\":\"https:\/\/batiderm.fr\/\",\"name\":\"Batiderm\",\"description\":\"R\u00e9nover et r\u00e9habiliter, \u00e9conome et confortable\",\"publisher\":{\"@id\":\"https:\/\/batiderm.fr\/#organization\"},\"potentialAction\":[{\"@type\":\"SearchAction\",\"target\":{\"@type\":\"EntryPoint\",\"urlTemplate\":\"https:\/\/batiderm.fr\/?s={search_term_string}\"},\"query-input\":{\"@type\":\"PropertyValueSpecification\",\"valueRequired\":true,\"valueName\":\"search_term_string\"}}],\"inLanguage\":\"fr-FR\"},{\"@type\":\"Organization\",\"@id\":\"https:\/\/batiderm.fr\/#organization\",\"name\":\"Batiderm\",\"url\":\"https:\/\/batiderm.fr\/\",\"logo\":{\"@type\":\"ImageObject\",\"inLanguage\":\"fr-FR\",\"@id\":\"https:\/\/batiderm.fr\/#\/schema\/logo\/image\/\",\"url\":\"https:\/\/batiderm.fr\/wp-content\/uploads\/2025\/09\/Logo_BatidermIng_compact.jpg\",\"contentUrl\":\"https:\/\/batiderm.fr\/wp-content\/uploads\/2025\/09\/Logo_BatidermIng_compact.jpg\",\"width\":1354,\"height\":896,\"caption\":\"Batiderm\"},\"image\":{\"@id\":\"https:\/\/batiderm.fr\/#\/schema\/logo\/image\/\"},\"sameAs\":[\"https:\/\/www.facebook.com\/p\/Btiderm-Ingnierie-100063553359377\/\"]}]}<\/script>\n<!-- \/ Yoast SEO plugin. -->","yoast_head_json":{"title":"Accueil audits - Batiderm","robots":{"index":"index","follow":"follow","max-snippet":"max-snippet:-1","max-image-preview":"max-image-preview:large","max-video-preview":"max-video-preview:-1"},"canonical":"https:\/\/batiderm.fr\/index.php\/accueil-audits\/","og_locale":"fr_FR","og_type":"article","og_title":"Accueil audits - Batiderm","og_description":"Audits \u00e9nerg\u00e9tiques, diagnostics et expertise en b\u00e2timents anciens Bas\u00e9s \u00e0 Caen (14) et dans le pays de Caux (76).&nbsp;Nous intervenons dans tout le Calvados, l\u2019Orne et la Seine maritime. Nous vous vous proposons plusieurs types d&rsquo;audits \u00e9nerg\u00e9tiques, expertises et diagnostics : Pour la r\u00e9alisation de ces audits nous nous appuyons sur des qualifications nationales et [&hellip;]","og_url":"https:\/\/batiderm.fr\/index.php\/accueil-audits\/","og_site_name":"Batiderm","article_publisher":"https:\/\/www.facebook.com\/p\/Btiderm-Ingnierie-100063553359377\/","article_modified_time":"2026-03-24T07:25:01+00:00","og_image":[{"width":1354,"height":896,"url":"https:\/\/batiderm.fr\/wp-content\/uploads\/2025\/12\/Logo_BatidermIng_compact.jpg","type":"image\/jpeg"}],"twitter_card":"summary_large_image","twitter_misc":{"Dur\u00e9e de lecture estim\u00e9e":"2 minutes"},"schema":{"@context":"https:\/\/schema.org","@graph":[{"@type":"WebPage","@id":"https:\/\/batiderm.fr\/index.php\/accueil-audits\/","url":"https:\/\/batiderm.fr\/index.php\/accueil-audits\/","name":"Accueil audits - Batiderm","isPartOf":{"@id":"https:\/\/batiderm.fr\/#website"},"primaryImageOfPage":{"@id":"https:\/\/batiderm.fr\/index.php\/accueil-audits\/#primaryimage"},"image":{"@id":"https:\/\/batiderm.fr\/index.php\/accueil-audits\/#primaryimage"},"thumbnailUrl":"https:\/\/batiderm.fr\/wp-content\/uploads\/2025\/12\/Logo_BatidermIng_compact.jpg","datePublished":"2025-09-02T15:51:33+00:00","dateModified":"2026-03-24T07:25:01+00:00","breadcrumb":{"@id":"https:\/\/batiderm.fr\/index.php\/accueil-audits\/#breadcrumb"},"inLanguage":"fr-FR","potentialAction":[{"@type":"ReadAction","target":["https:\/\/batiderm.fr\/index.php\/accueil-audits\/"]}]},{"@type":"ImageObject","inLanguage":"fr-FR","@id":"https:\/\/batiderm.fr\/index.php\/accueil-audits\/#primaryimage","url":"https:\/\/batiderm.fr\/wp-content\/uploads\/2025\/12\/Logo_BatidermIng_compact.jpg","contentUrl":"https:\/\/batiderm.fr\/wp-content\/uploads\/2025\/12\/Logo_BatidermIng_compact.jpg","width":1354,"height":896},{"@type":"BreadcrumbList","@id":"https:\/\/batiderm.fr\/index.php\/accueil-audits\/#breadcrumb","itemListElement":[{"@type":"ListItem","position":1,"name":"Accueil","item":"https:\/\/batiderm.fr\/"},{"@type":"ListItem","position":2,"name":"Accueil audits"}]},{"@type":"WebSite","@id":"https:\/\/batiderm.fr\/#website","url":"https:\/\/batiderm.fr\/","name":"Batiderm","description":"R\u00e9nover et r\u00e9habiliter, \u00e9conome et confortable","publisher":{"@id":"https:\/\/batiderm.fr\/#organization"},"potentialAction":[{"@type":"SearchAction","target":{"@type":"EntryPoint","urlTemplate":"https:\/\/batiderm.fr\/?s={search_term_string}"},"query-input":{"@type":"PropertyValueSpecification","valueRequired":true,"valueName":"search_term_string"}}],"inLanguage":"fr-FR"},{"@type":"Organization","@id":"https:\/\/batiderm.fr\/#organization","name":"Batiderm","url":"https:\/\/batiderm.fr\/","logo":{"@type":"ImageObject","inLanguage":"fr-FR","@id":"https:\/\/batiderm.fr\/#\/schema\/logo\/image\/","url":"https:\/\/batiderm.fr\/wp-content\/uploads\/2025\/09\/Logo_BatidermIng_compact.jpg","contentUrl":"https:\/\/batiderm.fr\/wp-content\/uploads\/2025\/09\/Logo_BatidermIng_compact.jpg","width":1354,"height":896,"caption":"Batiderm"},"image":{"@id":"https:\/\/batiderm.fr\/#\/schema\/logo\/image\/"},"sameAs":["https:\/\/www.facebook.com\/p\/Btiderm-Ingnierie-100063553359377\/"]}]}},"_links":{"self":[{"href":"https:\/\/batiderm.fr\/index.php\/wp-json\/wp\/v2\/pages\/42","targetHints":{"allow":["GET"]}}],"collection":[{"href":"https:\/\/batiderm.fr\/index.php\/wp-json\/wp\/v2\/pages"}],"about":[{"href":"https:\/\/batiderm.fr\/index.php\/wp-json\/wp\/v2\/types\/page"}],"author":[{"embeddable":true,"href":"https:\/\/batiderm.fr\/index.php\/wp-json\/wp\/v2\/users\/1"}],"replies":[{"embeddable":true,"href":"https:\/\/batiderm.fr\/index.php\/wp-json\/wp\/v2\/comments?post=42"}],"version-history":[{"count":39,"href":"https:\/\/batiderm.fr\/index.php\/wp-json\/wp\/v2\/pages\/42\/revisions"}],"predecessor-version":[{"id":806,"href":"https:\/\/batiderm.fr\/index.php\/wp-json\/wp\/v2\/pages\/42\/revisions\/806"}],"wp:featuredmedia":[{"embeddable":true,"href":"https:\/\/batiderm.fr\/index.php\/wp-json\/wp\/v2\/media\/458"}],"wp:attachment":[{"href":"https:\/\/batiderm.fr\/index.php\/wp-json\/wp\/v2\/media?parent=42"}],"curies":[{"name":"wp","href":"https:\/\/api.w.org\/{rel}","templated":true}]}}