{"id":51,"date":"2025-09-03T18:32:39","date_gmt":"2025-09-03T16:32:39","guid":{"rendered":"https:\/\/batiderm.fr\/?page_id=51"},"modified":"2026-03-24T12:00:30","modified_gmt":"2026-03-24T10:00:30","slug":"immeuble","status":"publish","type":"page","link":"https:\/\/batiderm.fr\/index.php\/immeuble\/","title":{"rendered":"Immeubles"},"content":{"rendered":"\n<h1 class=\"wp-block-heading has-text-align-center has-large-font-size\">Audits \u00e9nerg\u00e9tiques des immeubles : de l&rsquo;approche r\u00e9glementaire \u00e0 l&rsquo;approche travaux<\/h1>\n\n\n\n<div class=\"wp-block-columns has-base-2-background-color has-background is-layout-flex wp-container-core-columns-is-layout-28f84493 wp-block-columns-is-layout-flex\">\n<div class=\"wp-block-column is-layout-flow wp-block-column-is-layout-flow\"><\/div>\n\n\n\n<div class=\"wp-block-column is-vertically-aligned-center has-background is-layout-flow wp-block-column-is-layout-flow\" style=\"background-color:#ffab24;flex-basis:800px\">\n<h2 class=\"wp-block-heading has-text-align-center\">Plaquette AUDIT<\/h2>\n\n\n\n<p class=\"has-text-align-center\">Toutes nos missions d&rsquo;audit \u00e9nerg\u00e9tique <\/p>\n\n\n\n<div class=\"wp-block-buttons is-content-justification-center is-layout-flex wp-container-core-buttons-is-layout-4c9255c6 wp-block-buttons-is-layout-flex\" style=\"padding-top:var(--wp--preset--spacing--10);padding-bottom:var(--wp--preset--spacing--10)\">\n<div class=\"wp-block-button\"><a class=\"wp-block-button__link has-contrast-color has-base-2-background-color has-text-color has-background has-link-color has-large-font-size has-text-align-center has-custom-font-size wp-element-button\" href=\"https:\/\/batiderm.fr\/wp-content\/uploads\/2026\/03\/Plaquette-Audit-energetique-immeubles.pdf\" target=\"_blank\" rel=\"noreferrer noopener\">T\u00e9l\u00e9charger le PDF<\/a><\/div>\n<\/div>\n<\/div>\n\n\n\n<div class=\"wp-block-column is-layout-flow wp-block-column-is-layout-flow\"><\/div>\n<\/div>\n\n\n\n<p>Obligatoire lors de la vente, l&rsquo;audit r\u00e9glementaire des mono-propri\u00e9t\u00e9s a pour but d\u2019informer l\u2019acheteur sur les travaux \u00e0 r\u00e9aliser pour am\u00e9liorer la classification \u00e9nerg\u00e9tique des b\u00e2timents classifi\u00e9s E, F et G&nbsp;suivant le DPE.<\/p>\n\n\n\n<p>BATIDERM&nbsp;ing\u00e9nierie est qualifi\u00e9 pour les <strong>audits r\u00e9glementaires<\/strong> \u00e0 la vente des <strong>immeubles en mono-propri\u00e9t\u00e9<\/strong><\/p>\n\n\n\n<div class=\"wp-block-columns has-background is-layout-flex wp-container-core-columns-is-layout-28f84493 wp-block-columns-is-layout-flex\" style=\"background-color:#d7ebff\">\n<div class=\"wp-block-column is-vertically-aligned-center is-layout-flow wp-block-column-is-layout-flow\" style=\"flex-basis:70%\">\n<p class=\"has-text-align-right\">Pour l\u2019audit \u00e9nerg\u00e9tique des immeubles collectifs, incluant les mono-propri\u00e9t\u00e9s multi-lots et copropri\u00e9t\u00e9s de toutes tailles, nous nous appuyons sur notre Qualification OPQIBI 1905<\/p>\n<\/div>\n\n\n\n<div class=\"wp-block-column is-layout-flow wp-block-column-is-layout-flow\" style=\"flex-basis:25%\">\n<figure class=\"wp-block-image aligncenter size-large is-resized\"><img loading=\"lazy\" decoding=\"async\" width=\"1024\" height=\"683\" src=\"https:\/\/batiderm.fr\/wp-content\/uploads\/2025\/12\/logo-opqibi-2007-1024x683.jpg\" alt=\"\" class=\"wp-image-398\" style=\"aspect-ratio:1.49933818663137;width:177px;height:auto\" srcset=\"https:\/\/batiderm.fr\/wp-content\/uploads\/2025\/12\/logo-opqibi-2007-1024x683.jpg 1024w, https:\/\/batiderm.fr\/wp-content\/uploads\/2025\/12\/logo-opqibi-2007-300x200.jpg 300w, https:\/\/batiderm.fr\/wp-content\/uploads\/2025\/12\/logo-opqibi-2007-768x512.jpg 768w, https:\/\/batiderm.fr\/wp-content\/uploads\/2025\/12\/logo-opqibi-2007.jpg 1063w\" sizes=\"auto, (max-width: 1024px) 100vw, 1024px\" \/><\/figure>\n<\/div>\n<\/div>\n\n\n\n<p>Le point fort de notre d\u00e9marche est qu&rsquo;apr\u00e8s la vente, B\u00e2tiderm ing\u00e9nierie se tient \u00e0 disposition de l&rsquo;acheteur pour <strong>transformer l\u2019audit r\u00e9glementaire r\u00e9alis\u00e9 pour le vendeur du b\u00e2timent en un v\u00e9ritable audit \u00e9nerg\u00e9tique adapt\u00e9 aux besoin de l&rsquo;acheteur<\/strong>&nbsp;pour mieux programmer ses travaux&nbsp;et&nbsp;pour solliciter les aides financi\u00e8res \u00e0 la r\u00e9novation<br>La coh\u00e9rence globale de notre d\u00e9marche est de Bien d&rsquo;accompagner le projet au travers de la vente jusqu&rsquo;au lancement des travaux de r\u00e9habilitation \u00e9nerg\u00e9tique.<\/p>\n\n\n\n<div class=\"wp-block-columns is-layout-flex wp-container-core-columns-is-layout-28f84493 wp-block-columns-is-layout-flex\">\n<div class=\"wp-block-column has-background is-layout-flow wp-block-column-is-layout-flow\" style=\"background-color:#eddaab;padding-right:var(--wp--preset--spacing--10);padding-left:var(--wp--preset--spacing--10);flex-basis:25%\">\n<p class=\"has-text-align-center\"><strong>Audit r\u00e9glementaire mono-propri\u00e9t\u00e9<\/strong><\/p>\n\n\n\n<p><strong>Pour le vendeur :&nbsp;<\/strong>Notre prestation r\u00e9pond \u00e0 son obligation l\u00e9gale de produire un audit r\u00e9glementaire \u00e0 l&rsquo;acheteur<\/p>\n\n\n\n<p>cet audit inclut :<\/p>\n\n\n\n<ul class=\"wp-block-list\">\n<li>Relev\u00e9s thermiques de base<\/li>\n\n\n\n<li>Relev\u00e9s m\u00e9triques<\/li>\n<\/ul>\n\n\n\n<ul class=\"wp-block-list\">\n<li>Analyse <strong>quantitative (3CL&nbsp;DPE<\/strong>)<\/li>\n\n\n\n<li>Programme de travaux suivant trame r\u00e9glementaire<\/li>\n\n\n\n<li>Estimatif de co\u00fbt des travaux<\/li>\n<\/ul>\n\n\n\n<p>Cette prestation est obligatoire \u00e0 la vente pour les logements class\u00e9s E, F&nbsp;ou G.<\/p>\n\n\n\n<p class=\"has-text-align-center has-accent-5-background-color has-background\">Prix : <strong>900 \u00e0 2500 euros TTC<\/strong><\/p>\n<\/div>\n\n\n\n<div class=\"wp-block-column has-background is-layout-flow wp-block-column-is-layout-flow\" style=\"background-color:#bee097;padding-right:var(--wp--preset--spacing--10);padding-left:var(--wp--preset--spacing--10)\">\n<p class=\"has-text-align-center\"><strong>Transformation en vrai audit travaux<\/strong><\/p>\n\n\n\n<p><strong>Apr\u00e8s la vente<\/strong>, <strong>l&rsquo;acheteur,<\/strong> qui reprendra contact avec nous, pourra faire transformer l&rsquo;audit r\u00e9glementaire en un vrai audit de thermicien, p\u00e9dagogique, centr\u00e9 sur son projet&nbsp;<\/p>\n\n\n\n<p>Cette nouvel audit inclura :<\/p>\n\n\n\n<ul class=\"wp-block-list\">\n<li>Temps d&rsquo;\u00e9change sur le projet<\/li>\n\n\n\n<li>Relev\u00e9s thermique + pouss\u00e9s<\/li>\n<\/ul>\n\n\n\n<ul class=\"wp-block-list\">\n<li>Programme de travaux d\u00e9taill\u00e9s<\/li>\n\n\n\n<li>Croquis de localisation<\/li>\n\n\n\n<li>Fiches p\u00e9dagogiques<\/li>\n\n\n\n<li>Estimatif de co\u00fbt des travaux<\/li>\n<\/ul>\n\n\n\n<ul class=\"wp-block-list\">\n<li>Prise en compte des devis artisans<\/li>\n\n\n\n<li>\u00c9ligible Ma Prime Renov<\/li>\n<\/ul>\n\n\n\n<p>Ce nouvel audit sera adapt\u00e9 au besoin de l&rsquo;acheteur et plus complet que &nbsp;l&rsquo;audit r\u00e9glementaire initial, notamment sur la description des travaux. Il permettra \u00e9galement d&rsquo;acc\u00e9der aux aides ma prime Renov de fa\u00e7on fiabilis\u00e9e.<\/p>\n\n\n\n<p class=\"has-accent-5-background-color has-background\">Prix : <strong>\u00e0 partir de 500 euros TTC<\/strong>&nbsp;suivant la complexit\u00e9 de la maison et le besoin d&rsquo;accompagnement de l&rsquo;acheteur<\/p>\n\n\n\n<p>R\u00e9utiliser le travail existant et l&rsquo;enrichir est un choix judicieux et \u00e9conomique pour l&rsquo;acheteur. Nous pouvons vous le proposer car nous maitrisons et assumons nos recommandations, qui sont bas\u00e9es sur 15 ans d&rsquo;exp\u00e9rience en audit \u00e9nerg\u00e9tique.<\/p>\n<\/div>\n<\/div>\n","protected":false},"excerpt":{"rendered":"<p>Audits \u00e9nerg\u00e9tiques des immeubles : de l&rsquo;approche r\u00e9glementaire \u00e0 l&rsquo;approche travaux Plaquette AUDIT Toutes nos missions d&rsquo;audit \u00e9nerg\u00e9tique Obligatoire lors de la vente, l&rsquo;audit r\u00e9glementaire des mono-propri\u00e9t\u00e9s a pour but d\u2019informer l\u2019acheteur sur les travaux \u00e0 r\u00e9aliser pour am\u00e9liorer la classification \u00e9nerg\u00e9tique des b\u00e2timents classifi\u00e9s E, F et G&nbsp;suivant le DPE. BATIDERM&nbsp;ing\u00e9nierie est qualifi\u00e9 pour [&hellip;]<\/p>\n","protected":false},"author":1,"featured_media":0,"parent":0,"menu_order":0,"comment_status":"closed","ping_status":"closed","template":"page-with-sidebar","meta":{"footnotes":""},"class_list":["post-51","page","type-page","status-publish","hentry"],"yoast_head":"<!-- This site is optimized with the Yoast SEO plugin v27.2 - https:\/\/yoast.com\/product\/yoast-seo-wordpress\/ -->\n<title>Immeubles - Batiderm<\/title>\n<meta name=\"robots\" content=\"index, follow, max-snippet:-1, max-image-preview:large, max-video-preview:-1\" \/>\n<link rel=\"canonical\" href=\"https:\/\/batiderm.fr\/index.php\/immeuble\/\" \/>\n<meta property=\"og:locale\" content=\"fr_FR\" \/>\n<meta property=\"og:type\" content=\"article\" \/>\n<meta property=\"og:title\" content=\"Immeubles - Batiderm\" \/>\n<meta property=\"og:description\" content=\"Audits \u00e9nerg\u00e9tiques des immeubles : de l&rsquo;approche r\u00e9glementaire \u00e0 l&rsquo;approche travaux Plaquette AUDIT Toutes nos missions d&rsquo;audit \u00e9nerg\u00e9tique Obligatoire lors de la vente, l&rsquo;audit r\u00e9glementaire des mono-propri\u00e9t\u00e9s a pour but d\u2019informer l\u2019acheteur sur les travaux \u00e0 r\u00e9aliser pour am\u00e9liorer la classification \u00e9nerg\u00e9tique des b\u00e2timents classifi\u00e9s E, F et G&nbsp;suivant le DPE. BATIDERM&nbsp;ing\u00e9nierie est qualifi\u00e9 pour [&hellip;]\" \/>\n<meta property=\"og:url\" content=\"https:\/\/batiderm.fr\/index.php\/immeuble\/\" \/>\n<meta property=\"og:site_name\" content=\"Batiderm\" \/>\n<meta property=\"article:publisher\" content=\"https:\/\/www.facebook.com\/p\/Btiderm-Ingnierie-100063553359377\/\" \/>\n<meta property=\"article:modified_time\" content=\"2026-03-24T10:00:30+00:00\" \/>\n<meta property=\"og:image\" content=\"https:\/\/batiderm.fr\/wp-content\/uploads\/2025\/12\/logo-opqibi-2007.jpg\" \/>\n\t<meta property=\"og:image:width\" content=\"1063\" \/>\n\t<meta property=\"og:image:height\" content=\"709\" \/>\n\t<meta property=\"og:image:type\" content=\"image\/jpeg\" \/>\n<meta name=\"twitter:card\" content=\"summary_large_image\" \/>\n<meta name=\"twitter:label1\" content=\"Dur\u00e9e de lecture estim\u00e9e\" \/>\n\t<meta name=\"twitter:data1\" content=\"3 minutes\" \/>\n<script type=\"application\/ld+json\" class=\"yoast-schema-graph\">{\"@context\":\"https:\/\/schema.org\",\"@graph\":[{\"@type\":\"WebPage\",\"@id\":\"https:\/\/batiderm.fr\/index.php\/immeuble\/\",\"url\":\"https:\/\/batiderm.fr\/index.php\/immeuble\/\",\"name\":\"Immeubles - Batiderm\",\"isPartOf\":{\"@id\":\"https:\/\/batiderm.fr\/#website\"},\"primaryImageOfPage\":{\"@id\":\"https:\/\/batiderm.fr\/index.php\/immeuble\/#primaryimage\"},\"image\":{\"@id\":\"https:\/\/batiderm.fr\/index.php\/immeuble\/#primaryimage\"},\"thumbnailUrl\":\"https:\/\/batiderm.fr\/wp-content\/uploads\/2025\/12\/logo-opqibi-2007-1024x683.jpg\",\"datePublished\":\"2025-09-03T16:32:39+00:00\",\"dateModified\":\"2026-03-24T10:00:30+00:00\",\"breadcrumb\":{\"@id\":\"https:\/\/batiderm.fr\/index.php\/immeuble\/#breadcrumb\"},\"inLanguage\":\"fr-FR\",\"potentialAction\":[{\"@type\":\"ReadAction\",\"target\":[\"https:\/\/batiderm.fr\/index.php\/immeuble\/\"]}]},{\"@type\":\"ImageObject\",\"inLanguage\":\"fr-FR\",\"@id\":\"https:\/\/batiderm.fr\/index.php\/immeuble\/#primaryimage\",\"url\":\"https:\/\/batiderm.fr\/wp-content\/uploads\/2025\/12\/logo-opqibi-2007.jpg\",\"contentUrl\":\"https:\/\/batiderm.fr\/wp-content\/uploads\/2025\/12\/logo-opqibi-2007.jpg\",\"width\":1063,\"height\":709},{\"@type\":\"BreadcrumbList\",\"@id\":\"https:\/\/batiderm.fr\/index.php\/immeuble\/#breadcrumb\",\"itemListElement\":[{\"@type\":\"ListItem\",\"position\":1,\"name\":\"Accueil\",\"item\":\"https:\/\/batiderm.fr\/\"},{\"@type\":\"ListItem\",\"position\":2,\"name\":\"Immeubles\"}]},{\"@type\":\"WebSite\",\"@id\":\"https:\/\/batiderm.fr\/#website\",\"url\":\"https:\/\/batiderm.fr\/\",\"name\":\"Batiderm\",\"description\":\"R\u00e9nover et r\u00e9habiliter, \u00e9conome et confortable\",\"publisher\":{\"@id\":\"https:\/\/batiderm.fr\/#organization\"},\"potentialAction\":[{\"@type\":\"SearchAction\",\"target\":{\"@type\":\"EntryPoint\",\"urlTemplate\":\"https:\/\/batiderm.fr\/?s={search_term_string}\"},\"query-input\":{\"@type\":\"PropertyValueSpecification\",\"valueRequired\":true,\"valueName\":\"search_term_string\"}}],\"inLanguage\":\"fr-FR\"},{\"@type\":\"Organization\",\"@id\":\"https:\/\/batiderm.fr\/#organization\",\"name\":\"Batiderm\",\"url\":\"https:\/\/batiderm.fr\/\",\"logo\":{\"@type\":\"ImageObject\",\"inLanguage\":\"fr-FR\",\"@id\":\"https:\/\/batiderm.fr\/#\/schema\/logo\/image\/\",\"url\":\"https:\/\/batiderm.fr\/wp-content\/uploads\/2025\/09\/Logo_BatidermIng_compact.jpg\",\"contentUrl\":\"https:\/\/batiderm.fr\/wp-content\/uploads\/2025\/09\/Logo_BatidermIng_compact.jpg\",\"width\":1354,\"height\":896,\"caption\":\"Batiderm\"},\"image\":{\"@id\":\"https:\/\/batiderm.fr\/#\/schema\/logo\/image\/\"},\"sameAs\":[\"https:\/\/www.facebook.com\/p\/Btiderm-Ingnierie-100063553359377\/\"]}]}<\/script>\n<!-- \/ Yoast SEO plugin. -->","yoast_head_json":{"title":"Immeubles - Batiderm","robots":{"index":"index","follow":"follow","max-snippet":"max-snippet:-1","max-image-preview":"max-image-preview:large","max-video-preview":"max-video-preview:-1"},"canonical":"https:\/\/batiderm.fr\/index.php\/immeuble\/","og_locale":"fr_FR","og_type":"article","og_title":"Immeubles - Batiderm","og_description":"Audits \u00e9nerg\u00e9tiques des immeubles : de l&rsquo;approche r\u00e9glementaire \u00e0 l&rsquo;approche travaux Plaquette AUDIT Toutes nos missions d&rsquo;audit \u00e9nerg\u00e9tique Obligatoire lors de la vente, l&rsquo;audit r\u00e9glementaire des mono-propri\u00e9t\u00e9s a pour but d\u2019informer l\u2019acheteur sur les travaux \u00e0 r\u00e9aliser pour am\u00e9liorer la classification \u00e9nerg\u00e9tique des b\u00e2timents classifi\u00e9s E, F et G&nbsp;suivant le DPE. BATIDERM&nbsp;ing\u00e9nierie est qualifi\u00e9 pour [&hellip;]","og_url":"https:\/\/batiderm.fr\/index.php\/immeuble\/","og_site_name":"Batiderm","article_publisher":"https:\/\/www.facebook.com\/p\/Btiderm-Ingnierie-100063553359377\/","article_modified_time":"2026-03-24T10:00:30+00:00","og_image":[{"width":1063,"height":709,"url":"https:\/\/batiderm.fr\/wp-content\/uploads\/2025\/12\/logo-opqibi-2007.jpg","type":"image\/jpeg"}],"twitter_card":"summary_large_image","twitter_misc":{"Dur\u00e9e de lecture estim\u00e9e":"3 minutes"},"schema":{"@context":"https:\/\/schema.org","@graph":[{"@type":"WebPage","@id":"https:\/\/batiderm.fr\/index.php\/immeuble\/","url":"https:\/\/batiderm.fr\/index.php\/immeuble\/","name":"Immeubles - Batiderm","isPartOf":{"@id":"https:\/\/batiderm.fr\/#website"},"primaryImageOfPage":{"@id":"https:\/\/batiderm.fr\/index.php\/immeuble\/#primaryimage"},"image":{"@id":"https:\/\/batiderm.fr\/index.php\/immeuble\/#primaryimage"},"thumbnailUrl":"https:\/\/batiderm.fr\/wp-content\/uploads\/2025\/12\/logo-opqibi-2007-1024x683.jpg","datePublished":"2025-09-03T16:32:39+00:00","dateModified":"2026-03-24T10:00:30+00:00","breadcrumb":{"@id":"https:\/\/batiderm.fr\/index.php\/immeuble\/#breadcrumb"},"inLanguage":"fr-FR","potentialAction":[{"@type":"ReadAction","target":["https:\/\/batiderm.fr\/index.php\/immeuble\/"]}]},{"@type":"ImageObject","inLanguage":"fr-FR","@id":"https:\/\/batiderm.fr\/index.php\/immeuble\/#primaryimage","url":"https:\/\/batiderm.fr\/wp-content\/uploads\/2025\/12\/logo-opqibi-2007.jpg","contentUrl":"https:\/\/batiderm.fr\/wp-content\/uploads\/2025\/12\/logo-opqibi-2007.jpg","width":1063,"height":709},{"@type":"BreadcrumbList","@id":"https:\/\/batiderm.fr\/index.php\/immeuble\/#breadcrumb","itemListElement":[{"@type":"ListItem","position":1,"name":"Accueil","item":"https:\/\/batiderm.fr\/"},{"@type":"ListItem","position":2,"name":"Immeubles"}]},{"@type":"WebSite","@id":"https:\/\/batiderm.fr\/#website","url":"https:\/\/batiderm.fr\/","name":"Batiderm","description":"R\u00e9nover et r\u00e9habiliter, \u00e9conome et confortable","publisher":{"@id":"https:\/\/batiderm.fr\/#organization"},"potentialAction":[{"@type":"SearchAction","target":{"@type":"EntryPoint","urlTemplate":"https:\/\/batiderm.fr\/?s={search_term_string}"},"query-input":{"@type":"PropertyValueSpecification","valueRequired":true,"valueName":"search_term_string"}}],"inLanguage":"fr-FR"},{"@type":"Organization","@id":"https:\/\/batiderm.fr\/#organization","name":"Batiderm","url":"https:\/\/batiderm.fr\/","logo":{"@type":"ImageObject","inLanguage":"fr-FR","@id":"https:\/\/batiderm.fr\/#\/schema\/logo\/image\/","url":"https:\/\/batiderm.fr\/wp-content\/uploads\/2025\/09\/Logo_BatidermIng_compact.jpg","contentUrl":"https:\/\/batiderm.fr\/wp-content\/uploads\/2025\/09\/Logo_BatidermIng_compact.jpg","width":1354,"height":896,"caption":"Batiderm"},"image":{"@id":"https:\/\/batiderm.fr\/#\/schema\/logo\/image\/"},"sameAs":["https:\/\/www.facebook.com\/p\/Btiderm-Ingnierie-100063553359377\/"]}]}},"_links":{"self":[{"href":"https:\/\/batiderm.fr\/index.php\/wp-json\/wp\/v2\/pages\/51","targetHints":{"allow":["GET"]}}],"collection":[{"href":"https:\/\/batiderm.fr\/index.php\/wp-json\/wp\/v2\/pages"}],"about":[{"href":"https:\/\/batiderm.fr\/index.php\/wp-json\/wp\/v2\/types\/page"}],"author":[{"embeddable":true,"href":"https:\/\/batiderm.fr\/index.php\/wp-json\/wp\/v2\/users\/1"}],"replies":[{"embeddable":true,"href":"https:\/\/batiderm.fr\/index.php\/wp-json\/wp\/v2\/comments?post=51"}],"version-history":[{"count":23,"href":"https:\/\/batiderm.fr\/index.php\/wp-json\/wp\/v2\/pages\/51\/revisions"}],"predecessor-version":[{"id":829,"href":"https:\/\/batiderm.fr\/index.php\/wp-json\/wp\/v2\/pages\/51\/revisions\/829"}],"wp:attachment":[{"href":"https:\/\/batiderm.fr\/index.php\/wp-json\/wp\/v2\/media?parent=51"}],"curies":[{"name":"wp","href":"https:\/\/api.w.org\/{rel}","templated":true}]}}