{"id":60,"date":"2025-09-04T09:53:09","date_gmt":"2025-09-04T07:53:09","guid":{"rendered":"https:\/\/batiderm.fr\/?page_id=60"},"modified":"2025-12-29T17:04:11","modified_gmt":"2025-12-29T15:04:11","slug":"coproprietes","status":"publish","type":"page","link":"https:\/\/batiderm.fr\/index.php\/coproprietes\/","title":{"rendered":"Audit \u00e9nerg\u00e9tique des copropri\u00e9t\u00e9s"},"content":{"rendered":"<h1 class=\"has-text-align-center wp-block-post-title has-large-font-size\">Audit \u00e9nerg\u00e9tique des copropri\u00e9t\u00e9s<\/h1>\n\n\n<div class=\"wp-block-columns is-layout-flex wp-container-core-columns-is-layout-28f84493 wp-block-columns-is-layout-flex\">\n<div class=\"wp-block-column is-layout-flow wp-block-column-is-layout-flow\">\n<h2 class=\"wp-block-heading has-large-font-size\"><strong>Objectifs&nbsp;<\/strong><\/h2>\n\n\n\n<p>Les objectifs de l\u2019audit \u00e9nerg\u00e9tique&nbsp;sont de :<\/p>\n\n\n\n<ul class=\"wp-block-list is-style-checkmark-list\">\n<li>D\u00e9finir des actions \u00e0 court terme de r\u00e9m\u00e9diation, permettant des \u00e9conomies d\u2019\u00e9nergie imm\u00e9diates&nbsp;<\/li>\n\n\n\n<li>D\u00e9finir un programme d\u2019am\u00e9lioration \u00e9nerg\u00e9tique des b\u00e2timents sur le moyen et long terme.&nbsp;\n<ul class=\"wp-block-list\">\n<li>Ce programme sera structur\u00e9 par \u00e9tapes, coh\u00e9rentes entre-elles et avec les autres travaux d\u2019entretien r\u00e9gulier (ravalements des fa\u00e7ades par exemple).&nbsp;<\/li>\n\n\n\n<li>Il permettra de d\u00e9finir l\u2019ensemble des actions \u00e0 r\u00e9aliser pour atteindre un niveau de performance exemplaire (niveau BBC r\u00e9novation ou Facteur 4).&nbsp;<\/li>\n\n\n\n<li>Ce programme sera expliqu\u00e9 dans ces d\u00e9tails, afin de pr\u00e9parer au mieux le d\u00e9clenchement des op\u00e9rations de travaux.&nbsp;<\/li>\n<\/ul>\n<\/li>\n<\/ul>\n<\/div>\n\n\n\n<div class=\"wp-block-column is-layout-flow wp-block-column-is-layout-flow\">\n<figure class=\"wp-block-image aligncenter size-full is-resized\"><img loading=\"lazy\" decoding=\"async\" width=\"715\" height=\"979\" src=\"https:\/\/batiderm.fr\/wp-content\/uploads\/2025\/08\/IR_panoramic.jpg\" alt=\"\" class=\"wp-image-18\" style=\"width:357px;height:auto\" srcset=\"https:\/\/batiderm.fr\/wp-content\/uploads\/2025\/08\/IR_panoramic.jpg 715w, https:\/\/batiderm.fr\/wp-content\/uploads\/2025\/08\/IR_panoramic-219x300.jpg 219w\" sizes=\"auto, (max-width: 715px) 100vw, 715px\" \/><\/figure>\n<\/div>\n<\/div>\n\n\n\n<div class=\"wp-block-columns is-layout-flex wp-container-core-columns-is-layout-28f84493 wp-block-columns-is-layout-flex\">\n<div class=\"wp-block-column is-layout-flow wp-block-column-is-layout-flow\">\n<figure class=\"wp-block-image size-large\"><img loading=\"lazy\" decoding=\"async\" width=\"1024\" height=\"444\" src=\"https:\/\/batiderm.fr\/wp-content\/uploads\/2025\/08\/genets-1024x444.jpg\" alt=\"\" class=\"wp-image-13\" srcset=\"https:\/\/batiderm.fr\/wp-content\/uploads\/2025\/08\/genets-1024x444.jpg 1024w, https:\/\/batiderm.fr\/wp-content\/uploads\/2025\/08\/genets-300x130.jpg 300w, https:\/\/batiderm.fr\/wp-content\/uploads\/2025\/08\/genets-768x333.jpg 768w, https:\/\/batiderm.fr\/wp-content\/uploads\/2025\/08\/genets.jpg 1270w\" sizes=\"auto, (max-width: 1024px) 100vw, 1024px\" \/><\/figure>\n\n\n\n<figure class=\"wp-block-image size-large\"><img loading=\"lazy\" decoding=\"async\" width=\"1024\" height=\"421\" src=\"https:\/\/batiderm.fr\/wp-content\/uploads\/2025\/08\/copro_polenn-1024x421.jpg\" alt=\"\" class=\"wp-image-27\" srcset=\"https:\/\/batiderm.fr\/wp-content\/uploads\/2025\/08\/copro_polenn-1024x421.jpg 1024w, https:\/\/batiderm.fr\/wp-content\/uploads\/2025\/08\/copro_polenn-300x123.jpg 300w, https:\/\/batiderm.fr\/wp-content\/uploads\/2025\/08\/copro_polenn-768x316.jpg 768w, https:\/\/batiderm.fr\/wp-content\/uploads\/2025\/08\/copro_polenn.jpg 1266w\" sizes=\"auto, (max-width: 1024px) 100vw, 1024px\" \/><\/figure>\n\n\n\n<figure class=\"wp-block-image size-full\"><img loading=\"lazy\" decoding=\"async\" width=\"930\" height=\"583\" src=\"https:\/\/batiderm.fr\/wp-content\/uploads\/2025\/08\/copro35.jpg\" alt=\"\" class=\"wp-image-28\" srcset=\"https:\/\/batiderm.fr\/wp-content\/uploads\/2025\/08\/copro35.jpg 930w, https:\/\/batiderm.fr\/wp-content\/uploads\/2025\/08\/copro35-300x188.jpg 300w, https:\/\/batiderm.fr\/wp-content\/uploads\/2025\/08\/copro35-768x481.jpg 768w\" sizes=\"auto, (max-width: 930px) 100vw, 930px\" \/><\/figure>\n<\/div>\n\n\n\n<div class=\"wp-block-column is-layout-flow wp-block-column-is-layout-flow\">\n<p><strong>R\u00e9aliser un Audit de qualit\u00e9 avec B\u00e2tiderm Ing\u00e9nierie<\/strong><\/p>\n\n\n\n<p>Avec B\u00e2tiderm Ing\u00e9nierie, vous b\u00e9n\u00e9ficierez d\u2019un audit de qualit\u00e9 avec les atouts suivants&nbsp;:&nbsp;<\/p>\n\n\n\n<ul class=\"wp-block-list is-style-checkmark-list\">\n<li>Respect rigoureux du cahier des charges de l\u2019ADEME.&nbsp;<\/li>\n\n\n\n<li>L\u2019expertise d\u2019un ing\u00e9nieur exp\u00e9riment\u00e9 dans l\u2019efficacit\u00e9 \u00e9nerg\u00e9tique des b\u00e2timents<\/li>\n\n\n\n<li>Des relev\u00e9s d\u00e9taill\u00e9s sur place, en utilisant du mat\u00e9riel de mesure performant, dont :\n<ul class=\"wp-block-list\">\n<li>la thermographie infra-rouge avec une cam\u00e9ra \u00e0 haute r\u00e9solution (Flir B425 ou E8XT)&nbsp;<\/li>\n\n\n\n<li>mesure par reflectom\u00e9trie des vitrages, mesure des d\u00e9bits de ventilation,&nbsp;<\/li>\n<\/ul>\n<\/li>\n<\/ul>\n\n\n\n<ul class=\"wp-block-list is-style-checkmark-list\">\n<li>Repr\u00e9sentation \u00e0 3 dimensions\u00a0de la mod\u00e9lisation thermique du b\u00e2timent<\/li>\n\n\n\n<li>Si besoin, pose de sondes et r\u00e9alisation de campagnes de mesures des temp\u00e9ratures et hygrom\u00e9trie relative en diff\u00e9rents points du b\u00e2timents. \u00a0 \u00a0 \u00a0 \u00a0 <\/li>\n\n\n\n<li>L\u2019utilisation de la simulation thermique dynamique, m\u00e9thode la plus pr\u00e9cise d\u2019estimation des besoins en chaleur du b\u00e2timent.&nbsp;<\/li>\n\n\n\n<li>Un travail d\u2019ing\u00e9nierie d\u2019analyse et d\u2019\u00e9tude, aboutissant \u00e0 un programme de travaux adapt\u00e9 \u00e0 votre b\u00e2timent, p\u00e9dagogique et techniquement d\u00e9taill\u00e9 dans ses pr\u00e9conisations .&nbsp;<\/li>\n\n\n\n<li>Une interactivit\u00e9 des \u00e9changes avec les copropri\u00e9taires et le syndic de copropri\u00e9t\u00e9<\/li>\n<\/ul>\n<\/div>\n<\/div>\n\n\n\n<div class=\"wp-block-columns has-background is-layout-flex wp-container-core-columns-is-layout-28f84493 wp-block-columns-is-layout-flex\" style=\"background-color:#d7ebff\">\n<div class=\"wp-block-column is-vertically-aligned-center is-layout-flow wp-block-column-is-layout-flow\" style=\"flex-basis:70%\">\n<p class=\"has-text-align-right\">Pour l\u2019audit \u00e9nerg\u00e9tique des immeubles collectifs, incluant les copropri\u00e9t\u00e9s de toutes tailles, nous nous appuyons sur notre Qualification OPQIBI 1905<\/p>\n<\/div>\n\n\n\n<div class=\"wp-block-column is-layout-flow wp-block-column-is-layout-flow\" style=\"flex-basis:25%\">\n<figure class=\"wp-block-image aligncenter size-large is-resized\"><img loading=\"lazy\" decoding=\"async\" width=\"1024\" height=\"683\" src=\"https:\/\/batiderm.fr\/wp-content\/uploads\/2025\/12\/logo-opqibi-2007-1024x683.jpg\" alt=\"\" class=\"wp-image-398\" style=\"aspect-ratio:1.49933818663137;width:177px;height:auto\" srcset=\"https:\/\/batiderm.fr\/wp-content\/uploads\/2025\/12\/logo-opqibi-2007-1024x683.jpg 1024w, https:\/\/batiderm.fr\/wp-content\/uploads\/2025\/12\/logo-opqibi-2007-300x200.jpg 300w, https:\/\/batiderm.fr\/wp-content\/uploads\/2025\/12\/logo-opqibi-2007-768x512.jpg 768w, https:\/\/batiderm.fr\/wp-content\/uploads\/2025\/12\/logo-opqibi-2007.jpg 1063w\" sizes=\"auto, (max-width: 1024px) 100vw, 1024px\" \/><\/figure>\n<\/div>\n<\/div>\n","protected":false},"excerpt":{"rendered":"<p>Objectifs&nbsp; Les objectifs de l\u2019audit \u00e9nerg\u00e9tique&nbsp;sont de : R\u00e9aliser un Audit de qualit\u00e9 avec B\u00e2tiderm Ing\u00e9nierie Avec B\u00e2tiderm Ing\u00e9nierie, vous b\u00e9n\u00e9ficierez d\u2019un audit de qualit\u00e9 avec les atouts suivants&nbsp;:&nbsp; Pour l\u2019audit \u00e9nerg\u00e9tique des immeubles collectifs, incluant les copropri\u00e9t\u00e9s de toutes tailles, nous nous appuyons sur notre Qualification OPQIBI 1905<\/p>\n","protected":false},"author":1,"featured_media":0,"parent":0,"menu_order":0,"comment_status":"closed","ping_status":"closed","template":"page-with-sidebar","meta":{"footnotes":""},"class_list":["post-60","page","type-page","status-publish","hentry"],"yoast_head":"<!-- This site is optimized with the Yoast SEO plugin v27.2 - https:\/\/yoast.com\/product\/yoast-seo-wordpress\/ -->\n<title>Audit \u00e9nerg\u00e9tique des copropri\u00e9t\u00e9s - Batiderm<\/title>\n<meta name=\"robots\" content=\"index, follow, max-snippet:-1, max-image-preview:large, max-video-preview:-1\" \/>\n<link rel=\"canonical\" href=\"https:\/\/batiderm.fr\/index.php\/coproprietes\/\" \/>\n<meta property=\"og:locale\" content=\"fr_FR\" \/>\n<meta property=\"og:type\" content=\"article\" \/>\n<meta property=\"og:title\" content=\"Audit \u00e9nerg\u00e9tique des copropri\u00e9t\u00e9s - Batiderm\" \/>\n<meta property=\"og:description\" content=\"Objectifs&nbsp; Les objectifs de l\u2019audit \u00e9nerg\u00e9tique&nbsp;sont de : R\u00e9aliser un Audit de qualit\u00e9 avec B\u00e2tiderm Ing\u00e9nierie Avec B\u00e2tiderm Ing\u00e9nierie, vous b\u00e9n\u00e9ficierez d\u2019un audit de qualit\u00e9 avec les atouts suivants&nbsp;:&nbsp; Pour l\u2019audit \u00e9nerg\u00e9tique des immeubles collectifs, incluant les copropri\u00e9t\u00e9s de toutes tailles, nous nous appuyons sur notre Qualification OPQIBI 1905\" \/>\n<meta property=\"og:url\" content=\"https:\/\/batiderm.fr\/index.php\/coproprietes\/\" \/>\n<meta property=\"og:site_name\" content=\"Batiderm\" \/>\n<meta property=\"article:publisher\" content=\"https:\/\/www.facebook.com\/p\/Btiderm-Ingnierie-100063553359377\/\" \/>\n<meta property=\"article:modified_time\" content=\"2025-12-29T15:04:11+00:00\" \/>\n<meta property=\"og:image\" content=\"https:\/\/batiderm.fr\/wp-content\/uploads\/2025\/08\/IR_panoramic.jpg\" \/>\n\t<meta property=\"og:image:width\" content=\"715\" \/>\n\t<meta property=\"og:image:height\" content=\"979\" \/>\n\t<meta property=\"og:image:type\" content=\"image\/jpeg\" \/>\n<meta name=\"twitter:card\" content=\"summary_large_image\" \/>\n<meta name=\"twitter:label1\" content=\"Dur\u00e9e de lecture estim\u00e9e\" \/>\n\t<meta name=\"twitter:data1\" content=\"2 minutes\" \/>\n<script type=\"application\/ld+json\" class=\"yoast-schema-graph\">{\"@context\":\"https:\/\/schema.org\",\"@graph\":[{\"@type\":\"WebPage\",\"@id\":\"https:\/\/batiderm.fr\/index.php\/coproprietes\/\",\"url\":\"https:\/\/batiderm.fr\/index.php\/coproprietes\/\",\"name\":\"Audit \u00e9nerg\u00e9tique des copropri\u00e9t\u00e9s - Batiderm\",\"isPartOf\":{\"@id\":\"https:\/\/batiderm.fr\/#website\"},\"primaryImageOfPage\":{\"@id\":\"https:\/\/batiderm.fr\/index.php\/coproprietes\/#primaryimage\"},\"image\":{\"@id\":\"https:\/\/batiderm.fr\/index.php\/coproprietes\/#primaryimage\"},\"thumbnailUrl\":\"https:\/\/batiderm.fr\/wp-content\/uploads\/2025\/08\/IR_panoramic.jpg\",\"datePublished\":\"2025-09-04T07:53:09+00:00\",\"dateModified\":\"2025-12-29T15:04:11+00:00\",\"breadcrumb\":{\"@id\":\"https:\/\/batiderm.fr\/index.php\/coproprietes\/#breadcrumb\"},\"inLanguage\":\"fr-FR\",\"potentialAction\":[{\"@type\":\"ReadAction\",\"target\":[\"https:\/\/batiderm.fr\/index.php\/coproprietes\/\"]}]},{\"@type\":\"ImageObject\",\"inLanguage\":\"fr-FR\",\"@id\":\"https:\/\/batiderm.fr\/index.php\/coproprietes\/#primaryimage\",\"url\":\"https:\/\/batiderm.fr\/wp-content\/uploads\/2025\/08\/IR_panoramic.jpg\",\"contentUrl\":\"https:\/\/batiderm.fr\/wp-content\/uploads\/2025\/08\/IR_panoramic.jpg\",\"width\":715,\"height\":979},{\"@type\":\"BreadcrumbList\",\"@id\":\"https:\/\/batiderm.fr\/index.php\/coproprietes\/#breadcrumb\",\"itemListElement\":[{\"@type\":\"ListItem\",\"position\":1,\"name\":\"Accueil\",\"item\":\"https:\/\/batiderm.fr\/\"},{\"@type\":\"ListItem\",\"position\":2,\"name\":\"Audit \u00e9nerg\u00e9tique des copropri\u00e9t\u00e9s\"}]},{\"@type\":\"WebSite\",\"@id\":\"https:\/\/batiderm.fr\/#website\",\"url\":\"https:\/\/batiderm.fr\/\",\"name\":\"Batiderm\",\"description\":\"R\u00e9nover et r\u00e9habiliter, \u00e9conome et confortable\",\"publisher\":{\"@id\":\"https:\/\/batiderm.fr\/#organization\"},\"potentialAction\":[{\"@type\":\"SearchAction\",\"target\":{\"@type\":\"EntryPoint\",\"urlTemplate\":\"https:\/\/batiderm.fr\/?s={search_term_string}\"},\"query-input\":{\"@type\":\"PropertyValueSpecification\",\"valueRequired\":true,\"valueName\":\"search_term_string\"}}],\"inLanguage\":\"fr-FR\"},{\"@type\":\"Organization\",\"@id\":\"https:\/\/batiderm.fr\/#organization\",\"name\":\"Batiderm\",\"url\":\"https:\/\/batiderm.fr\/\",\"logo\":{\"@type\":\"ImageObject\",\"inLanguage\":\"fr-FR\",\"@id\":\"https:\/\/batiderm.fr\/#\/schema\/logo\/image\/\",\"url\":\"https:\/\/batiderm.fr\/wp-content\/uploads\/2025\/09\/Logo_BatidermIng_compact.jpg\",\"contentUrl\":\"https:\/\/batiderm.fr\/wp-content\/uploads\/2025\/09\/Logo_BatidermIng_compact.jpg\",\"width\":1354,\"height\":896,\"caption\":\"Batiderm\"},\"image\":{\"@id\":\"https:\/\/batiderm.fr\/#\/schema\/logo\/image\/\"},\"sameAs\":[\"https:\/\/www.facebook.com\/p\/Btiderm-Ingnierie-100063553359377\/\"]}]}<\/script>\n<!-- \/ Yoast SEO plugin. -->","yoast_head_json":{"title":"Audit \u00e9nerg\u00e9tique des copropri\u00e9t\u00e9s - Batiderm","robots":{"index":"index","follow":"follow","max-snippet":"max-snippet:-1","max-image-preview":"max-image-preview:large","max-video-preview":"max-video-preview:-1"},"canonical":"https:\/\/batiderm.fr\/index.php\/coproprietes\/","og_locale":"fr_FR","og_type":"article","og_title":"Audit \u00e9nerg\u00e9tique des copropri\u00e9t\u00e9s - Batiderm","og_description":"Objectifs&nbsp; Les objectifs de l\u2019audit \u00e9nerg\u00e9tique&nbsp;sont de : R\u00e9aliser un Audit de qualit\u00e9 avec B\u00e2tiderm Ing\u00e9nierie Avec B\u00e2tiderm Ing\u00e9nierie, vous b\u00e9n\u00e9ficierez d\u2019un audit de qualit\u00e9 avec les atouts suivants&nbsp;:&nbsp; Pour l\u2019audit \u00e9nerg\u00e9tique des immeubles collectifs, incluant les copropri\u00e9t\u00e9s de toutes tailles, nous nous appuyons sur notre Qualification OPQIBI 1905","og_url":"https:\/\/batiderm.fr\/index.php\/coproprietes\/","og_site_name":"Batiderm","article_publisher":"https:\/\/www.facebook.com\/p\/Btiderm-Ingnierie-100063553359377\/","article_modified_time":"2025-12-29T15:04:11+00:00","og_image":[{"width":715,"height":979,"url":"https:\/\/batiderm.fr\/wp-content\/uploads\/2025\/08\/IR_panoramic.jpg","type":"image\/jpeg"}],"twitter_card":"summary_large_image","twitter_misc":{"Dur\u00e9e de lecture estim\u00e9e":"2 minutes"},"schema":{"@context":"https:\/\/schema.org","@graph":[{"@type":"WebPage","@id":"https:\/\/batiderm.fr\/index.php\/coproprietes\/","url":"https:\/\/batiderm.fr\/index.php\/coproprietes\/","name":"Audit \u00e9nerg\u00e9tique des copropri\u00e9t\u00e9s - Batiderm","isPartOf":{"@id":"https:\/\/batiderm.fr\/#website"},"primaryImageOfPage":{"@id":"https:\/\/batiderm.fr\/index.php\/coproprietes\/#primaryimage"},"image":{"@id":"https:\/\/batiderm.fr\/index.php\/coproprietes\/#primaryimage"},"thumbnailUrl":"https:\/\/batiderm.fr\/wp-content\/uploads\/2025\/08\/IR_panoramic.jpg","datePublished":"2025-09-04T07:53:09+00:00","dateModified":"2025-12-29T15:04:11+00:00","breadcrumb":{"@id":"https:\/\/batiderm.fr\/index.php\/coproprietes\/#breadcrumb"},"inLanguage":"fr-FR","potentialAction":[{"@type":"ReadAction","target":["https:\/\/batiderm.fr\/index.php\/coproprietes\/"]}]},{"@type":"ImageObject","inLanguage":"fr-FR","@id":"https:\/\/batiderm.fr\/index.php\/coproprietes\/#primaryimage","url":"https:\/\/batiderm.fr\/wp-content\/uploads\/2025\/08\/IR_panoramic.jpg","contentUrl":"https:\/\/batiderm.fr\/wp-content\/uploads\/2025\/08\/IR_panoramic.jpg","width":715,"height":979},{"@type":"BreadcrumbList","@id":"https:\/\/batiderm.fr\/index.php\/coproprietes\/#breadcrumb","itemListElement":[{"@type":"ListItem","position":1,"name":"Accueil","item":"https:\/\/batiderm.fr\/"},{"@type":"ListItem","position":2,"name":"Audit \u00e9nerg\u00e9tique des copropri\u00e9t\u00e9s"}]},{"@type":"WebSite","@id":"https:\/\/batiderm.fr\/#website","url":"https:\/\/batiderm.fr\/","name":"Batiderm","description":"R\u00e9nover et r\u00e9habiliter, \u00e9conome et confortable","publisher":{"@id":"https:\/\/batiderm.fr\/#organization"},"potentialAction":[{"@type":"SearchAction","target":{"@type":"EntryPoint","urlTemplate":"https:\/\/batiderm.fr\/?s={search_term_string}"},"query-input":{"@type":"PropertyValueSpecification","valueRequired":true,"valueName":"search_term_string"}}],"inLanguage":"fr-FR"},{"@type":"Organization","@id":"https:\/\/batiderm.fr\/#organization","name":"Batiderm","url":"https:\/\/batiderm.fr\/","logo":{"@type":"ImageObject","inLanguage":"fr-FR","@id":"https:\/\/batiderm.fr\/#\/schema\/logo\/image\/","url":"https:\/\/batiderm.fr\/wp-content\/uploads\/2025\/09\/Logo_BatidermIng_compact.jpg","contentUrl":"https:\/\/batiderm.fr\/wp-content\/uploads\/2025\/09\/Logo_BatidermIng_compact.jpg","width":1354,"height":896,"caption":"Batiderm"},"image":{"@id":"https:\/\/batiderm.fr\/#\/schema\/logo\/image\/"},"sameAs":["https:\/\/www.facebook.com\/p\/Btiderm-Ingnierie-100063553359377\/"]}]}},"_links":{"self":[{"href":"https:\/\/batiderm.fr\/index.php\/wp-json\/wp\/v2\/pages\/60","targetHints":{"allow":["GET"]}}],"collection":[{"href":"https:\/\/batiderm.fr\/index.php\/wp-json\/wp\/v2\/pages"}],"about":[{"href":"https:\/\/batiderm.fr\/index.php\/wp-json\/wp\/v2\/types\/page"}],"author":[{"embeddable":true,"href":"https:\/\/batiderm.fr\/index.php\/wp-json\/wp\/v2\/users\/1"}],"replies":[{"embeddable":true,"href":"https:\/\/batiderm.fr\/index.php\/wp-json\/wp\/v2\/comments?post=60"}],"version-history":[{"count":10,"href":"https:\/\/batiderm.fr\/index.php\/wp-json\/wp\/v2\/pages\/60\/revisions"}],"predecessor-version":[{"id":701,"href":"https:\/\/batiderm.fr\/index.php\/wp-json\/wp\/v2\/pages\/60\/revisions\/701"}],"wp:attachment":[{"href":"https:\/\/batiderm.fr\/index.php\/wp-json\/wp\/v2\/media?parent=60"}],"curies":[{"name":"wp","href":"https:\/\/api.w.org\/{rel}","templated":true}]}}