{"id":63,"date":"2025-09-04T09:53:47","date_gmt":"2025-09-04T07:53:47","guid":{"rendered":"https:\/\/batiderm.fr\/?page_id=63"},"modified":"2025-12-14T12:00:43","modified_gmt":"2025-12-14T10:00:43","slug":"tertiaire-collectivites","status":"publish","type":"page","link":"https:\/\/batiderm.fr\/index.php\/tertiaire-collectivites\/","title":{"rendered":"Tertiaire \/ Collectivit\u00e9s"},"content":{"rendered":"\n<h1 class=\"wp-block-heading has-text-align-center has-large-font-size\">Prestations pour les b\u00e2timents tertiaires et les collectivit\u00e9s<\/h1>\n\n\n\n<div class=\"wp-block-buttons is-layout-flex wp-block-buttons-is-layout-flex\">\n<div class=\"wp-block-button\"><a class=\"wp-block-button__link has-accent-3-background-color has-background has-text-align-center wp-element-button\" href=\"https:\/\/batiderm.fr\/index.php\/contact\/\">Pour obtenir notre plaquette par mail, merci de cliquer ICI pour effectuer votre demande<\/a><\/div>\n<\/div>\n\n\n\n<p>Un b\u00e2timent \u00e9conome et confortable n\u00e9cessite la ma\u00eetrise d\u2019enjeux vari\u00e9s et imbriqu\u00e9s, au travers d\u2019une d\u00e9marche de conception globale. Nous mettons \u00e0 disposition des ma\u00eetres d&rsquo;ouvrages nos comp\u00e9tences pour une vari\u00e9t\u00e9 de prestations de bureau d&rsquo;\u00e9tudes :<\/p>\n\n\n\n<ul class=\"wp-block-list is-style-checkmark-list\">\n<li>Assistance \u00e0 maitrise d&rsquo;ouvrage<\/li>\n\n\n\n<li><strong>Audit \u00e9nerg\u00e9tique<\/strong>&nbsp;(dont d\u00e9cret tertiaire) avec sc\u00e9narios de travaux.<\/li>\n\n\n\n<li>Simulation thermique dynamique,&nbsp;Etude de confort estival \u00ab\u00a0sans clim\u00a0\u00bb<\/li>\n\n\n\n<li>Conception des syst\u00e8mes de ventilation&nbsp;et d&rsquo;appoint de chauffage&nbsp;<\/li>\n\n\n\n<li>Etudes d&rsquo;optimisation \u00e9nerg\u00e9tique et fourniture d&rsquo;indicateurs \u00e9conomiques et environnementaux<\/li>\n\n\n\n<li>Bureau d&rsquo;\u00e9tudes techniques (BET), maitrise d\u2019\u0153uvre associ\u00e9e avec l&rsquo;Architecte.<\/li>\n\n\n\n<li>Etude de faisabilit\u00e9 d&rsquo;approvisionnement en \u00e9nergie renouvelable.<\/li>\n\n\n\n<li>Suivi&nbsp;de chantier&nbsp;<\/li>\n\n\n\n<li>Mesures&nbsp;des consommations&nbsp;et du confort<\/li>\n<\/ul>\n\n\n\n<p>Ils nous ont fait confiance :<\/p>\n\n\n\n<ul class=\"wp-block-list\">\n<li>La CCI de Caen&nbsp;: Audit \u00e9nerg\u00e9tique des locaux de l&rsquo;ICEP<\/li>\n\n\n\n<li>La ville de Caen : Simulation Thermique Dynamique du M\u00e9morial<\/li>\n\n\n\n<li>Les communes de Vire, Souleuvre en bocage&#8230;<\/li>\n\n\n\n<li>Des bailleurs sociaux&nbsp;: INOLYA, Caen la mer Habitat, &#8230;<\/li>\n\n\n\n<li>Le Conseil R\u00e9gional de Normandie (Mission de maitrise d&rsquo;oeuvre pour l&rsquo;ITE des fa\u00e7ades du Lyc\u00e9e Paul Cornu \u00e0 Lisieux, &#8230;)<\/li>\n<\/ul>\n\n\n\n<div class=\"wp-block-columns has-background is-layout-flex wp-container-core-columns-is-layout-28f84493 wp-block-columns-is-layout-flex\" style=\"background-color:#d7ebff\">\n<div class=\"wp-block-column is-vertically-aligned-center is-layout-flow wp-block-column-is-layout-flow\" style=\"flex-basis:70%\">\n<p class=\"has-text-align-right\">Pour l\u2019audit \u00e9nerg\u00e9tique des b\u00e2timents tertiaires et immeubles collectifs, nous nous appuyons sur notre Qualification OPQIBI 1905<\/p>\n<\/div>\n\n\n\n<div class=\"wp-block-column is-layout-flow wp-block-column-is-layout-flow\" style=\"flex-basis:25%\">\n<figure class=\"wp-block-image aligncenter size-large is-resized\"><img loading=\"lazy\" decoding=\"async\" width=\"1024\" height=\"683\" src=\"https:\/\/batiderm.fr\/wp-content\/uploads\/2025\/12\/logo-opqibi-2007-1024x683.jpg\" alt=\"\" class=\"wp-image-398\" style=\"aspect-ratio:1.49933818663137;width:177px;height:auto\" srcset=\"https:\/\/batiderm.fr\/wp-content\/uploads\/2025\/12\/logo-opqibi-2007-1024x683.jpg 1024w, https:\/\/batiderm.fr\/wp-content\/uploads\/2025\/12\/logo-opqibi-2007-300x200.jpg 300w, https:\/\/batiderm.fr\/wp-content\/uploads\/2025\/12\/logo-opqibi-2007-768x512.jpg 768w, https:\/\/batiderm.fr\/wp-content\/uploads\/2025\/12\/logo-opqibi-2007.jpg 1063w\" sizes=\"auto, (max-width: 1024px) 100vw, 1024px\" \/><\/figure>\n<\/div>\n<\/div>\n","protected":false},"excerpt":{"rendered":"<p>Prestations pour les b\u00e2timents tertiaires et les collectivit\u00e9s Un b\u00e2timent \u00e9conome et confortable n\u00e9cessite la ma\u00eetrise d\u2019enjeux vari\u00e9s et imbriqu\u00e9s, au travers d\u2019une d\u00e9marche de conception globale. Nous mettons \u00e0 disposition des ma\u00eetres d&rsquo;ouvrages nos comp\u00e9tences pour une vari\u00e9t\u00e9 de prestations de bureau d&rsquo;\u00e9tudes : Ils nous ont fait confiance : Pour l\u2019audit \u00e9nerg\u00e9tique des [&hellip;]<\/p>\n","protected":false},"author":1,"featured_media":0,"parent":0,"menu_order":0,"comment_status":"closed","ping_status":"closed","template":"page-with-sidebar","meta":{"footnotes":""},"class_list":["post-63","page","type-page","status-publish","hentry"],"yoast_head":"<!-- This site is optimized with the Yoast SEO plugin v27.2 - https:\/\/yoast.com\/product\/yoast-seo-wordpress\/ -->\n<title>Tertiaire \/ Collectivit\u00e9s - Batiderm<\/title>\n<meta name=\"robots\" content=\"index, follow, max-snippet:-1, max-image-preview:large, max-video-preview:-1\" \/>\n<link rel=\"canonical\" href=\"https:\/\/batiderm.fr\/index.php\/tertiaire-collectivites\/\" \/>\n<meta property=\"og:locale\" content=\"fr_FR\" \/>\n<meta property=\"og:type\" content=\"article\" \/>\n<meta property=\"og:title\" content=\"Tertiaire \/ Collectivit\u00e9s - Batiderm\" \/>\n<meta property=\"og:description\" content=\"Prestations pour les b\u00e2timents tertiaires et les collectivit\u00e9s Un b\u00e2timent \u00e9conome et confortable n\u00e9cessite la ma\u00eetrise d\u2019enjeux vari\u00e9s et imbriqu\u00e9s, au travers d\u2019une d\u00e9marche de conception globale. Nous mettons \u00e0 disposition des ma\u00eetres d&rsquo;ouvrages nos comp\u00e9tences pour une vari\u00e9t\u00e9 de prestations de bureau d&rsquo;\u00e9tudes : Ils nous ont fait confiance : Pour l\u2019audit \u00e9nerg\u00e9tique des [&hellip;]\" \/>\n<meta property=\"og:url\" content=\"https:\/\/batiderm.fr\/index.php\/tertiaire-collectivites\/\" \/>\n<meta property=\"og:site_name\" content=\"Batiderm\" \/>\n<meta property=\"article:publisher\" content=\"https:\/\/www.facebook.com\/p\/Btiderm-Ingnierie-100063553359377\/\" \/>\n<meta property=\"article:modified_time\" content=\"2025-12-14T10:00:43+00:00\" \/>\n<meta property=\"og:image\" content=\"https:\/\/batiderm.fr\/wp-content\/uploads\/2025\/12\/logo-opqibi-2007.jpg\" \/>\n\t<meta property=\"og:image:width\" content=\"1063\" \/>\n\t<meta property=\"og:image:height\" content=\"709\" \/>\n\t<meta property=\"og:image:type\" content=\"image\/jpeg\" \/>\n<meta name=\"twitter:card\" content=\"summary_large_image\" \/>\n<meta name=\"twitter:label1\" content=\"Dur\u00e9e de lecture estim\u00e9e\" \/>\n\t<meta name=\"twitter:data1\" content=\"1 minute\" \/>\n<script type=\"application\/ld+json\" class=\"yoast-schema-graph\">{\"@context\":\"https:\/\/schema.org\",\"@graph\":[{\"@type\":\"WebPage\",\"@id\":\"https:\/\/batiderm.fr\/index.php\/tertiaire-collectivites\/\",\"url\":\"https:\/\/batiderm.fr\/index.php\/tertiaire-collectivites\/\",\"name\":\"Tertiaire \/ Collectivit\u00e9s - Batiderm\",\"isPartOf\":{\"@id\":\"https:\/\/batiderm.fr\/#website\"},\"primaryImageOfPage\":{\"@id\":\"https:\/\/batiderm.fr\/index.php\/tertiaire-collectivites\/#primaryimage\"},\"image\":{\"@id\":\"https:\/\/batiderm.fr\/index.php\/tertiaire-collectivites\/#primaryimage\"},\"thumbnailUrl\":\"https:\/\/batiderm.fr\/wp-content\/uploads\/2025\/12\/logo-opqibi-2007-1024x683.jpg\",\"datePublished\":\"2025-09-04T07:53:47+00:00\",\"dateModified\":\"2025-12-14T10:00:43+00:00\",\"breadcrumb\":{\"@id\":\"https:\/\/batiderm.fr\/index.php\/tertiaire-collectivites\/#breadcrumb\"},\"inLanguage\":\"fr-FR\",\"potentialAction\":[{\"@type\":\"ReadAction\",\"target\":[\"https:\/\/batiderm.fr\/index.php\/tertiaire-collectivites\/\"]}]},{\"@type\":\"ImageObject\",\"inLanguage\":\"fr-FR\",\"@id\":\"https:\/\/batiderm.fr\/index.php\/tertiaire-collectivites\/#primaryimage\",\"url\":\"https:\/\/batiderm.fr\/wp-content\/uploads\/2025\/12\/logo-opqibi-2007.jpg\",\"contentUrl\":\"https:\/\/batiderm.fr\/wp-content\/uploads\/2025\/12\/logo-opqibi-2007.jpg\",\"width\":1063,\"height\":709},{\"@type\":\"BreadcrumbList\",\"@id\":\"https:\/\/batiderm.fr\/index.php\/tertiaire-collectivites\/#breadcrumb\",\"itemListElement\":[{\"@type\":\"ListItem\",\"position\":1,\"name\":\"Accueil\",\"item\":\"https:\/\/batiderm.fr\/\"},{\"@type\":\"ListItem\",\"position\":2,\"name\":\"Tertiaire \/ Collectivit\u00e9s\"}]},{\"@type\":\"WebSite\",\"@id\":\"https:\/\/batiderm.fr\/#website\",\"url\":\"https:\/\/batiderm.fr\/\",\"name\":\"Batiderm\",\"description\":\"R\u00e9nover et r\u00e9habiliter, \u00e9conome et confortable\",\"publisher\":{\"@id\":\"https:\/\/batiderm.fr\/#organization\"},\"potentialAction\":[{\"@type\":\"SearchAction\",\"target\":{\"@type\":\"EntryPoint\",\"urlTemplate\":\"https:\/\/batiderm.fr\/?s={search_term_string}\"},\"query-input\":{\"@type\":\"PropertyValueSpecification\",\"valueRequired\":true,\"valueName\":\"search_term_string\"}}],\"inLanguage\":\"fr-FR\"},{\"@type\":\"Organization\",\"@id\":\"https:\/\/batiderm.fr\/#organization\",\"name\":\"Batiderm\",\"url\":\"https:\/\/batiderm.fr\/\",\"logo\":{\"@type\":\"ImageObject\",\"inLanguage\":\"fr-FR\",\"@id\":\"https:\/\/batiderm.fr\/#\/schema\/logo\/image\/\",\"url\":\"https:\/\/batiderm.fr\/wp-content\/uploads\/2025\/09\/Logo_BatidermIng_compact.jpg\",\"contentUrl\":\"https:\/\/batiderm.fr\/wp-content\/uploads\/2025\/09\/Logo_BatidermIng_compact.jpg\",\"width\":1354,\"height\":896,\"caption\":\"Batiderm\"},\"image\":{\"@id\":\"https:\/\/batiderm.fr\/#\/schema\/logo\/image\/\"},\"sameAs\":[\"https:\/\/www.facebook.com\/p\/Btiderm-Ingnierie-100063553359377\/\"]}]}<\/script>\n<!-- \/ Yoast SEO plugin. -->","yoast_head_json":{"title":"Tertiaire \/ Collectivit\u00e9s - Batiderm","robots":{"index":"index","follow":"follow","max-snippet":"max-snippet:-1","max-image-preview":"max-image-preview:large","max-video-preview":"max-video-preview:-1"},"canonical":"https:\/\/batiderm.fr\/index.php\/tertiaire-collectivites\/","og_locale":"fr_FR","og_type":"article","og_title":"Tertiaire \/ Collectivit\u00e9s - Batiderm","og_description":"Prestations pour les b\u00e2timents tertiaires et les collectivit\u00e9s Un b\u00e2timent \u00e9conome et confortable n\u00e9cessite la ma\u00eetrise d\u2019enjeux vari\u00e9s et imbriqu\u00e9s, au travers d\u2019une d\u00e9marche de conception globale. Nous mettons \u00e0 disposition des ma\u00eetres d&rsquo;ouvrages nos comp\u00e9tences pour une vari\u00e9t\u00e9 de prestations de bureau d&rsquo;\u00e9tudes : Ils nous ont fait confiance : Pour l\u2019audit \u00e9nerg\u00e9tique des [&hellip;]","og_url":"https:\/\/batiderm.fr\/index.php\/tertiaire-collectivites\/","og_site_name":"Batiderm","article_publisher":"https:\/\/www.facebook.com\/p\/Btiderm-Ingnierie-100063553359377\/","article_modified_time":"2025-12-14T10:00:43+00:00","og_image":[{"width":1063,"height":709,"url":"https:\/\/batiderm.fr\/wp-content\/uploads\/2025\/12\/logo-opqibi-2007.jpg","type":"image\/jpeg"}],"twitter_card":"summary_large_image","twitter_misc":{"Dur\u00e9e de lecture estim\u00e9e":"1 minute"},"schema":{"@context":"https:\/\/schema.org","@graph":[{"@type":"WebPage","@id":"https:\/\/batiderm.fr\/index.php\/tertiaire-collectivites\/","url":"https:\/\/batiderm.fr\/index.php\/tertiaire-collectivites\/","name":"Tertiaire \/ Collectivit\u00e9s - Batiderm","isPartOf":{"@id":"https:\/\/batiderm.fr\/#website"},"primaryImageOfPage":{"@id":"https:\/\/batiderm.fr\/index.php\/tertiaire-collectivites\/#primaryimage"},"image":{"@id":"https:\/\/batiderm.fr\/index.php\/tertiaire-collectivites\/#primaryimage"},"thumbnailUrl":"https:\/\/batiderm.fr\/wp-content\/uploads\/2025\/12\/logo-opqibi-2007-1024x683.jpg","datePublished":"2025-09-04T07:53:47+00:00","dateModified":"2025-12-14T10:00:43+00:00","breadcrumb":{"@id":"https:\/\/batiderm.fr\/index.php\/tertiaire-collectivites\/#breadcrumb"},"inLanguage":"fr-FR","potentialAction":[{"@type":"ReadAction","target":["https:\/\/batiderm.fr\/index.php\/tertiaire-collectivites\/"]}]},{"@type":"ImageObject","inLanguage":"fr-FR","@id":"https:\/\/batiderm.fr\/index.php\/tertiaire-collectivites\/#primaryimage","url":"https:\/\/batiderm.fr\/wp-content\/uploads\/2025\/12\/logo-opqibi-2007.jpg","contentUrl":"https:\/\/batiderm.fr\/wp-content\/uploads\/2025\/12\/logo-opqibi-2007.jpg","width":1063,"height":709},{"@type":"BreadcrumbList","@id":"https:\/\/batiderm.fr\/index.php\/tertiaire-collectivites\/#breadcrumb","itemListElement":[{"@type":"ListItem","position":1,"name":"Accueil","item":"https:\/\/batiderm.fr\/"},{"@type":"ListItem","position":2,"name":"Tertiaire \/ Collectivit\u00e9s"}]},{"@type":"WebSite","@id":"https:\/\/batiderm.fr\/#website","url":"https:\/\/batiderm.fr\/","name":"Batiderm","description":"R\u00e9nover et r\u00e9habiliter, \u00e9conome et confortable","publisher":{"@id":"https:\/\/batiderm.fr\/#organization"},"potentialAction":[{"@type":"SearchAction","target":{"@type":"EntryPoint","urlTemplate":"https:\/\/batiderm.fr\/?s={search_term_string}"},"query-input":{"@type":"PropertyValueSpecification","valueRequired":true,"valueName":"search_term_string"}}],"inLanguage":"fr-FR"},{"@type":"Organization","@id":"https:\/\/batiderm.fr\/#organization","name":"Batiderm","url":"https:\/\/batiderm.fr\/","logo":{"@type":"ImageObject","inLanguage":"fr-FR","@id":"https:\/\/batiderm.fr\/#\/schema\/logo\/image\/","url":"https:\/\/batiderm.fr\/wp-content\/uploads\/2025\/09\/Logo_BatidermIng_compact.jpg","contentUrl":"https:\/\/batiderm.fr\/wp-content\/uploads\/2025\/09\/Logo_BatidermIng_compact.jpg","width":1354,"height":896,"caption":"Batiderm"},"image":{"@id":"https:\/\/batiderm.fr\/#\/schema\/logo\/image\/"},"sameAs":["https:\/\/www.facebook.com\/p\/Btiderm-Ingnierie-100063553359377\/"]}]}},"_links":{"self":[{"href":"https:\/\/batiderm.fr\/index.php\/wp-json\/wp\/v2\/pages\/63","targetHints":{"allow":["GET"]}}],"collection":[{"href":"https:\/\/batiderm.fr\/index.php\/wp-json\/wp\/v2\/pages"}],"about":[{"href":"https:\/\/batiderm.fr\/index.php\/wp-json\/wp\/v2\/types\/page"}],"author":[{"embeddable":true,"href":"https:\/\/batiderm.fr\/index.php\/wp-json\/wp\/v2\/users\/1"}],"replies":[{"embeddable":true,"href":"https:\/\/batiderm.fr\/index.php\/wp-json\/wp\/v2\/comments?post=63"}],"version-history":[{"count":10,"href":"https:\/\/batiderm.fr\/index.php\/wp-json\/wp\/v2\/pages\/63\/revisions"}],"predecessor-version":[{"id":612,"href":"https:\/\/batiderm.fr\/index.php\/wp-json\/wp\/v2\/pages\/63\/revisions\/612"}],"wp:attachment":[{"href":"https:\/\/batiderm.fr\/index.php\/wp-json\/wp\/v2\/media?parent=63"}],"curies":[{"name":"wp","href":"https:\/\/api.w.org\/{rel}","templated":true}]}}