{"id":69,"date":"2025-09-04T09:54:54","date_gmt":"2025-09-04T07:54:54","guid":{"rendered":"https:\/\/batiderm.fr\/?page_id=69"},"modified":"2025-12-14T11:59:37","modified_gmt":"2025-12-14T09:59:37","slug":"simulation-thermique","status":"publish","type":"page","link":"https:\/\/batiderm.fr\/index.php\/simulation-thermique\/","title":{"rendered":"Simulation thermique"},"content":{"rendered":"\n<h1 class=\"wp-block-heading has-text-align-center has-large-font-size\"><strong>Simulation thermique dynamique<\/strong><\/h1>\n\n\n\n<p style=\"padding-right:var(--wp--preset--spacing--10);padding-left:var(--wp--preset--spacing--20)\">La Simulation Thermique Dynamique (STD) est la m\u00e9thode la plus \u00ab\u00a0juste\u00a0\u00bb de calcul des bilans \u00e9nerg\u00e9tiques, puisqu&rsquo;elle prend en compte le facteur temps, et avec lui tous les rythmes climatiques : alternance jour\/nuit, variations climatiques d\u00fbes \u00e0 la m\u00e9t\u00e9orologie, variations saisonni\u00e8res, vagues de chaleur et vagues de froid. En fonction de ces variations ext\u00e9rieures et des apports internes aux b\u00e2timents, la STD permet de calculer tous les flux thermiques \u00e0 chaque moment de la journ\u00e9e, tous les jours de l&rsquo;ann\u00e9e. C&rsquo;est pourquoi la simulation thermique dynamique permet de prendre en compte l&rsquo;inertie des mat\u00e9riaux du b\u00e2timent et la propagation de la chaleur en leur sein (le \u00ab\u00a0d\u00e9phasage\u00a0\u00bb), ainsi qu&rsquo;\u00e0 une \u00e9chelle plus grande la propagation de la chaleur de zone en zone au sein du b\u00e2timent.&nbsp;<br>&nbsp;<br>La Simulation Thermique Dynamique utilise des fichiers climats reproduisant heure par heure, voire quart d&rsquo;heure par quart d&rsquo;heure la r\u00e9alit\u00e9 climatique d&rsquo;une vraie ann\u00e9e. Ces variations ne s&rsquo;arr\u00eatent pas \u00e0 la temp\u00e9rature de l&rsquo;air. Elles incluent aussi la position du soleil dans le ciel, l&rsquo;\u00e9clairement solaire direct, l&rsquo;\u00e9clairement solaire diffus, la force et la direction du vent. Les apports solaires sont simul\u00e9s en prenant en compte les ombrages ext\u00e9rieurs d\u00fbs \u00e0 d&rsquo;autres b\u00e2timents ou \u00e0 la v\u00e9g\u00e9tation environnante. Les masques propres au b\u00e2timent, comme les d\u00e9bords de toiture, les \u00e9brasements de fen\u00eatres sont \u00e9galement pris en compte&#8230;&nbsp;<br>&nbsp;<br>La Simulation Thermique Dynamique permet d&rsquo;\u00e9valuer le comportement r\u00e9el d&rsquo;un b\u00e2timent, l&rsquo;\u00e9volution des temp\u00e9ratures dans chacune de ses zones, l&rsquo;\u00e9volution du besoin en chaleur dans chaque zone en fonction du temps qu&rsquo;il fait dehors, mais aussi en fonction du temps qu&rsquo;il a fait un jour, une semaine, un mois avant. L&rsquo;accumulation des surchauffes lors de plusieurs jours de chaleur cons\u00e9cutives est clairement accessible. Pour ces raisons, la simulation thermique dynamique est l&rsquo;outil le plus s\u00fbr d&rsquo;optimisation d&rsquo;un b\u00e2timent par rapport aux risques de surchauffe.&nbsp;<br>&nbsp;<br>La Simulation Thermique Dynamique est \u00e9galement un outil tr\u00e8s fiable pour le calcul du besoin en chauffage du b\u00e2timent, ce besoin en chauffage qui est la pierre angulaire ou la clef de voute du b\u00e2timent \u00e9conome en \u00e9nergie. Un besoin en chauffage r\u00e9duit sera le t\u00e9moin principal de la conception bioclimatique d&rsquo;un projet et de l&rsquo;importance accord\u00e9e \u00e0 l&rsquo;isolation thermique. &nbsp;<br>&nbsp;<br>A B\u00e2tiderm Ing\u00e9nierie, presque tous les calculs thermiques commencent par un calcul du besoin en chauffage par simulation thermique dynamique, car au del\u00e0 de l&rsquo;aspect r\u00e9glementaire, c&rsquo;est la qualit\u00e9 du r\u00e9sultat qui importe le plus pour nous.<br><br>Mais, bien s\u00fbr, la simulation thermique dynamique reste un outil, et comme tout outil, il demande \u00e0 faire corps avec le praticien, artisan du calcul \u00e9nerg\u00e9tique, que nous sommes. L&rsquo;outil n&rsquo;est rien sans une bonne pratique, \u00e9clair\u00e9e et exp\u00e9riment\u00e9e. B\u00e2tiderm Ing\u00e9nierie s&rsquo;appuie sur 3 ans d&rsquo;exp\u00e9rience en simulation thermique dynamique du b\u00e2timent et sur 20 ans d&rsquo;exp\u00e9rience en simulation dynamique.<\/p>\n","protected":false},"excerpt":{"rendered":"<p>Simulation thermique dynamique La Simulation Thermique Dynamique (STD) est la m\u00e9thode la plus \u00ab\u00a0juste\u00a0\u00bb de calcul des bilans \u00e9nerg\u00e9tiques, puisqu&rsquo;elle prend en compte le facteur temps, et avec lui tous les rythmes climatiques : alternance jour\/nuit, variations climatiques d\u00fbes \u00e0 la m\u00e9t\u00e9orologie, variations saisonni\u00e8res, vagues de chaleur et vagues de froid. En fonction de ces [&hellip;]<\/p>\n","protected":false},"author":1,"featured_media":0,"parent":0,"menu_order":0,"comment_status":"closed","ping_status":"closed","template":"page-with-sidebar","meta":{"footnotes":""},"class_list":["post-69","page","type-page","status-publish","hentry"],"yoast_head":"<!-- This site is optimized with the Yoast SEO plugin v27.2 - https:\/\/yoast.com\/product\/yoast-seo-wordpress\/ -->\n<title>Simulation thermique - Batiderm<\/title>\n<meta name=\"robots\" content=\"index, follow, max-snippet:-1, max-image-preview:large, max-video-preview:-1\" \/>\n<link rel=\"canonical\" href=\"https:\/\/batiderm.fr\/index.php\/simulation-thermique\/\" \/>\n<meta property=\"og:locale\" content=\"fr_FR\" \/>\n<meta property=\"og:type\" content=\"article\" \/>\n<meta property=\"og:title\" content=\"Simulation thermique - Batiderm\" \/>\n<meta property=\"og:description\" content=\"Simulation thermique dynamique La Simulation Thermique Dynamique (STD) est la m\u00e9thode la plus \u00ab\u00a0juste\u00a0\u00bb de calcul des bilans \u00e9nerg\u00e9tiques, puisqu&rsquo;elle prend en compte le facteur temps, et avec lui tous les rythmes climatiques : alternance jour\/nuit, variations climatiques d\u00fbes \u00e0 la m\u00e9t\u00e9orologie, variations saisonni\u00e8res, vagues de chaleur et vagues de froid. En fonction de ces [&hellip;]\" \/>\n<meta property=\"og:url\" content=\"https:\/\/batiderm.fr\/index.php\/simulation-thermique\/\" \/>\n<meta property=\"og:site_name\" content=\"Batiderm\" \/>\n<meta property=\"article:publisher\" content=\"https:\/\/www.facebook.com\/p\/Btiderm-Ingnierie-100063553359377\/\" \/>\n<meta property=\"article:modified_time\" content=\"2025-12-14T09:59:37+00:00\" \/>\n<meta name=\"twitter:card\" content=\"summary_large_image\" \/>\n<meta name=\"twitter:label1\" content=\"Dur\u00e9e de lecture estim\u00e9e\" \/>\n\t<meta name=\"twitter:data1\" content=\"3 minutes\" \/>\n<script type=\"application\/ld+json\" class=\"yoast-schema-graph\">{\"@context\":\"https:\/\/schema.org\",\"@graph\":[{\"@type\":\"WebPage\",\"@id\":\"https:\/\/batiderm.fr\/index.php\/simulation-thermique\/\",\"url\":\"https:\/\/batiderm.fr\/index.php\/simulation-thermique\/\",\"name\":\"Simulation thermique - Batiderm\",\"isPartOf\":{\"@id\":\"https:\/\/batiderm.fr\/#website\"},\"datePublished\":\"2025-09-04T07:54:54+00:00\",\"dateModified\":\"2025-12-14T09:59:37+00:00\",\"breadcrumb\":{\"@id\":\"https:\/\/batiderm.fr\/index.php\/simulation-thermique\/#breadcrumb\"},\"inLanguage\":\"fr-FR\",\"potentialAction\":[{\"@type\":\"ReadAction\",\"target\":[\"https:\/\/batiderm.fr\/index.php\/simulation-thermique\/\"]}]},{\"@type\":\"BreadcrumbList\",\"@id\":\"https:\/\/batiderm.fr\/index.php\/simulation-thermique\/#breadcrumb\",\"itemListElement\":[{\"@type\":\"ListItem\",\"position\":1,\"name\":\"Accueil\",\"item\":\"https:\/\/batiderm.fr\/\"},{\"@type\":\"ListItem\",\"position\":2,\"name\":\"Simulation thermique\"}]},{\"@type\":\"WebSite\",\"@id\":\"https:\/\/batiderm.fr\/#website\",\"url\":\"https:\/\/batiderm.fr\/\",\"name\":\"Batiderm\",\"description\":\"R\u00e9nover et r\u00e9habiliter, \u00e9conome et confortable\",\"publisher\":{\"@id\":\"https:\/\/batiderm.fr\/#organization\"},\"potentialAction\":[{\"@type\":\"SearchAction\",\"target\":{\"@type\":\"EntryPoint\",\"urlTemplate\":\"https:\/\/batiderm.fr\/?s={search_term_string}\"},\"query-input\":{\"@type\":\"PropertyValueSpecification\",\"valueRequired\":true,\"valueName\":\"search_term_string\"}}],\"inLanguage\":\"fr-FR\"},{\"@type\":\"Organization\",\"@id\":\"https:\/\/batiderm.fr\/#organization\",\"name\":\"Batiderm\",\"url\":\"https:\/\/batiderm.fr\/\",\"logo\":{\"@type\":\"ImageObject\",\"inLanguage\":\"fr-FR\",\"@id\":\"https:\/\/batiderm.fr\/#\/schema\/logo\/image\/\",\"url\":\"https:\/\/batiderm.fr\/wp-content\/uploads\/2025\/09\/Logo_BatidermIng_compact.jpg\",\"contentUrl\":\"https:\/\/batiderm.fr\/wp-content\/uploads\/2025\/09\/Logo_BatidermIng_compact.jpg\",\"width\":1354,\"height\":896,\"caption\":\"Batiderm\"},\"image\":{\"@id\":\"https:\/\/batiderm.fr\/#\/schema\/logo\/image\/\"},\"sameAs\":[\"https:\/\/www.facebook.com\/p\/Btiderm-Ingnierie-100063553359377\/\"]}]}<\/script>\n<!-- \/ Yoast SEO plugin. -->","yoast_head_json":{"title":"Simulation thermique - Batiderm","robots":{"index":"index","follow":"follow","max-snippet":"max-snippet:-1","max-image-preview":"max-image-preview:large","max-video-preview":"max-video-preview:-1"},"canonical":"https:\/\/batiderm.fr\/index.php\/simulation-thermique\/","og_locale":"fr_FR","og_type":"article","og_title":"Simulation thermique - Batiderm","og_description":"Simulation thermique dynamique La Simulation Thermique Dynamique (STD) est la m\u00e9thode la plus \u00ab\u00a0juste\u00a0\u00bb de calcul des bilans \u00e9nerg\u00e9tiques, puisqu&rsquo;elle prend en compte le facteur temps, et avec lui tous les rythmes climatiques : alternance jour\/nuit, variations climatiques d\u00fbes \u00e0 la m\u00e9t\u00e9orologie, variations saisonni\u00e8res, vagues de chaleur et vagues de froid. En fonction de ces [&hellip;]","og_url":"https:\/\/batiderm.fr\/index.php\/simulation-thermique\/","og_site_name":"Batiderm","article_publisher":"https:\/\/www.facebook.com\/p\/Btiderm-Ingnierie-100063553359377\/","article_modified_time":"2025-12-14T09:59:37+00:00","twitter_card":"summary_large_image","twitter_misc":{"Dur\u00e9e de lecture estim\u00e9e":"3 minutes"},"schema":{"@context":"https:\/\/schema.org","@graph":[{"@type":"WebPage","@id":"https:\/\/batiderm.fr\/index.php\/simulation-thermique\/","url":"https:\/\/batiderm.fr\/index.php\/simulation-thermique\/","name":"Simulation thermique - Batiderm","isPartOf":{"@id":"https:\/\/batiderm.fr\/#website"},"datePublished":"2025-09-04T07:54:54+00:00","dateModified":"2025-12-14T09:59:37+00:00","breadcrumb":{"@id":"https:\/\/batiderm.fr\/index.php\/simulation-thermique\/#breadcrumb"},"inLanguage":"fr-FR","potentialAction":[{"@type":"ReadAction","target":["https:\/\/batiderm.fr\/index.php\/simulation-thermique\/"]}]},{"@type":"BreadcrumbList","@id":"https:\/\/batiderm.fr\/index.php\/simulation-thermique\/#breadcrumb","itemListElement":[{"@type":"ListItem","position":1,"name":"Accueil","item":"https:\/\/batiderm.fr\/"},{"@type":"ListItem","position":2,"name":"Simulation thermique"}]},{"@type":"WebSite","@id":"https:\/\/batiderm.fr\/#website","url":"https:\/\/batiderm.fr\/","name":"Batiderm","description":"R\u00e9nover et r\u00e9habiliter, \u00e9conome et confortable","publisher":{"@id":"https:\/\/batiderm.fr\/#organization"},"potentialAction":[{"@type":"SearchAction","target":{"@type":"EntryPoint","urlTemplate":"https:\/\/batiderm.fr\/?s={search_term_string}"},"query-input":{"@type":"PropertyValueSpecification","valueRequired":true,"valueName":"search_term_string"}}],"inLanguage":"fr-FR"},{"@type":"Organization","@id":"https:\/\/batiderm.fr\/#organization","name":"Batiderm","url":"https:\/\/batiderm.fr\/","logo":{"@type":"ImageObject","inLanguage":"fr-FR","@id":"https:\/\/batiderm.fr\/#\/schema\/logo\/image\/","url":"https:\/\/batiderm.fr\/wp-content\/uploads\/2025\/09\/Logo_BatidermIng_compact.jpg","contentUrl":"https:\/\/batiderm.fr\/wp-content\/uploads\/2025\/09\/Logo_BatidermIng_compact.jpg","width":1354,"height":896,"caption":"Batiderm"},"image":{"@id":"https:\/\/batiderm.fr\/#\/schema\/logo\/image\/"},"sameAs":["https:\/\/www.facebook.com\/p\/Btiderm-Ingnierie-100063553359377\/"]}]}},"_links":{"self":[{"href":"https:\/\/batiderm.fr\/index.php\/wp-json\/wp\/v2\/pages\/69","targetHints":{"allow":["GET"]}}],"collection":[{"href":"https:\/\/batiderm.fr\/index.php\/wp-json\/wp\/v2\/pages"}],"about":[{"href":"https:\/\/batiderm.fr\/index.php\/wp-json\/wp\/v2\/types\/page"}],"author":[{"embeddable":true,"href":"https:\/\/batiderm.fr\/index.php\/wp-json\/wp\/v2\/users\/1"}],"replies":[{"embeddable":true,"href":"https:\/\/batiderm.fr\/index.php\/wp-json\/wp\/v2\/comments?post=69"}],"version-history":[{"count":3,"href":"https:\/\/batiderm.fr\/index.php\/wp-json\/wp\/v2\/pages\/69\/revisions"}],"predecessor-version":[{"id":610,"href":"https:\/\/batiderm.fr\/index.php\/wp-json\/wp\/v2\/pages\/69\/revisions\/610"}],"wp:attachment":[{"href":"https:\/\/batiderm.fr\/index.php\/wp-json\/wp\/v2\/media?parent=69"}],"curies":[{"name":"wp","href":"https:\/\/api.w.org\/{rel}","templated":true}]}}