{"id":72,"date":"2025-09-04T09:55:09","date_gmt":"2025-09-04T07:55:09","guid":{"rendered":"https:\/\/batiderm.fr\/?page_id=72"},"modified":"2025-12-08T11:48:43","modified_gmt":"2025-12-08T09:48:43","slug":"motivation","status":"publish","type":"page","link":"https:\/\/batiderm.fr\/index.php\/motivation\/","title":{"rendered":"Motivation"},"content":{"rendered":"\n<p class=\"has-text-align-center\"><strong>Vers un batiment passif, ecologique et confortable<\/strong><\/p>\n\n\n\n<p style=\"padding-right:var(--wp--preset--spacing--10);padding-left:var(--wp--preset--spacing--20)\">L&rsquo;\u00e9puisement des ressources fossiles terrestres, la pollution li\u00e9e \u00e0 la combustion des hydrocarbures, l&rsquo;effet de serre et le d\u00e9r\u00e8glement climatique sont autant de raisons de saisir les formidables opportunit\u00e9s\u00a0qu&rsquo;offre le b\u00e2timent aujourd&rsquo;hui :<\/p>\n\n\n\n<ul style=\"padding-right:var(--wp--preset--spacing--10);padding-left:var(--wp--preset--spacing--20)\" class=\"wp-block-list is-style-checkmark-list\">\n<li>R\u00e9duire les consommations \u00e9nerg\u00e9tiques au travers d&rsquo;une conception bioclimatique\u00a0 permettant de r\u00e9duire le besoin en chauffage, et en y ajoutant si possible le b\u00e9n\u00e9fice du b\u00e2timent \u00ab\u00a0passif\u00a0\u00bb, c&rsquo;est \u00e0 dire le choix d&rsquo;investir encore davantage dans l&rsquo;efficacit\u00e9 \u00e9nerg\u00e9tique afin de pouvoir r\u00e9duire au minimum l&rsquo;investissement dans le syst\u00e8me de chauffage. Le b\u00e9n\u00e9fice est multiple : \u00e9conomique (moins de d\u00e9penses \u00e9nerg\u00e9tiques), moins de rejets de CO2, moins de consommation de ressources \u00e9nerg\u00e9tiques non renouvelables, et davantage de confort. \u00a0R\u00e9duire l&rsquo;impact environnemental\u00a0du b\u00e2timent \u00e0 toutes les \u00e9tapes de sa vie ; du premier coup de crayon jusqu&rsquo;au recyclage de ses mat\u00e9riaux.\u00a0<\/li>\n\n\n\n<li>Contribuer \u00e0 am\u00e9liorer la qualit\u00e9 de vie\u00a0des occupants en leur apportant tout le confort n\u00e9cessaire : confort thermique, \u00e9clairement, confort hygrom\u00e9trique, qualit\u00e9 de l&rsquo;air<\/li>\n<\/ul>\n\n\n\n<p class=\"has-text-align-center\"><strong>Nos convictions<\/strong><\/p>\n\n\n\n<p style=\"padding-right:var(--wp--preset--spacing--10);padding-left:var(--wp--preset--spacing--20)\">Avant d&rsquo;envisager les syst\u00e8mes, nous pr\u00e9f\u00e9rons travailler sur l&rsquo;enveloppe du b\u00e2timent. Les syst\u00e8mes viennent toujours en second dans notre approche car c&rsquo;est au niveau du b\u00e2ti (d\u00e9perditions, gains solaires, gains internes, inertie, &#8230;) que se jouent les enjeux climatiques et de confort.\u00a0<br>\u00a0<br>Le b\u00e2timent \u00e9conome et confortable allie le pragmatisme et la simplicit\u00e9 \u00e0 la technologie l\u00e0 o\u00f9 elle est utile (et pas ailleurs).\u00a0<br>\u00a0<br>Notre monde est en mutation \u00e9conomique, environnementale et soci\u00e9tale. R\u00e9ussir la r\u00e9habilitation et la construction des b\u00e2timents c&rsquo;est ouvrir une porte vers des projets d&rsquo;avenir. Nous y parviendrons au moyen d&rsquo;une sensibilit\u00e9 profonde et partag\u00e9e aux \u00e9volutions n\u00e9cessaires de nos habitudes et aux besoins des enfants d&rsquo;aujourd&rsquo;hui et de demain.\u00a0<br>Notre devoir est de r\u00e9flechir ensemble et en permanence \u00e0 ces questions qui ont des impacts importants sur l&rsquo;urbanisme et l&rsquo;organisation des territoires, sur la conception et la fonctionnalit\u00e9 du b\u00e2ti, sur ses mat\u00e9riaux, sur son utilisation, sur son contexte environnemental,&#8230;<\/p>\n","protected":false},"excerpt":{"rendered":"<p>Vers un batiment passif, ecologique et confortable L&rsquo;\u00e9puisement des ressources fossiles terrestres, la pollution li\u00e9e \u00e0 la combustion des hydrocarbures, l&rsquo;effet de serre et le d\u00e9r\u00e8glement climatique sont autant de raisons de saisir les formidables opportunit\u00e9s\u00a0qu&rsquo;offre le b\u00e2timent aujourd&rsquo;hui : Nos convictions Avant d&rsquo;envisager les syst\u00e8mes, nous pr\u00e9f\u00e9rons travailler sur l&rsquo;enveloppe du b\u00e2timent. Les syst\u00e8mes [&hellip;]<\/p>\n","protected":false},"author":1,"featured_media":0,"parent":0,"menu_order":0,"comment_status":"closed","ping_status":"closed","template":"page-with-sidebar","meta":{"footnotes":""},"class_list":["post-72","page","type-page","status-publish","hentry"],"yoast_head":"<!-- This site is optimized with the Yoast SEO plugin v27.2 - https:\/\/yoast.com\/product\/yoast-seo-wordpress\/ -->\n<title>Motivation - Batiderm<\/title>\n<meta name=\"robots\" content=\"index, follow, max-snippet:-1, max-image-preview:large, max-video-preview:-1\" \/>\n<link rel=\"canonical\" href=\"https:\/\/batiderm.fr\/index.php\/motivation\/\" \/>\n<meta property=\"og:locale\" content=\"fr_FR\" \/>\n<meta property=\"og:type\" content=\"article\" \/>\n<meta property=\"og:title\" content=\"Motivation - Batiderm\" \/>\n<meta property=\"og:description\" content=\"Vers un batiment passif, ecologique et confortable L&rsquo;\u00e9puisement des ressources fossiles terrestres, la pollution li\u00e9e \u00e0 la combustion des hydrocarbures, l&rsquo;effet de serre et le d\u00e9r\u00e8glement climatique sont autant de raisons de saisir les formidables opportunit\u00e9s\u00a0qu&rsquo;offre le b\u00e2timent aujourd&rsquo;hui : Nos convictions Avant d&rsquo;envisager les syst\u00e8mes, nous pr\u00e9f\u00e9rons travailler sur l&rsquo;enveloppe du b\u00e2timent. Les syst\u00e8mes [&hellip;]\" \/>\n<meta property=\"og:url\" content=\"https:\/\/batiderm.fr\/index.php\/motivation\/\" \/>\n<meta property=\"og:site_name\" content=\"Batiderm\" \/>\n<meta property=\"article:publisher\" content=\"https:\/\/www.facebook.com\/p\/Btiderm-Ingnierie-100063553359377\/\" \/>\n<meta property=\"article:modified_time\" content=\"2025-12-08T09:48:43+00:00\" \/>\n<meta name=\"twitter:card\" content=\"summary_large_image\" \/>\n<meta name=\"twitter:label1\" content=\"Dur\u00e9e de lecture estim\u00e9e\" \/>\n\t<meta name=\"twitter:data1\" content=\"2 minutes\" \/>\n<script type=\"application\/ld+json\" class=\"yoast-schema-graph\">{\"@context\":\"https:\/\/schema.org\",\"@graph\":[{\"@type\":\"WebPage\",\"@id\":\"https:\/\/batiderm.fr\/index.php\/motivation\/\",\"url\":\"https:\/\/batiderm.fr\/index.php\/motivation\/\",\"name\":\"Motivation - Batiderm\",\"isPartOf\":{\"@id\":\"https:\/\/batiderm.fr\/#website\"},\"datePublished\":\"2025-09-04T07:55:09+00:00\",\"dateModified\":\"2025-12-08T09:48:43+00:00\",\"breadcrumb\":{\"@id\":\"https:\/\/batiderm.fr\/index.php\/motivation\/#breadcrumb\"},\"inLanguage\":\"fr-FR\",\"potentialAction\":[{\"@type\":\"ReadAction\",\"target\":[\"https:\/\/batiderm.fr\/index.php\/motivation\/\"]}]},{\"@type\":\"BreadcrumbList\",\"@id\":\"https:\/\/batiderm.fr\/index.php\/motivation\/#breadcrumb\",\"itemListElement\":[{\"@type\":\"ListItem\",\"position\":1,\"name\":\"Accueil\",\"item\":\"https:\/\/batiderm.fr\/\"},{\"@type\":\"ListItem\",\"position\":2,\"name\":\"Motivation\"}]},{\"@type\":\"WebSite\",\"@id\":\"https:\/\/batiderm.fr\/#website\",\"url\":\"https:\/\/batiderm.fr\/\",\"name\":\"Batiderm\",\"description\":\"R\u00e9nover et r\u00e9habiliter, \u00e9conome et confortable\",\"publisher\":{\"@id\":\"https:\/\/batiderm.fr\/#organization\"},\"potentialAction\":[{\"@type\":\"SearchAction\",\"target\":{\"@type\":\"EntryPoint\",\"urlTemplate\":\"https:\/\/batiderm.fr\/?s={search_term_string}\"},\"query-input\":{\"@type\":\"PropertyValueSpecification\",\"valueRequired\":true,\"valueName\":\"search_term_string\"}}],\"inLanguage\":\"fr-FR\"},{\"@type\":\"Organization\",\"@id\":\"https:\/\/batiderm.fr\/#organization\",\"name\":\"Batiderm\",\"url\":\"https:\/\/batiderm.fr\/\",\"logo\":{\"@type\":\"ImageObject\",\"inLanguage\":\"fr-FR\",\"@id\":\"https:\/\/batiderm.fr\/#\/schema\/logo\/image\/\",\"url\":\"https:\/\/batiderm.fr\/wp-content\/uploads\/2025\/09\/Logo_BatidermIng_compact.jpg\",\"contentUrl\":\"https:\/\/batiderm.fr\/wp-content\/uploads\/2025\/09\/Logo_BatidermIng_compact.jpg\",\"width\":1354,\"height\":896,\"caption\":\"Batiderm\"},\"image\":{\"@id\":\"https:\/\/batiderm.fr\/#\/schema\/logo\/image\/\"},\"sameAs\":[\"https:\/\/www.facebook.com\/p\/Btiderm-Ingnierie-100063553359377\/\"]}]}<\/script>\n<!-- \/ Yoast SEO plugin. -->","yoast_head_json":{"title":"Motivation - Batiderm","robots":{"index":"index","follow":"follow","max-snippet":"max-snippet:-1","max-image-preview":"max-image-preview:large","max-video-preview":"max-video-preview:-1"},"canonical":"https:\/\/batiderm.fr\/index.php\/motivation\/","og_locale":"fr_FR","og_type":"article","og_title":"Motivation - Batiderm","og_description":"Vers un batiment passif, ecologique et confortable L&rsquo;\u00e9puisement des ressources fossiles terrestres, la pollution li\u00e9e \u00e0 la combustion des hydrocarbures, l&rsquo;effet de serre et le d\u00e9r\u00e8glement climatique sont autant de raisons de saisir les formidables opportunit\u00e9s\u00a0qu&rsquo;offre le b\u00e2timent aujourd&rsquo;hui : Nos convictions Avant d&rsquo;envisager les syst\u00e8mes, nous pr\u00e9f\u00e9rons travailler sur l&rsquo;enveloppe du b\u00e2timent. Les syst\u00e8mes [&hellip;]","og_url":"https:\/\/batiderm.fr\/index.php\/motivation\/","og_site_name":"Batiderm","article_publisher":"https:\/\/www.facebook.com\/p\/Btiderm-Ingnierie-100063553359377\/","article_modified_time":"2025-12-08T09:48:43+00:00","twitter_card":"summary_large_image","twitter_misc":{"Dur\u00e9e de lecture estim\u00e9e":"2 minutes"},"schema":{"@context":"https:\/\/schema.org","@graph":[{"@type":"WebPage","@id":"https:\/\/batiderm.fr\/index.php\/motivation\/","url":"https:\/\/batiderm.fr\/index.php\/motivation\/","name":"Motivation - Batiderm","isPartOf":{"@id":"https:\/\/batiderm.fr\/#website"},"datePublished":"2025-09-04T07:55:09+00:00","dateModified":"2025-12-08T09:48:43+00:00","breadcrumb":{"@id":"https:\/\/batiderm.fr\/index.php\/motivation\/#breadcrumb"},"inLanguage":"fr-FR","potentialAction":[{"@type":"ReadAction","target":["https:\/\/batiderm.fr\/index.php\/motivation\/"]}]},{"@type":"BreadcrumbList","@id":"https:\/\/batiderm.fr\/index.php\/motivation\/#breadcrumb","itemListElement":[{"@type":"ListItem","position":1,"name":"Accueil","item":"https:\/\/batiderm.fr\/"},{"@type":"ListItem","position":2,"name":"Motivation"}]},{"@type":"WebSite","@id":"https:\/\/batiderm.fr\/#website","url":"https:\/\/batiderm.fr\/","name":"Batiderm","description":"R\u00e9nover et r\u00e9habiliter, \u00e9conome et confortable","publisher":{"@id":"https:\/\/batiderm.fr\/#organization"},"potentialAction":[{"@type":"SearchAction","target":{"@type":"EntryPoint","urlTemplate":"https:\/\/batiderm.fr\/?s={search_term_string}"},"query-input":{"@type":"PropertyValueSpecification","valueRequired":true,"valueName":"search_term_string"}}],"inLanguage":"fr-FR"},{"@type":"Organization","@id":"https:\/\/batiderm.fr\/#organization","name":"Batiderm","url":"https:\/\/batiderm.fr\/","logo":{"@type":"ImageObject","inLanguage":"fr-FR","@id":"https:\/\/batiderm.fr\/#\/schema\/logo\/image\/","url":"https:\/\/batiderm.fr\/wp-content\/uploads\/2025\/09\/Logo_BatidermIng_compact.jpg","contentUrl":"https:\/\/batiderm.fr\/wp-content\/uploads\/2025\/09\/Logo_BatidermIng_compact.jpg","width":1354,"height":896,"caption":"Batiderm"},"image":{"@id":"https:\/\/batiderm.fr\/#\/schema\/logo\/image\/"},"sameAs":["https:\/\/www.facebook.com\/p\/Btiderm-Ingnierie-100063553359377\/"]}]}},"_links":{"self":[{"href":"https:\/\/batiderm.fr\/index.php\/wp-json\/wp\/v2\/pages\/72","targetHints":{"allow":["GET"]}}],"collection":[{"href":"https:\/\/batiderm.fr\/index.php\/wp-json\/wp\/v2\/pages"}],"about":[{"href":"https:\/\/batiderm.fr\/index.php\/wp-json\/wp\/v2\/types\/page"}],"author":[{"embeddable":true,"href":"https:\/\/batiderm.fr\/index.php\/wp-json\/wp\/v2\/users\/1"}],"replies":[{"embeddable":true,"href":"https:\/\/batiderm.fr\/index.php\/wp-json\/wp\/v2\/comments?post=72"}],"version-history":[{"count":2,"href":"https:\/\/batiderm.fr\/index.php\/wp-json\/wp\/v2\/pages\/72\/revisions"}],"predecessor-version":[{"id":139,"href":"https:\/\/batiderm.fr\/index.php\/wp-json\/wp\/v2\/pages\/72\/revisions\/139"}],"wp:attachment":[{"href":"https:\/\/batiderm.fr\/index.php\/wp-json\/wp\/v2\/media?parent=72"}],"curies":[{"name":"wp","href":"https:\/\/api.w.org\/{rel}","templated":true}]}}